{"id":9731,"date":"2024-09-11T07:56:08","date_gmt":"2024-09-11T05:56:08","guid":{"rendered":"https:\/\/dms.nmb.mybluehost.me\/?page_id=9731"},"modified":"2024-09-30T19:56:18","modified_gmt":"2024-09-30T17:56:18","slug":"ceviche-de-mero-basa-con-nabo-daikon","status":"publish","type":"page","link":"https:\/\/vimafoods.com\/eng\/ceviche-de-mero-basa-con-nabo-daikon\/","title":{"rendered":"Ceviche de mero basa con nabo daikon"},"content":{"rendered":"\t\t<div data-elementor-type=\"wp-page\" data-elementor-id=\"9731\" class=\"elementor elementor-9731\" data-elementor-settings=\"{&quot;ha_cmc_init_switcher&quot;:&quot;no&quot;}\" data-elementor-post-type=\"page\">\n\t\t\t\t<div class=\"elementor-element elementor-element-4757512e e-grid e-con-full e-con e-parent\" data-id=\"4757512e\" data-element_type=\"container\" data-e-type=\"container\" data-settings=\"{&quot;_ha_eqh_enable&quot;:false}\">\n\t\t\t\t<div class=\"elementor-element elementor-element-727ecea1 elementor-widget elementor-widget-image\" data-id=\"727ecea1\" data-element_type=\"widget\" data-e-type=\"widget\" id=\"background-recipe\" data-widget_type=\"image.default\">\n\t\t\t\t<div class=\"elementor-widget-container\">\n\t\t\t\t\t\t\t\t\t\t\t\t\t\t\t<img loading=\"lazy\" decoding=\"async\" width=\"870\" height=\"470\" src=\"https:\/\/vimafoods.com\/wp-content\/uploads\/2024\/09\/cebiche-basa-navo-daikon-870x470-1.jpg\" class=\"attachment-full size-full wp-image-6151\" alt=\"\" srcset=\"https:\/\/vimafoods.com\/wp-content\/uploads\/2024\/09\/cebiche-basa-navo-daikon-870x470-1.jpg 870w, https:\/\/vimafoods.com\/wp-content\/uploads\/2024\/09\/cebiche-basa-navo-daikon-870x470-1-300x162.jpg 300w, https:\/\/vimafoods.com\/wp-content\/uploads\/2024\/09\/cebiche-basa-navo-daikon-870x470-1-768x415.jpg 768w\" sizes=\"auto, (max-width: 870px) 100vw, 870px\" \/>\t\t\t\t\t\t\t\t\t\t\t\t\t\t\t<\/div>\n\t\t\t\t<\/div>\n\t\t\t\t<div class=\"elementor-element elementor-element-6642b7fd elementor-widget elementor-widget-text-editor\" data-id=\"6642b7fd\" data-element_type=\"widget\" data-e-type=\"widget\" data-widget_type=\"text-editor.default\">\n\t\t\t\t<div class=\"elementor-widget-container\">\n\t\t\t\t\t\t\t\t\t<div class=\"container_recipe\"><ul class=\"data_recipe\"><li class=\"info\"><span class=\"block-text num-text\">15 <span class=\"min-text light-text\">MIN<\/span><\/span><span class=\"block-text\">TIEMPO DE PREPARACI\u00d3N<\/span><\/li><li class=\"info\"><span class=\"block-text num-text\">15 <span class=\"min-text light-text\">MIN<\/span><\/span><span class=\"block-text\">TIEMPO DE COCCI\u00d3N<\/span><\/li><li class=\"info\"><span class=\"block-text num-text\">\u00a030 <span class=\"min-text light-text\">M <\/span><\/span><span class=\"block-text\">TIEMPO TOTAL<\/span><\/li><li class=\"info\"><span class=\"block-text num-text\">8<\/span><span class=\"block-text\">RACIONES<\/span><\/li><\/ul><div class=\"recipe_info\"><p class=\"category\"><span style=\"font-weight: 400;\">Entrantes Fr\u00edos y Calientes<\/span><\/p><h1 class=\"name\"><b>Ceviche de mero basa con nabo daikon<\/b><\/h1><p class=\"origin\"><strong>COCINA:<\/strong> <span style=\"font-weight: 400;\">\u00a0Andina, Peruana, Suramericana<\/span><\/p><div class=\"divider\"><p class=\"title\">Ingredientes<\/p><p><span class=\"line\">\u00a0<\/span><\/p><\/div><ul class=\"list_recipe\"><li style=\"font-weight: 400;\" aria-level=\"1\"><span style=\"font-weight: 400;\">1\u00a0kg\u00a0<\/span><a href=\"https:\/\/vimafoods.com\/producto\/pangasius\"><span style=\"font-weight: 400;\">mero basa o panga Vima<\/span><\/a><\/li><li style=\"font-weight: 400;\" aria-level=\"1\"><span style=\"font-weight: 400;\">200\u00a0g\u00a0nabo daikon<\/span><\/li><li style=\"font-weight: 400;\" aria-level=\"1\"><span style=\"font-weight: 400;\">250\u00a0g\u00a0cebolla morada<\/span><\/li><li style=\"font-weight: 400;\" aria-level=\"1\"><span style=\"font-weight: 400;\">100\u00a0g\u00a0remolacha<\/span><\/li><li style=\"font-weight: 400;\" aria-level=\"1\"><span style=\"font-weight: 400;\">1\u00a0cup\u00a0jugo de lim\u00f3n<\/span><\/li><li style=\"font-weight: 400;\" aria-level=\"1\"><span style=\"font-weight: 400;\">25\u00a0g\u00a0cilantro<\/span><\/li><li style=\"font-weight: 400;\" aria-level=\"1\"><span style=\"font-weight: 400;\">2\u00a0g\u00a0sal fina<\/span><\/li><li style=\"font-weight: 400;\" aria-level=\"1\"><span style=\"font-weight: 400;\">1\u00a0g\u00a0az\u00facar moreno<\/span><\/li><li style=\"font-weight: 400;\" aria-level=\"1\"><span style=\"font-weight: 400;\">50\u00a0g\u00a0rabanitos<\/span><\/li><\/ul><div class=\"divider\"><p class=\"title\">Elaboraci\u00f3n paso a paso<\/p><p><span class=\"line\">\u00a0<\/span><\/p><\/div><ul class=\"list_recipe\"><li style=\"font-weight: 400;\" aria-level=\"1\"><span style=\"font-weight: 400;\">Descongele el pescado en el refrigerador un d\u00eda antes sobre una rejilla para eliminar el agua de descongelaci\u00f3n.<\/span><\/li><li style=\"font-weight: 400;\" aria-level=\"1\"><span style=\"font-weight: 400;\">Cortar el nabo y los r\u00e1banos en l\u00e1minas finas y sumergir ambos en agua fr\u00eda para que se hidraten.<\/span><\/li><li style=\"font-weight: 400;\" aria-level=\"1\"><span style=\"font-weight: 400;\">Triturar la remolacha con la cebolla, el cilantro y el jugo de lim\u00f3n. Colar y a\u00f1adir la sal y el az\u00facar.<\/span><\/li><li style=\"font-weight: 400;\" aria-level=\"1\"><span style=\"font-weight: 400;\">Cortar el pescado fino, y poner en fuente c\u00f3ncava decorando con los rabanitos y salseando con el jugo de remolacha para el ceviche.<\/span><\/li><li style=\"font-weight: 400;\" aria-level=\"1\"><span style=\"font-weight: 400;\">Degustar al momento de su preparaci\u00f3n y ajustar sabores.<\/span><\/li><\/ul><p class=\"origin\"><strong><b>KEYWORDS<\/b>:<\/strong> <span style=\"font-weight: 400;\">\u00a0ceviche<\/span><\/p><div class=\"share_recipe\"><ul class=\"share_recipe_links\"><li class=\"txt_share\">Comparte<\/li><li class=\"network\"><a href=\"#\"><img decoding=\"async\" src=\"\/wp-content\/uploads\/2024\/09\/icon-facebook.png\" alt=\"\" \/><\/a><\/li><li class=\"network\"><a href=\"#\"><img decoding=\"async\" src=\"\/wp-content\/uploads\/2024\/09\/icon-x.png\" alt=\"\" \/><\/a><\/li><li class=\"network\"><a href=\"#\"><img decoding=\"async\" src=\"\/wp-content\/uploads\/2024\/09\/icon-pinterest.png\" alt=\"\" \/><\/a><\/li><li class=\"network\"><a href=\"#\"><img decoding=\"async\" src=\"\/wp-content\/uploads\/2024\/09\/icon-mail.png\" alt=\"\" \/><\/a><\/li><li class=\"network\"><a href=\"#\"><img decoding=\"async\" src=\"\/wp-content\/uploads\/2024\/09\/icon-print.png\" alt=\"\" \/><\/a><\/li><\/ul><\/div><\/div><\/div>\t\t\t\t\t\t\t\t<\/div>\n\t\t\t\t<\/div>\n\t\t\t\t<\/div>\n\t\t<div class=\"elementor-element elementor-element-7210698 e-flex e-con-boxed e-con e-parent\" data-id=\"7210698\" data-element_type=\"container\" data-e-type=\"container\" data-settings=\"{&quot;_ha_eqh_enable&quot;:false}\">\n\t\t\t\t\t<div class=\"e-con-inner\">\n\t\t\t\t<div class=\"elementor-element elementor-element-cb9eae8 elementor-widget elementor-widget-spacer\" data-id=\"cb9eae8\" data-element_type=\"widget\" data-e-type=\"widget\" data-widget_type=\"spacer.default\">\n\t\t\t\t<div class=\"elementor-widget-container\">\n\t\t\t\t\t\t\t<div class=\"elementor-spacer\">\n\t\t\t<div class=\"elementor-spacer-inner\"><\/div>\n\t\t<\/div>\n\t\t\t\t\t\t<\/div>\n\t\t\t\t<\/div>\n\t\t\t\t\t<\/div>\n\t\t\t\t<\/div>\n\t\t<div class=\"elementor-element elementor-element-2ff99ce7 e-con-full e-flex e-con e-parent\" data-id=\"2ff99ce7\" data-element_type=\"container\" data-e-type=\"container\" id=\"newsletter\" data-settings=\"{&quot;background_background&quot;:&quot;classic&quot;,&quot;_ha_eqh_enable&quot;:false}\">\n\t\t<div class=\"elementor-element elementor-element-2515bf08 e-flex e-con-boxed e-con e-child\" data-id=\"2515bf08\" data-element_type=\"container\" data-e-type=\"container\" data-settings=\"{&quot;_ha_eqh_enable&quot;:false}\">\n\t\t\t\t\t<div class=\"e-con-inner\">\n\t\t\t\t<div class=\"elementor-element elementor-element-2152d3a8 elementor-widget elementor-widget-text-editor\" data-id=\"2152d3a8\" data-element_type=\"widget\" data-e-type=\"widget\" data-widget_type=\"text-editor.default\">\n\t\t\t\t<div class=\"elementor-widget-container\">\n\t\t\t\t\t\t\t\t\t<div class=\"info_newsletter\"><div class=\"title\"><img decoding=\"async\" class=\"\" src=\"https:\/\/vimafoods.com\/wp-content\/uploads\/2024\/08\/icon-newsletter.svg\" alt=\"\" \/><strong>NEWSLETTER<\/strong><\/div><div class=\"description\"><p>Suscr\u00edbete y descubre nuestros\u2028productos, recetas y m\u00e1s.<\/p><\/div><\/div>\t\t\t\t\t\t\t\t<\/div>\n\t\t\t\t<\/div>\n\t\t\t\t\t<\/div>\n\t\t\t\t<\/div>\n\t\t<div class=\"elementor-element elementor-element-4ef4d10a e-flex e-con-boxed e-con e-child\" data-id=\"4ef4d10a\" data-element_type=\"container\" data-e-type=\"container\" data-settings=\"{&quot;_ha_eqh_enable&quot;:false}\">\n\t\t\t\t\t<div class=\"e-con-inner\">\n\t\t\t\t<div class=\"elementor-element elementor-element-3bc45839 elementor-button-align-center elementor-widget elementor-widget-form\" data-id=\"3bc45839\" data-element_type=\"widget\" data-e-type=\"widget\" data-settings=\"{&quot;button_width&quot;:&quot;20&quot;,&quot;step_next_label&quot;:&quot;Next&quot;,&quot;step_previous_label&quot;:&quot;Previous&quot;,&quot;button_width_mobile&quot;:&quot;100&quot;,&quot;step_type&quot;:&quot;number_text&quot;,&quot;step_icon_shape&quot;:&quot;circle&quot;}\" data-widget_type=\"form.default\">\n\t\t\t\t<div class=\"elementor-widget-container\">\n\t\t\t\t\t\t\t<form class=\"elementor-form\" method=\"post\" name=\"News\" aria-label=\"News\">\n\t\t\t<input type=\"hidden\" name=\"post_id\" value=\"9731\"\/>\n\t\t\t<input type=\"hidden\" name=\"form_id\" value=\"3bc45839\"\/>\n\t\t\t<input type=\"hidden\" name=\"referer_title\" value=\"Ceviche de mero basa con nabo daikon\" \/>\n\n\t\t\t\t\t\t\t<input type=\"hidden\" name=\"queried_id\" value=\"9731\"\/>\n\t\t\t\n\t\t\t<div class=\"elementor-form-fields-wrapper elementor-labels-\">\n\t\t\t\t\t\t\t\t<div class=\"elementor-field-type-text elementor-field-group elementor-column elementor-field-group-name elementor-col-20\">\n\t\t\t\t\t\t\t\t\t\t\t\t<label for=\"form-field-name\" class=\"elementor-field-label elementor-screen-only\">\n\t\t\t\t\t\t\t\tNombre\t\t\t\t\t\t\t<\/label>\n\t\t\t\t\t\t\t\t\t\t\t\t\t\t<input size=\"1\" type=\"text\" name=\"form_fields[name]\" id=\"form-field-name\" class=\"elementor-field elementor-size-lg  elementor-field-textual\" placeholder=\"Nombre\">\n\t\t\t\t\t\t\t\t\t\t\t<\/div>\n\t\t\t\t\t\t\t\t<div class=\"elementor-field-type-email elementor-field-group elementor-column elementor-field-group-email elementor-col-60 elementor-field-required\">\n\t\t\t\t\t\t\t\t\t\t\t\t<label for=\"form-field-email\" class=\"elementor-field-label elementor-screen-only\">\n\t\t\t\t\t\t\t\tCorreo electr\u00f3nico\t\t\t\t\t\t\t<\/label>\n\t\t\t\t\t\t\t\t\t\t\t\t\t\t<input size=\"1\" type=\"email\" name=\"form_fields[email]\" id=\"form-field-email\" class=\"elementor-field elementor-size-lg  elementor-field-textual\" placeholder=\"Correo electr\u00f3nico\" required=\"required\">\n\t\t\t\t\t\t\t\t\t\t\t<\/div>\n\t\t\t\t\t\t\t\t<div class=\"elementor-field-group elementor-column elementor-field-type-submit elementor-col-20 e-form__buttons elementor-sm-100\">\n\t\t\t\t\t<button class=\"elementor-button elementor-size-sm\" type=\"submit\">\n\t\t\t\t\t\t<span class=\"elementor-button-content-wrapper\">\n\t\t\t\t\t\t\t\t\t\t\t\t\t\t\t\t\t\t\t\t\t\t<span class=\"elementor-button-text\">Enviar<\/span>\n\t\t\t\t\t\t\t\t\t\t\t\t\t<\/span>\n\t\t\t\t\t<\/button>\n\t\t\t\t<\/div>\n\t\t\t<\/div>\n\t\t<\/form>\n\t\t\t\t\t\t<\/div>\n\t\t\t\t<\/div>\n\t\t\t\t\t<\/div>\n\t\t\t\t<\/div>\n\t\t\t\t<\/div>\n\t\t\t\t<\/div>\n\t\t","protected":false},"excerpt":{"rendered":"<p>15 MINTIEMPO DE PREPARACI\u00d3N 15 MINTIEMPO DE COCCI\u00d3N \u00a030 M TIEMPO TOTAL 8RACIONES Entrantes Fr\u00edos y Calientes Ceviche de mero basa con nabo daikon COCINA: \u00a0Andina, Peruana, Suramericana Ingredientes \u00a0 1\u00a0kg\u00a0mero basa o panga Vima 200\u00a0g\u00a0nabo daikon 250\u00a0g\u00a0cebolla morada 100\u00a0g\u00a0remolacha 1\u00a0cup\u00a0jugo de lim\u00f3n 25\u00a0g\u00a0cilantro 2\u00a0g\u00a0sal fina 1\u00a0g\u00a0az\u00facar moreno 50\u00a0g\u00a0rabanitos Elaboraci\u00f3n paso a paso \u00a0 Descongele [&hellip;]<\/p>\n","protected":false},"author":1,"featured_media":6151,"parent":0,"menu_order":0,"comment_status":"closed","ping_status":"closed","template":"","meta":{"nf_dc_page":"","footnotes":""},"class_list":["post-9731","page","type-page","status-publish","has-post-thumbnail","hentry"],"blocksy_meta":[],"_links":{"self":[{"href":"https:\/\/vimafoods.com\/eng\/wp-json\/wp\/v2\/pages\/9731","targetHints":{"allow":["GET"]}}],"collection":[{"href":"https:\/\/vimafoods.com\/eng\/wp-json\/wp\/v2\/pages"}],"about":[{"href":"https:\/\/vimafoods.com\/eng\/wp-json\/wp\/v2\/types\/page"}],"author":[{"embeddable":true,"href":"https:\/\/vimafoods.com\/eng\/wp-json\/wp\/v2\/users\/1"}],"replies":[{"embeddable":true,"href":"https:\/\/vimafoods.com\/eng\/wp-json\/wp\/v2\/comments?post=9731"}],"version-history":[{"count":0,"href":"https:\/\/vimafoods.com\/eng\/wp-json\/wp\/v2\/pages\/9731\/revisions"}],"wp:featuredmedia":[{"embeddable":true,"href":"https:\/\/vimafoods.com\/eng\/wp-json\/wp\/v2\/media\/6151"}],"wp:attachment":[{"href":"https:\/\/vimafoods.com\/eng\/wp-json\/wp\/v2\/media?parent=9731"}],"curies":[{"name":"wp","href":"https:\/\/api.w.org\/{rel}","templated":true}]}}