{"id":9077,"date":"2024-09-08T17:49:58","date_gmt":"2024-09-08T15:49:58","guid":{"rendered":"https:\/\/dms.nmb.mybluehost.me\/?page_id=9077"},"modified":"2024-10-02T21:39:58","modified_gmt":"2024-10-02T19:39:58","slug":"edamame","status":"publish","type":"page","link":"https:\/\/vimafoods.com\/eng\/edamame\/","title":{"rendered":"Edamame"},"content":{"rendered":"\t\t<div data-elementor-type=\"wp-page\" data-elementor-id=\"9077\" class=\"elementor elementor-9077\" data-elementor-settings=\"{&quot;ha_cmc_init_switcher&quot;:&quot;no&quot;}\" data-elementor-post-type=\"page\">\n\t\t\t\t<div class=\"elementor-element elementor-element-0fc16b7 e-flex e-con-boxed e-con e-parent\" data-id=\"0fc16b7\" data-element_type=\"container\" data-e-type=\"container\" data-settings=\"{&quot;_ha_eqh_enable&quot;:false}\">\n\t\t\t\t\t<div class=\"e-con-inner\">\n\t\t<div class=\"elementor-element elementor-element-d3d9cfa e-con-full e-flex e-con e-child\" data-id=\"d3d9cfa\" data-element_type=\"container\" data-e-type=\"container\" data-settings=\"{&quot;_ha_eqh_enable&quot;:false}\">\n\t\t\t\t<div class=\"elementor-element elementor-element-5f70313 elementor-widget elementor-widget-image\" data-id=\"5f70313\" data-element_type=\"widget\" data-e-type=\"widget\" data-widget_type=\"image.default\">\n\t\t\t\t<div class=\"elementor-widget-container\">\n\t\t\t\t\t\t\t\t\t\t\t\t\t\t\t<img loading=\"lazy\" decoding=\"async\" width=\"721\" height=\"521\" src=\"https:\/\/vimafoods.com\/wp-content\/uploads\/2024\/09\/edamame_1.png\" class=\"attachment-large size-large wp-image-16318\" alt=\"\" srcset=\"https:\/\/vimafoods.com\/wp-content\/uploads\/2024\/09\/edamame_1.png 721w, https:\/\/vimafoods.com\/wp-content\/uploads\/2024\/09\/edamame_1-300x217.png 300w, https:\/\/vimafoods.com\/wp-content\/uploads\/2024\/09\/edamame_1-18x12.png 18w\" sizes=\"auto, (max-width: 721px) 100vw, 721px\" \/>\t\t\t\t\t\t\t\t\t\t\t\t\t\t\t<\/div>\n\t\t\t\t<\/div>\n\t\t\t\t<\/div>\n\t\t<div class=\"elementor-element elementor-element-344f27d e-con-full e-flex e-con e-child\" data-id=\"344f27d\" data-element_type=\"container\" data-e-type=\"container\" data-settings=\"{&quot;_ha_eqh_enable&quot;:false}\">\n\t\t\t\t<div class=\"elementor-element elementor-element-513a922 elementor-widget elementor-widget-image\" data-id=\"513a922\" data-element_type=\"widget\" data-e-type=\"widget\" data-widget_type=\"image.default\">\n\t\t\t\t<div class=\"elementor-widget-container\">\n\t\t\t\t\t\t\t\t\t\t\t\t\t\t\t<img loading=\"lazy\" decoding=\"async\" width=\"721\" height=\"521\" src=\"https:\/\/vimafoods.com\/wp-content\/uploads\/2024\/09\/edamame_2.webp\" class=\"attachment-large size-large wp-image-9080\" alt=\"\" srcset=\"https:\/\/vimafoods.com\/wp-content\/uploads\/2024\/09\/edamame_2.webp 721w, https:\/\/vimafoods.com\/wp-content\/uploads\/2024\/09\/edamame_2-300x217.webp 300w\" sizes=\"auto, (max-width: 721px) 100vw, 721px\" \/>\t\t\t\t\t\t\t\t\t\t\t\t\t\t\t<\/div>\n\t\t\t\t<\/div>\n\t\t\t\t<\/div>\n\t\t\t\t\t<\/div>\n\t\t\t\t<\/div>\n\t\t<div class=\"elementor-element elementor-element-2c8dbf0 e-flex e-con-boxed e-con e-parent\" data-id=\"2c8dbf0\" data-element_type=\"container\" data-e-type=\"container\" data-settings=\"{&quot;_ha_eqh_enable&quot;:false}\">\n\t\t\t\t\t<div class=\"e-con-inner\">\n\t\t\t\t<div class=\"elementor-element elementor-element-401f9ef elementor-widget elementor-widget-spacer\" data-id=\"401f9ef\" data-element_type=\"widget\" data-e-type=\"widget\" data-widget_type=\"spacer.default\">\n\t\t\t\t<div class=\"elementor-widget-container\">\n\t\t\t\t\t\t\t<div class=\"elementor-spacer\">\n\t\t\t<div class=\"elementor-spacer-inner\"><\/div>\n\t\t<\/div>\n\t\t\t\t\t\t<\/div>\n\t\t\t\t<\/div>\n\t\t\t\t\t<\/div>\n\t\t\t\t<\/div>\n\t\t<div class=\"elementor-element elementor-element-91732f8 e-flex e-con-boxed e-con e-parent\" data-id=\"91732f8\" data-element_type=\"container\" data-e-type=\"container\" data-settings=\"{&quot;_ha_eqh_enable&quot;:false}\">\n\t\t\t\t\t<div class=\"e-con-inner\">\n\t\t\t\t<div class=\"elementor-element elementor-element-d70bcf6 elementor-widget elementor-widget-heading\" data-id=\"d70bcf6\" data-element_type=\"widget\" data-e-type=\"widget\" data-widget_type=\"heading.default\">\n\t\t\t\t<div class=\"elementor-widget-container\">\n\t\t\t\t\t<h2 class=\"elementor-heading-title elementor-size-default\">EDAMAMES<\/h2>\t\t\t\t<\/div>\n\t\t\t\t<\/div>\n\t\t\t\t\t<\/div>\n\t\t\t\t<\/div>\n\t\t<div class=\"elementor-element elementor-element-ccd62f7 e-flex e-con-boxed e-con e-parent\" data-id=\"ccd62f7\" data-element_type=\"container\" data-e-type=\"container\" data-settings=\"{&quot;_ha_eqh_enable&quot;:false}\">\n\t\t\t\t\t<div class=\"e-con-inner\">\n\t\t<div class=\"elementor-element elementor-element-61f3dbb e-con-full e-flex e-con e-child\" data-id=\"61f3dbb\" data-element_type=\"container\" data-e-type=\"container\" data-settings=\"{&quot;_ha_eqh_enable&quot;:false}\">\n\t\t\t\t<div class=\"elementor-element elementor-element-55d4849 elementor-widget elementor-widget-text-editor\" data-id=\"55d4849\" data-element_type=\"widget\" data-e-type=\"widget\" data-widget_type=\"text-editor.default\">\n\t\t\t\t<div class=\"elementor-widget-container\">\n\t\t\t\t\t\t\t\t\t<p>\u00a0<\/p><p><span style=\"color: #006341;\"><strong>DESCRIPCI\u00d3N<\/strong><\/span><\/p><p>\u00a0<\/p><p><span style=\"font-weight: 400;\">El edamame es una planta de la familia (<\/span><i><span style=\"font-weight: 400;\">Fabaceae)<\/span><\/i><span style=\"font-weight: 400;\">. La parte comestible son las semillas tiernas de sus vainas, que se recolectan antes de su maduraci\u00f3n. Tiene sus or\u00edgenes en el este de Asia, pero est\u00e1 ganando popularidad en los pa\u00edses occidentales, donde generalmente se come como aperitivo.<\/span><\/p><p><span style=\"font-weight: 400;\">El edamame es:<\/span><\/p><ul><li style=\"font-weight: 400;\" aria-level=\"1\"><span style=\"font-weight: 400;\">Alto en contenido de prote\u00ednas, antioxidantes y fibra.<\/span><\/li><li style=\"font-weight: 400;\" aria-level=\"1\"><span style=\"font-weight: 400;\">Bajo en carbohidratos.<\/span><\/li><li style=\"font-weight: 400;\" aria-level=\"1\"><span style=\"font-weight: 400;\">Rico en varias vitaminas y minerales, especialmente vitamina K y \u00e1cido f\u00f3lico.<\/span><\/li><\/ul><p><span style=\"font-weight: 400;\">El edamame Vima se ofrece en dos presentaciones: Edamame en vainas y Edamame en grano. Ambos productos se cosechan originalmente en China.<\/span><\/p><p><span style=\"font-weight: 400;\">El\u00a0<\/span><i><span style=\"font-weight: 400;\">edamame<\/span><\/i><span style=\"font-weight: 400;\">\u00a0se puede preparar hervido, al vapor, salteados o cocinados en el microondas durante unos minutos.<\/span><\/p><p><span style=\"font-weight: 400;\">Tradicionalmente se preparan con una pizca de sal y se agregan a sopas, guisos, ensaladas o platos de fideos, o simplemente se pueden tomar como aperitivo. Es un producto muy habitual en los bares de\u00a0<\/span><i><span style=\"font-weight: 400;\">sushi<\/span><\/i><span style=\"font-weight: 400;\">\u00a0y en muchos restaurantes chinos y japoneses.<\/span><\/p>\t\t\t\t\t\t\t\t<\/div>\n\t\t\t\t<\/div>\n\t\t\t\t<\/div>\n\t\t<div class=\"elementor-element elementor-element-ca3130c e-con-full e-flex e-con e-child\" data-id=\"ca3130c\" data-element_type=\"container\" data-e-type=\"container\" data-settings=\"{&quot;_ha_eqh_enable&quot;:false}\">\n\t\t<div class=\"elementor-element elementor-element-6c7d888 e-con-full e-flex e-con e-child\" data-id=\"6c7d888\" data-element_type=\"container\" data-e-type=\"container\" data-settings=\"{&quot;background_background&quot;:&quot;classic&quot;,&quot;_ha_eqh_enable&quot;:false}\">\n\t\t\t\t<div class=\"elementor-element elementor-element-228b4b6 elementor-widget elementor-widget-heading\" data-id=\"228b4b6\" data-element_type=\"widget\" data-e-type=\"widget\" data-widget_type=\"heading.default\">\n\t\t\t\t<div class=\"elementor-widget-container\">\n\t\t\t\t\t<h2 class=\"elementor-heading-title elementor-size-default\">DISPONIBLE EN FORMATO<\/h2>\t\t\t\t<\/div>\n\t\t\t\t<\/div>\n\t\t\t\t<div class=\"elementor-element elementor-element-f613802 elementor-widget elementor-widget-spacer\" data-id=\"f613802\" data-element_type=\"widget\" data-e-type=\"widget\" data-widget_type=\"spacer.default\">\n\t\t\t\t<div class=\"elementor-widget-container\">\n\t\t\t\t\t\t\t<div class=\"elementor-spacer\">\n\t\t\t<div class=\"elementor-spacer-inner\"><\/div>\n\t\t<\/div>\n\t\t\t\t\t\t<\/div>\n\t\t\t\t<\/div>\n\t\t\t\t<div class=\"elementor-element elementor-element-edb66d8 elementor-widget elementor-widget-text-editor\" data-id=\"edb66d8\" data-element_type=\"widget\" data-e-type=\"widget\" data-widget_type=\"text-editor.default\">\n\t\t\t\t<div class=\"elementor-widget-container\">\n\t\t\t\t\t\t\t\t\t<ul><li style=\"font-weight: 400;\" aria-level=\"1\"><span style=\"font-weight: 400;\">Vainas de soja verde 500g\/17.6 OZ<\/span><\/li><li style=\"font-weight: 400;\" aria-level=\"1\"><span style=\"font-weight: 400;\">Habas 500g\/17.6 OZ<\/span><\/li><\/ul><p>\u00a0<\/p>\t\t\t\t\t\t\t\t<\/div>\n\t\t\t\t<\/div>\n\t\t\t\t<\/div>\n\t\t\t\t<\/div>\n\t\t\t\t\t<\/div>\n\t\t\t\t<\/div>\n\t\t<div class=\"elementor-element elementor-element-ba0c584 e-flex e-con-boxed e-con e-parent\" data-id=\"ba0c584\" data-element_type=\"container\" data-e-type=\"container\" data-settings=\"{&quot;_ha_eqh_enable&quot;:false}\">\n\t\t\t\t\t<div class=\"e-con-inner\">\n\t\t\t\t<div class=\"elementor-element elementor-element-ea75ed4 elementor-widget elementor-widget-spacer\" data-id=\"ea75ed4\" data-element_type=\"widget\" data-e-type=\"widget\" data-widget_type=\"spacer.default\">\n\t\t\t\t<div class=\"elementor-widget-container\">\n\t\t\t\t\t\t\t<div class=\"elementor-spacer\">\n\t\t\t<div class=\"elementor-spacer-inner\"><\/div>\n\t\t<\/div>\n\t\t\t\t\t\t<\/div>\n\t\t\t\t<\/div>\n\t\t\t\t\t<\/div>\n\t\t\t\t<\/div>\n\t\t<div class=\"elementor-element elementor-element-875b16e e-flex e-con-boxed e-con e-parent\" data-id=\"875b16e\" data-element_type=\"container\" data-e-type=\"container\" data-settings=\"{&quot;_ha_eqh_enable&quot;:false}\">\n\t\t\t\t\t<div class=\"e-con-inner\">\n\t\t\t\t<div class=\"elementor-element elementor-element-4b07c59 elementor-widget elementor-widget-spacer\" data-id=\"4b07c59\" data-element_type=\"widget\" data-e-type=\"widget\" data-widget_type=\"spacer.default\">\n\t\t\t\t<div class=\"elementor-widget-container\">\n\t\t\t\t\t\t\t<div class=\"elementor-spacer\">\n\t\t\t<div class=\"elementor-spacer-inner\"><\/div>\n\t\t<\/div>\n\t\t\t\t\t\t<\/div>\n\t\t\t\t<\/div>\n\t\t\t\t\t<\/div>\n\t\t\t\t<\/div>\n\t\t<div class=\"elementor-element elementor-element-ddfe227 e-flex e-con-boxed e-con e-parent\" data-id=\"ddfe227\" data-element_type=\"container\" data-e-type=\"container\" data-settings=\"{&quot;_ha_eqh_enable&quot;:false}\">\n\t\t\t\t\t<div class=\"e-con-inner\">\n\t\t\t\t<div class=\"elementor-element elementor-element-706daf9 elementor-widget elementor-widget-spacer\" data-id=\"706daf9\" data-element_type=\"widget\" data-e-type=\"widget\" data-widget_type=\"spacer.default\">\n\t\t\t\t<div class=\"elementor-widget-container\">\n\t\t\t\t\t\t\t<div class=\"elementor-spacer\">\n\t\t\t<div class=\"elementor-spacer-inner\"><\/div>\n\t\t<\/div>\n\t\t\t\t\t\t<\/div>\n\t\t\t\t<\/div>\n\t\t\t\t\t<\/div>\n\t\t\t\t<\/div>\n\t\t<div class=\"elementor-element elementor-element-448efb1e e-con-full e-flex e-con e-parent\" data-id=\"448efb1e\" data-element_type=\"container\" data-e-type=\"container\" id=\"newsletter\" data-settings=\"{&quot;background_background&quot;:&quot;classic&quot;,&quot;_ha_eqh_enable&quot;:false}\">\n\t\t<div class=\"elementor-element elementor-element-5b3e974 e-flex e-con-boxed e-con e-child\" data-id=\"5b3e974\" data-element_type=\"container\" data-e-type=\"container\" data-settings=\"{&quot;_ha_eqh_enable&quot;:false}\">\n\t\t\t\t\t<div class=\"e-con-inner\">\n\t\t\t\t<div class=\"elementor-element elementor-element-13891e8e elementor-widget elementor-widget-text-editor\" data-id=\"13891e8e\" data-element_type=\"widget\" data-e-type=\"widget\" data-widget_type=\"text-editor.default\">\n\t\t\t\t<div class=\"elementor-widget-container\">\n\t\t\t\t\t\t\t\t\t<div class=\"info_newsletter\">\n    <div class=\"title\"><img decoding=\"async\" class=\"\" src=\"https:\/\/vimafoods.com\/wp-content\/uploads\/2024\/08\/icon-newsletter.svg\" alt=\"\" \/>NEWSLETTER<\/div>\n    <div class=\"description\">\n        <p>Suscr\u00edbete y descubre nuestros\u2028productos, recetas y m\u00e1s.<\/p>\n    <\/div>\n<\/div>\t\t\t\t\t\t\t\t<\/div>\n\t\t\t\t<\/div>\n\t\t\t\t\t<\/div>\n\t\t\t\t<\/div>\n\t\t<div class=\"elementor-element elementor-element-1b56f8a1 e-flex e-con-boxed e-con e-child\" data-id=\"1b56f8a1\" data-element_type=\"container\" data-e-type=\"container\" data-settings=\"{&quot;_ha_eqh_enable&quot;:false}\">\n\t\t\t\t\t<div class=\"e-con-inner\">\n\t\t\t\t<div class=\"elementor-element elementor-element-64992bc5 elementor-button-align-center elementor-widget elementor-widget-form\" data-id=\"64992bc5\" data-element_type=\"widget\" data-e-type=\"widget\" data-settings=\"{&quot;button_width&quot;:&quot;20&quot;,&quot;step_next_label&quot;:&quot;Next&quot;,&quot;step_previous_label&quot;:&quot;Previous&quot;,&quot;button_width_mobile&quot;:&quot;100&quot;,&quot;step_type&quot;:&quot;number_text&quot;,&quot;step_icon_shape&quot;:&quot;circle&quot;}\" data-widget_type=\"form.default\">\n\t\t\t\t<div class=\"elementor-widget-container\">\n\t\t\t\t\t\t\t<form class=\"elementor-form\" method=\"post\" name=\"News\" aria-label=\"News\">\n\t\t\t<input type=\"hidden\" name=\"post_id\" value=\"9077\"\/>\n\t\t\t<input type=\"hidden\" name=\"form_id\" value=\"64992bc5\"\/>\n\t\t\t<input type=\"hidden\" name=\"referer_title\" value=\"Edamame\" \/>\n\n\t\t\t\t\t\t\t<input type=\"hidden\" name=\"queried_id\" value=\"9077\"\/>\n\t\t\t\n\t\t\t<div class=\"elementor-form-fields-wrapper elementor-labels-\">\n\t\t\t\t\t\t\t\t<div class=\"elementor-field-type-text elementor-field-group elementor-column elementor-field-group-name elementor-col-20\">\n\t\t\t\t\t\t\t\t\t\t\t\t<label for=\"form-field-name\" class=\"elementor-field-label elementor-screen-only\">\n\t\t\t\t\t\t\t\tNombre\t\t\t\t\t\t\t<\/label>\n\t\t\t\t\t\t\t\t\t\t\t\t\t\t<input size=\"1\" type=\"text\" name=\"form_fields[name]\" id=\"form-field-name\" class=\"elementor-field elementor-size-lg  elementor-field-textual\" placeholder=\"Nombre\">\n\t\t\t\t\t\t\t\t\t\t\t<\/div>\n\t\t\t\t\t\t\t\t<div class=\"elementor-field-type-email elementor-field-group elementor-column elementor-field-group-email elementor-col-60 elementor-field-required\">\n\t\t\t\t\t\t\t\t\t\t\t\t<label for=\"form-field-email\" class=\"elementor-field-label elementor-screen-only\">\n\t\t\t\t\t\t\t\tEmail\t\t\t\t\t\t\t<\/label>\n\t\t\t\t\t\t\t\t\t\t\t\t\t\t<input size=\"1\" type=\"email\" name=\"form_fields[email]\" id=\"form-field-email\" class=\"elementor-field elementor-size-lg  elementor-field-textual\" placeholder=\"Email\" required=\"required\">\n\t\t\t\t\t\t\t\t\t\t\t<\/div>\n\t\t\t\t\t\t\t\t<div class=\"elementor-field-group elementor-column elementor-field-type-submit elementor-col-20 e-form__buttons elementor-sm-100\">\n\t\t\t\t\t<button class=\"elementor-button elementor-size-sm\" type=\"submit\">\n\t\t\t\t\t\t<span class=\"elementor-button-content-wrapper\">\n\t\t\t\t\t\t\t\t\t\t\t\t\t\t\t\t\t\t\t\t\t\t<span class=\"elementor-button-text\">Enviar<\/span>\n\t\t\t\t\t\t\t\t\t\t\t\t\t<\/span>\n\t\t\t\t\t<\/button>\n\t\t\t\t<\/div>\n\t\t\t<\/div>\n\t\t<\/form>\n\t\t\t\t\t\t<\/div>\n\t\t\t\t<\/div>\n\t\t\t\t\t<\/div>\n\t\t\t\t<\/div>\n\t\t\t\t<\/div>\n\t\t\t\t<\/div>\n\t\t","protected":false},"excerpt":{"rendered":"<p>Frozen<\/p>","protected":false},"author":1,"featured_media":9080,"parent":0,"menu_order":0,"comment_status":"closed","ping_status":"closed","template":"","meta":{"nf_dc_page":"","footnotes":""},"class_list":["post-9077","page","type-page","status-publish","has-post-thumbnail","hentry"],"blocksy_meta":[],"_links":{"self":[{"href":"https:\/\/vimafoods.com\/eng\/wp-json\/wp\/v2\/pages\/9077","targetHints":{"allow":["GET"]}}],"collection":[{"href":"https:\/\/vimafoods.com\/eng\/wp-json\/wp\/v2\/pages"}],"about":[{"href":"https:\/\/vimafoods.com\/eng\/wp-json\/wp\/v2\/types\/page"}],"author":[{"embeddable":true,"href":"https:\/\/vimafoods.com\/eng\/wp-json\/wp\/v2\/users\/1"}],"replies":[{"embeddable":true,"href":"https:\/\/vimafoods.com\/eng\/wp-json\/wp\/v2\/comments?post=9077"}],"version-history":[{"count":0,"href":"https:\/\/vimafoods.com\/eng\/wp-json\/wp\/v2\/pages\/9077\/revisions"}],"wp:featuredmedia":[{"embeddable":true,"href":"https:\/\/vimafoods.com\/eng\/wp-json\/wp\/v2\/media\/9080"}],"wp:attachment":[{"href":"https:\/\/vimafoods.com\/eng\/wp-json\/wp\/v2\/media?parent=9077"}],"curies":[{"name":"wp","href":"https:\/\/api.w.org\/{rel}","templated":true}]}}