{"id":8917,"date":"2024-09-08T07:57:20","date_gmt":"2024-09-08T05:57:20","guid":{"rendered":"https:\/\/dms.nmb.mybluehost.me\/?page_id=8917"},"modified":"2024-10-02T21:23:27","modified_gmt":"2024-10-02T19:23:27","slug":"papas-fritas","status":"publish","type":"page","link":"https:\/\/vimafoods.com\/eng\/papas-fritas\/","title":{"rendered":"French fries"},"content":{"rendered":"\t\t<div data-elementor-type=\"wp-page\" data-elementor-id=\"8917\" class=\"elementor elementor-8917\" data-elementor-settings=\"{&quot;ha_cmc_init_switcher&quot;:&quot;no&quot;}\" data-elementor-post-type=\"page\">\n\t\t\t\t<div class=\"elementor-element elementor-element-0fc16b7 e-flex e-con-boxed e-con e-parent\" data-id=\"0fc16b7\" data-element_type=\"container\" data-e-type=\"container\" data-settings=\"{&quot;_ha_eqh_enable&quot;:false}\">\n\t\t\t\t\t<div class=\"e-con-inner\">\n\t\t<div class=\"elementor-element elementor-element-d3d9cfa e-con-full e-flex e-con e-child\" data-id=\"d3d9cfa\" data-element_type=\"container\" data-e-type=\"container\" data-settings=\"{&quot;_ha_eqh_enable&quot;:false}\">\n\t\t\t\t<div class=\"elementor-element elementor-element-5f70313 elementor-widget elementor-widget-image\" data-id=\"5f70313\" data-element_type=\"widget\" data-e-type=\"widget\" data-widget_type=\"image.default\">\n\t\t\t\t<div class=\"elementor-widget-container\">\n\t\t\t\t\t\t\t\t\t\t\t\t\t\t\t<img loading=\"lazy\" decoding=\"async\" width=\"721\" height=\"521\" src=\"https:\/\/vimafoods.com\/wp-content\/uploads\/2024\/09\/patatas_fritas_1.webp\" class=\"attachment-large size-large wp-image-8920\" alt=\"\" srcset=\"https:\/\/vimafoods.com\/wp-content\/uploads\/2024\/09\/patatas_fritas_1.webp 721w, https:\/\/vimafoods.com\/wp-content\/uploads\/2024\/09\/patatas_fritas_1-300x217.webp 300w\" sizes=\"auto, (max-width: 721px) 100vw, 721px\" \/>\t\t\t\t\t\t\t\t\t\t\t\t\t\t\t<\/div>\n\t\t\t\t<\/div>\n\t\t\t\t<\/div>\n\t\t<div class=\"elementor-element elementor-element-f6f81c2 e-con-full e-flex e-con e-child\" data-id=\"f6f81c2\" data-element_type=\"container\" data-e-type=\"container\" data-settings=\"{&quot;_ha_eqh_enable&quot;:false}\">\n\t\t\t\t<div class=\"elementor-element elementor-element-5465da9 elementor-widget elementor-widget-image\" data-id=\"5465da9\" data-element_type=\"widget\" data-e-type=\"widget\" data-widget_type=\"image.default\">\n\t\t\t\t<div class=\"elementor-widget-container\">\n\t\t\t\t\t\t\t\t\t\t\t\t\t\t\t<img loading=\"lazy\" decoding=\"async\" width=\"721\" height=\"521\" src=\"https:\/\/vimafoods.com\/wp-content\/uploads\/2024\/09\/patatas_fritas_2.webp\" class=\"attachment-large size-large wp-image-8919\" alt=\"\" srcset=\"https:\/\/vimafoods.com\/wp-content\/uploads\/2024\/09\/patatas_fritas_2.webp 721w, https:\/\/vimafoods.com\/wp-content\/uploads\/2024\/09\/patatas_fritas_2-300x217.webp 300w\" sizes=\"auto, (max-width: 721px) 100vw, 721px\" \/>\t\t\t\t\t\t\t\t\t\t\t\t\t\t\t<\/div>\n\t\t\t\t<\/div>\n\t\t\t\t<\/div>\n\t\t\t\t\t<\/div>\n\t\t\t\t<\/div>\n\t\t<div class=\"elementor-element elementor-element-2c8dbf0 e-flex e-con-boxed e-con e-parent\" data-id=\"2c8dbf0\" data-element_type=\"container\" data-e-type=\"container\" data-settings=\"{&quot;_ha_eqh_enable&quot;:false}\">\n\t\t\t\t\t<div class=\"e-con-inner\">\n\t\t\t\t<div class=\"elementor-element elementor-element-401f9ef elementor-widget elementor-widget-spacer\" data-id=\"401f9ef\" data-element_type=\"widget\" data-e-type=\"widget\" data-widget_type=\"spacer.default\">\n\t\t\t\t<div class=\"elementor-widget-container\">\n\t\t\t\t\t\t\t<div class=\"elementor-spacer\">\n\t\t\t<div class=\"elementor-spacer-inner\"><\/div>\n\t\t<\/div>\n\t\t\t\t\t\t<\/div>\n\t\t\t\t<\/div>\n\t\t\t\t\t<\/div>\n\t\t\t\t<\/div>\n\t\t<div class=\"elementor-element elementor-element-91732f8 e-flex e-con-boxed e-con e-parent\" data-id=\"91732f8\" data-element_type=\"container\" data-e-type=\"container\" data-settings=\"{&quot;_ha_eqh_enable&quot;:false}\">\n\t\t\t\t\t<div class=\"e-con-inner\">\n\t\t\t\t<div class=\"elementor-element elementor-element-d70bcf6 elementor-widget elementor-widget-heading\" data-id=\"d70bcf6\" data-element_type=\"widget\" data-e-type=\"widget\" data-widget_type=\"heading.default\">\n\t\t\t\t<div class=\"elementor-widget-container\">\n\t\t\t\t\t<h2 class=\"elementor-heading-title elementor-size-default\">PAPAS FRITAS<\/h2>\t\t\t\t<\/div>\n\t\t\t\t<\/div>\n\t\t\t\t\t<\/div>\n\t\t\t\t<\/div>\n\t\t<div class=\"elementor-element elementor-element-ccd62f7 e-flex e-con-boxed e-con e-parent\" data-id=\"ccd62f7\" data-element_type=\"container\" data-e-type=\"container\" data-settings=\"{&quot;_ha_eqh_enable&quot;:false}\">\n\t\t\t\t\t<div class=\"e-con-inner\">\n\t\t<div class=\"elementor-element elementor-element-61f3dbb e-con-full e-flex e-con e-child\" data-id=\"61f3dbb\" data-element_type=\"container\" data-e-type=\"container\" data-settings=\"{&quot;_ha_eqh_enable&quot;:false}\">\n\t\t\t\t<div class=\"elementor-element elementor-element-55d4849 elementor-widget elementor-widget-text-editor\" data-id=\"55d4849\" data-element_type=\"widget\" data-e-type=\"widget\" data-widget_type=\"text-editor.default\">\n\t\t\t\t<div class=\"elementor-widget-container\">\n\t\t\t\t\t\t\t\t\t<p>\u00a0<\/p><p><span style=\"color: #006341;\"><strong>DESCRIPCI\u00d3N<\/strong><\/span><\/p><p>\u00a0<\/p><p>La patata es el tub\u00e9rculo donde la planta\u00a0<i>Solanum Tuberosum<\/i>\u00a0almecena todos sus nutrientes. Originaria de Am\u00e9rica lleg\u00f3 a Europa en el siglo XVI y posteriormente se ha extendido a todo el mundo. Los mayores productores en la actualidad est\u00e1n en Asia.<\/p><p>Es un alimento b\u00e1sico y muy nutritivo por ser fuente de hidratos de carbono, que liberan la energ\u00eda de forma lenta y reducen la sensaci\u00f3n de hambre, por lo que pueden servir para regular su peso.<\/p><p>Adem\u00e1s contribuye a una dieta variada, aportando:<\/p><ul><li aria-level=\"1\">Fibra mejora el funcionamiento intestinal.<\/li><\/ul><ul><li aria-level=\"1\">Vitaminas del grupo B necesarias para el correcto funcionamiento de la circulaci\u00f3n, el metabolismo, etc.<\/li><\/ul><ul><li aria-level=\"1\">Vitamina C para el sistema inmunitario.<\/li><\/ul><ul><li aria-level=\"1\">Minerales como potasio, f\u00f3sforo, magnesio y hierro.<\/li><\/ul><ul><li aria-level=\"1\">Antioxidantes que protegen de los radicales libres.<\/li><\/ul><p>\u2013 Libre de gluten \u2013<\/p><p>La patata frita Vima se presenta cortada en bastones de grosor 10x10mm (3\/8 de pulgada). Est\u00e1 elaborada con las deliciosas variedades Bintje y Fontane, provenientes del centro de Europa (principalmente B\u00e9lgica).<\/p><p>La patata Vima est\u00e1 prefrita, por eso se fr\u00ede directamente congelada y en menos de 5 minutos est\u00e1 lista. Como tiene un porcentaje de humedad muy bajo absorbe poco aceite y se mantiene crujiente m\u00e1s tiempo.<\/p><p>No contiene sal y as\u00ed se puede preparar seg\u00fan las necesidades del cliente.<\/p>\t\t\t\t\t\t\t\t<\/div>\n\t\t\t\t<\/div>\n\t\t\t\t<\/div>\n\t\t<div class=\"elementor-element elementor-element-ca3130c e-con-full e-flex e-con e-child\" data-id=\"ca3130c\" data-element_type=\"container\" data-e-type=\"container\" data-settings=\"{&quot;_ha_eqh_enable&quot;:false}\">\n\t\t<div class=\"elementor-element elementor-element-6c7d888 e-con-full e-flex e-con e-child\" data-id=\"6c7d888\" data-element_type=\"container\" data-e-type=\"container\" data-settings=\"{&quot;background_background&quot;:&quot;classic&quot;,&quot;_ha_eqh_enable&quot;:false}\">\n\t\t\t\t<div class=\"elementor-element elementor-element-228b4b6 elementor-widget elementor-widget-heading\" data-id=\"228b4b6\" data-element_type=\"widget\" data-e-type=\"widget\" data-widget_type=\"heading.default\">\n\t\t\t\t<div class=\"elementor-widget-container\">\n\t\t\t\t\t<h2 class=\"elementor-heading-title elementor-size-default\">DISPONIBLE EN FORMATO<\/h2>\t\t\t\t<\/div>\n\t\t\t\t<\/div>\n\t\t\t\t<div class=\"elementor-element elementor-element-beb3a7c elementor-widget elementor-widget-spacer\" data-id=\"beb3a7c\" data-element_type=\"widget\" data-e-type=\"widget\" data-widget_type=\"spacer.default\">\n\t\t\t\t<div class=\"elementor-widget-container\">\n\t\t\t\t\t\t\t<div class=\"elementor-spacer\">\n\t\t\t<div class=\"elementor-spacer-inner\"><\/div>\n\t\t<\/div>\n\t\t\t\t\t\t<\/div>\n\t\t\t\t<\/div>\n\t\t\t\t<div class=\"elementor-element elementor-element-edb66d8 elementor-widget elementor-widget-text-editor\" data-id=\"edb66d8\" data-element_type=\"widget\" data-e-type=\"widget\" data-widget_type=\"text-editor.default\">\n\t\t\t\t<div class=\"elementor-widget-container\">\n\t\t\t\t\t\t\t\t\t<ul><li aria-level=\"1\">1kg\/35.2 OZ<\/li><\/ul><ul><li aria-level=\"1\">2.5kg\/88 OZ<\/li><\/ul><p>\u00a0<\/p>\t\t\t\t\t\t\t\t<\/div>\n\t\t\t\t<\/div>\n\t\t\t\t<\/div>\n\t\t\t\t<\/div>\n\t\t\t\t\t<\/div>\n\t\t\t\t<\/div>\n\t\t<div class=\"elementor-element elementor-element-ba0c584 e-flex e-con-boxed e-con e-parent\" data-id=\"ba0c584\" data-element_type=\"container\" data-e-type=\"container\" data-settings=\"{&quot;_ha_eqh_enable&quot;:false}\">\n\t\t\t\t\t<div class=\"e-con-inner\">\n\t\t\t\t<div class=\"elementor-element elementor-element-ea75ed4 elementor-widget elementor-widget-spacer\" data-id=\"ea75ed4\" data-element_type=\"widget\" data-e-type=\"widget\" data-widget_type=\"spacer.default\">\n\t\t\t\t<div class=\"elementor-widget-container\">\n\t\t\t\t\t\t\t<div class=\"elementor-spacer\">\n\t\t\t<div class=\"elementor-spacer-inner\"><\/div>\n\t\t<\/div>\n\t\t\t\t\t\t<\/div>\n\t\t\t\t<\/div>\n\t\t\t\t\t<\/div>\n\t\t\t\t<\/div>\n\t\t<div class=\"elementor-element elementor-element-875b16e e-flex e-con-boxed e-con e-parent\" data-id=\"875b16e\" data-element_type=\"container\" data-e-type=\"container\" data-settings=\"{&quot;_ha_eqh_enable&quot;:false}\">\n\t\t\t\t\t<div class=\"e-con-inner\">\n\t\t\t\t<div class=\"elementor-element elementor-element-4b07c59 elementor-widget elementor-widget-spacer\" data-id=\"4b07c59\" data-element_type=\"widget\" data-e-type=\"widget\" data-widget_type=\"spacer.default\">\n\t\t\t\t<div class=\"elementor-widget-container\">\n\t\t\t\t\t\t\t<div class=\"elementor-spacer\">\n\t\t\t<div class=\"elementor-spacer-inner\"><\/div>\n\t\t<\/div>\n\t\t\t\t\t\t<\/div>\n\t\t\t\t<\/div>\n\t\t\t\t\t<\/div>\n\t\t\t\t<\/div>\n\t\t<div class=\"elementor-element elementor-element-c633516 e-con-full e-flex e-con e-parent\" data-id=\"c633516\" data-element_type=\"container\" data-e-type=\"container\" id=\"newsletter\" data-settings=\"{&quot;background_background&quot;:&quot;classic&quot;,&quot;_ha_eqh_enable&quot;:false}\">\n\t\t<div class=\"elementor-element elementor-element-135d5e3c e-flex e-con-boxed e-con e-child\" data-id=\"135d5e3c\" data-element_type=\"container\" data-e-type=\"container\" data-settings=\"{&quot;_ha_eqh_enable&quot;:false}\">\n\t\t\t\t\t<div class=\"e-con-inner\">\n\t\t\t\t<div class=\"elementor-element elementor-element-2c1ee955 elementor-widget elementor-widget-text-editor\" data-id=\"2c1ee955\" data-element_type=\"widget\" data-e-type=\"widget\" data-widget_type=\"text-editor.default\">\n\t\t\t\t<div class=\"elementor-widget-container\">\n\t\t\t\t\t\t\t\t\t<div class=\"info_newsletter\"><div class=\"title\"><img decoding=\"async\" class=\"\" src=\"https:\/\/vimafoods.com\/wp-content\/uploads\/2024\/08\/icon-newsletter.svg\" alt=\"\" \/><strong>NEWSLETTER<\/strong><\/div><div class=\"description\"><p>Suscr\u00edbete y descubre nuestros\u2028productos, recetas y m\u00e1s.<\/p><\/div><\/div>\t\t\t\t\t\t\t\t<\/div>\n\t\t\t\t<\/div>\n\t\t\t\t\t<\/div>\n\t\t\t\t<\/div>\n\t\t<div class=\"elementor-element elementor-element-771b90f5 e-flex e-con-boxed e-con e-child\" data-id=\"771b90f5\" data-element_type=\"container\" data-e-type=\"container\" data-settings=\"{&quot;_ha_eqh_enable&quot;:false}\">\n\t\t\t\t\t<div class=\"e-con-inner\">\n\t\t\t\t<div class=\"elementor-element elementor-element-239e3ec elementor-button-align-center elementor-widget elementor-widget-form\" data-id=\"239e3ec\" data-element_type=\"widget\" data-e-type=\"widget\" data-settings=\"{&quot;button_width&quot;:&quot;20&quot;,&quot;step_next_label&quot;:&quot;Next&quot;,&quot;step_previous_label&quot;:&quot;Previous&quot;,&quot;button_width_mobile&quot;:&quot;100&quot;,&quot;step_type&quot;:&quot;number_text&quot;,&quot;step_icon_shape&quot;:&quot;circle&quot;}\" data-widget_type=\"form.default\">\n\t\t\t\t<div class=\"elementor-widget-container\">\n\t\t\t\t\t\t\t<form class=\"elementor-form\" method=\"post\" name=\"News\" aria-label=\"News\">\n\t\t\t<input type=\"hidden\" name=\"post_id\" value=\"8917\"\/>\n\t\t\t<input type=\"hidden\" name=\"form_id\" value=\"239e3ec\"\/>\n\t\t\t<input type=\"hidden\" name=\"referer_title\" value=\"Papas Fritas\" \/>\n\n\t\t\t\t\t\t\t<input type=\"hidden\" name=\"queried_id\" value=\"8917\"\/>\n\t\t\t\n\t\t\t<div class=\"elementor-form-fields-wrapper elementor-labels-\">\n\t\t\t\t\t\t\t\t<div class=\"elementor-field-type-text elementor-field-group elementor-column elementor-field-group-name elementor-col-20\">\n\t\t\t\t\t\t\t\t\t\t\t\t<label for=\"form-field-name\" class=\"elementor-field-label elementor-screen-only\">\n\t\t\t\t\t\t\t\tNombre\t\t\t\t\t\t\t<\/label>\n\t\t\t\t\t\t\t\t\t\t\t\t\t\t<input size=\"1\" type=\"text\" name=\"form_fields[name]\" id=\"form-field-name\" class=\"elementor-field elementor-size-lg  elementor-field-textual\" placeholder=\"Nombre\">\n\t\t\t\t\t\t\t\t\t\t\t<\/div>\n\t\t\t\t\t\t\t\t<div class=\"elementor-field-type-email elementor-field-group elementor-column elementor-field-group-email elementor-col-60 elementor-field-required\">\n\t\t\t\t\t\t\t\t\t\t\t\t<label for=\"form-field-email\" class=\"elementor-field-label elementor-screen-only\">\n\t\t\t\t\t\t\t\tCorreo electr\u00f3nico\t\t\t\t\t\t\t<\/label>\n\t\t\t\t\t\t\t\t\t\t\t\t\t\t<input size=\"1\" type=\"email\" name=\"form_fields[email]\" id=\"form-field-email\" class=\"elementor-field elementor-size-lg  elementor-field-textual\" placeholder=\"Correo electr\u00f3nico\" required=\"required\">\n\t\t\t\t\t\t\t\t\t\t\t<\/div>\n\t\t\t\t\t\t\t\t<div class=\"elementor-field-group elementor-column elementor-field-type-submit elementor-col-20 e-form__buttons elementor-sm-100\">\n\t\t\t\t\t<button class=\"elementor-button elementor-size-sm\" type=\"submit\">\n\t\t\t\t\t\t<span class=\"elementor-button-content-wrapper\">\n\t\t\t\t\t\t\t\t\t\t\t\t\t\t\t\t\t\t\t\t\t\t<span class=\"elementor-button-text\">Enviar<\/span>\n\t\t\t\t\t\t\t\t\t\t\t\t\t<\/span>\n\t\t\t\t\t<\/button>\n\t\t\t\t<\/div>\n\t\t\t<\/div>\n\t\t<\/form>\n\t\t\t\t\t\t<\/div>\n\t\t\t\t<\/div>\n\t\t\t\t\t<\/div>\n\t\t\t\t<\/div>\n\t\t\t\t<\/div>\n\t\t\t\t<\/div>\n\t\t","protected":false},"excerpt":{"rendered":"<p>Frozen<\/p>","protected":false},"author":1,"featured_media":8919,"parent":0,"menu_order":0,"comment_status":"closed","ping_status":"closed","template":"","meta":{"nf_dc_page":"","footnotes":""},"class_list":["post-8917","page","type-page","status-publish","has-post-thumbnail","hentry"],"blocksy_meta":[],"_links":{"self":[{"href":"https:\/\/vimafoods.com\/eng\/wp-json\/wp\/v2\/pages\/8917","targetHints":{"allow":["GET"]}}],"collection":[{"href":"https:\/\/vimafoods.com\/eng\/wp-json\/wp\/v2\/pages"}],"about":[{"href":"https:\/\/vimafoods.com\/eng\/wp-json\/wp\/v2\/types\/page"}],"author":[{"embeddable":true,"href":"https:\/\/vimafoods.com\/eng\/wp-json\/wp\/v2\/users\/1"}],"replies":[{"embeddable":true,"href":"https:\/\/vimafoods.com\/eng\/wp-json\/wp\/v2\/comments?post=8917"}],"version-history":[{"count":0,"href":"https:\/\/vimafoods.com\/eng\/wp-json\/wp\/v2\/pages\/8917\/revisions"}],"wp:featuredmedia":[{"embeddable":true,"href":"https:\/\/vimafoods.com\/eng\/wp-json\/wp\/v2\/media\/8919"}],"wp:attachment":[{"href":"https:\/\/vimafoods.com\/eng\/wp-json\/wp\/v2\/media?parent=8917"}],"curies":[{"name":"wp","href":"https:\/\/api.w.org\/{rel}","templated":true}]}}