{"id":8668,"date":"2024-09-08T05:19:59","date_gmt":"2024-09-08T03:19:59","guid":{"rendered":"https:\/\/dms.nmb.mybluehost.me\/?page_id=8668"},"modified":"2024-10-03T23:30:16","modified_gmt":"2024-10-03T21:30:16","slug":"salmon","status":"publish","type":"page","link":"https:\/\/vimafoods.com\/eng\/salmon\/","title":{"rendered":"Salmon"},"content":{"rendered":"\t\t<div data-elementor-type=\"wp-page\" data-elementor-id=\"8668\" class=\"elementor elementor-8668\" data-elementor-settings=\"{&quot;ha_cmc_init_switcher&quot;:&quot;no&quot;}\" data-elementor-post-type=\"page\">\n\t\t\t\t<div class=\"elementor-element elementor-element-0fc16b7 e-flex e-con-boxed e-con e-parent\" data-id=\"0fc16b7\" data-element_type=\"container\" data-e-type=\"container\" data-settings=\"{&quot;_ha_eqh_enable&quot;:false}\">\n\t\t\t\t\t<div class=\"e-con-inner\">\n\t\t<div class=\"elementor-element elementor-element-d3d9cfa e-con-full e-flex e-con e-child\" data-id=\"d3d9cfa\" data-element_type=\"container\" data-e-type=\"container\" data-settings=\"{&quot;_ha_eqh_enable&quot;:false}\">\n\t\t\t\t<div class=\"elementor-element elementor-element-5f70313 elementor-widget elementor-widget-image\" data-id=\"5f70313\" data-element_type=\"widget\" data-e-type=\"widget\" data-widget_type=\"image.default\">\n\t\t\t\t<div class=\"elementor-widget-container\">\n\t\t\t\t\t\t\t\t\t\t\t\t\t\t\t<img loading=\"lazy\" decoding=\"async\" width=\"721\" height=\"521\" src=\"https:\/\/vimafoods.com\/wp-content\/uploads\/2024\/09\/Salmon_Crudo.jpg\" class=\"attachment-large size-large wp-image-17034\" alt=\"\" srcset=\"https:\/\/vimafoods.com\/wp-content\/uploads\/2024\/09\/Salmon_Crudo.jpg 721w, https:\/\/vimafoods.com\/wp-content\/uploads\/2024\/09\/Salmon_Crudo-300x217.jpg 300w, https:\/\/vimafoods.com\/wp-content\/uploads\/2024\/09\/Salmon_Crudo-18x12.jpg 18w\" sizes=\"auto, (max-width: 721px) 100vw, 721px\" \/>\t\t\t\t\t\t\t\t\t\t\t\t\t\t\t<\/div>\n\t\t\t\t<\/div>\n\t\t\t\t<\/div>\n\t\t<div class=\"elementor-element elementor-element-f6f81c2 e-con-full e-flex e-con e-child\" data-id=\"f6f81c2\" data-element_type=\"container\" data-e-type=\"container\" data-settings=\"{&quot;_ha_eqh_enable&quot;:false}\">\n\t\t\t\t<div class=\"elementor-element elementor-element-5465da9 elementor-widget elementor-widget-image\" data-id=\"5465da9\" data-element_type=\"widget\" data-e-type=\"widget\" data-widget_type=\"image.default\">\n\t\t\t\t<div class=\"elementor-widget-container\">\n\t\t\t\t\t\t\t\t\t\t\t\t\t\t\t<img loading=\"lazy\" decoding=\"async\" width=\"721\" height=\"521\" src=\"https:\/\/vimafoods.com\/wp-content\/uploads\/2024\/09\/Salmon_Cocinado.jpg\" class=\"attachment-large size-large wp-image-17033\" alt=\"\" srcset=\"https:\/\/vimafoods.com\/wp-content\/uploads\/2024\/09\/Salmon_Cocinado.jpg 721w, https:\/\/vimafoods.com\/wp-content\/uploads\/2024\/09\/Salmon_Cocinado-300x217.jpg 300w, https:\/\/vimafoods.com\/wp-content\/uploads\/2024\/09\/Salmon_Cocinado-18x12.jpg 18w\" sizes=\"auto, (max-width: 721px) 100vw, 721px\" \/>\t\t\t\t\t\t\t\t\t\t\t\t\t\t\t<\/div>\n\t\t\t\t<\/div>\n\t\t\t\t<\/div>\n\t\t\t\t\t<\/div>\n\t\t\t\t<\/div>\n\t\t<div class=\"elementor-element elementor-element-2c8dbf0 e-flex e-con-boxed e-con e-parent\" data-id=\"2c8dbf0\" data-element_type=\"container\" data-e-type=\"container\" data-settings=\"{&quot;_ha_eqh_enable&quot;:false}\">\n\t\t\t\t\t<div class=\"e-con-inner\">\n\t\t\t\t<div class=\"elementor-element elementor-element-401f9ef elementor-widget elementor-widget-spacer\" data-id=\"401f9ef\" data-element_type=\"widget\" data-e-type=\"widget\" data-widget_type=\"spacer.default\">\n\t\t\t\t<div class=\"elementor-widget-container\">\n\t\t\t\t\t\t\t<div class=\"elementor-spacer\">\n\t\t\t<div class=\"elementor-spacer-inner\"><\/div>\n\t\t<\/div>\n\t\t\t\t\t\t<\/div>\n\t\t\t\t<\/div>\n\t\t\t\t\t<\/div>\n\t\t\t\t<\/div>\n\t\t<div class=\"elementor-element elementor-element-91732f8 e-flex e-con-boxed e-con e-parent\" data-id=\"91732f8\" data-element_type=\"container\" data-e-type=\"container\" data-settings=\"{&quot;_ha_eqh_enable&quot;:false}\">\n\t\t\t\t\t<div class=\"e-con-inner\">\n\t\t\t\t<div class=\"elementor-element elementor-element-d70bcf6 elementor-widget elementor-widget-heading\" data-id=\"d70bcf6\" data-element_type=\"widget\" data-e-type=\"widget\" data-widget_type=\"heading.default\">\n\t\t\t\t<div class=\"elementor-widget-container\">\n\t\t\t\t\t<h2 class=\"elementor-heading-title elementor-size-default\">SALM\u00d3N<\/h2>\t\t\t\t<\/div>\n\t\t\t\t<\/div>\n\t\t\t\t\t<\/div>\n\t\t\t\t<\/div>\n\t\t<div class=\"elementor-element elementor-element-ccd62f7 e-flex e-con-boxed e-con e-parent\" data-id=\"ccd62f7\" data-element_type=\"container\" data-e-type=\"container\" data-settings=\"{&quot;_ha_eqh_enable&quot;:false}\">\n\t\t\t\t\t<div class=\"e-con-inner\">\n\t\t<div class=\"elementor-element elementor-element-61f3dbb e-con-full e-flex e-con e-child\" data-id=\"61f3dbb\" data-element_type=\"container\" data-e-type=\"container\" data-settings=\"{&quot;_ha_eqh_enable&quot;:false}\">\n\t\t\t\t<div class=\"elementor-element elementor-element-55d4849 elementor-widget elementor-widget-text-editor\" data-id=\"55d4849\" data-element_type=\"widget\" data-e-type=\"widget\" data-widget_type=\"text-editor.default\">\n\t\t\t\t<div class=\"elementor-widget-container\">\n\t\t\t\t\t\t\t\t\t<p>\u00a0<\/p><p><span style=\"color: #006341;\"><strong>DESCRIPCI\u00d3N<\/strong><\/span><\/p><p>\u00a0<\/p><p>El salm\u00f3n es un pescado azul, que nace en agua dulce, migra al oc\u00e9ano para crecer y regresa de nuevo a los r\u00edos para su reproducci\u00f3n.<\/p><p>Se pesca fundamentalmente en las aguas fr\u00edas del hemisferio norte, y se han conseguido desarrollar de manera notable en cautividad en aguas abiertas.<\/p><p>Noruega y Chile son los principales productores mundiales, sus aguas fr\u00edas y limpias son ideales para su desarrollo.<\/p><p>La carne de salm\u00f3n es muy vers\u00e1til, de color rosado, es sabrosa y arom\u00e1tica y representa uno de los alimentos con mayor valor nutricional. Contiene, entre otras cualidades:<\/p><ul><li aria-level=\"1\">Alto contenido de prote\u00ednas y \u00e1cidos grasos Omega-3, que ayudan a disminuir los niveles de colesterol y triglic\u00e9ridos en nuestro organismo.<\/li><li aria-level=\"1\">Rico en Vitaminas A, D, B12 y riboflavina y antioxidantes, caracter\u00edsticas que pueden prevenir enfermedades card\u00edacas.<\/li><\/ul><p>Hay muchas variedades del salm\u00f3n y hoy en d\u00eda est\u00e1 muy presente gracias al auge de la comida estilo asi\u00e1tico, donde el salm\u00f3n cobra gran protagonismo.<\/p><p>El Salm\u00f3n Atl\u00e1ntico es la \u00fanica especie cuyo h\u00e1bitat natural son las aguas del Oc\u00e9ano Atl\u00e1ntico, siendo el resto de la especies originarias del Oc\u00e9ano Pac\u00edfico.<\/p><p>Debido a su alta calidad y sabor, en Vima ofrecemos las siguientes variedades:<\/p><ul><li aria-level=\"1\">Salm\u00f3n Atl\u00e1ntico (<i>Salmo salar<\/i>) procedente de Noruega y de Chile principalmente, presentado en filetes con piel al vac\u00edo y destaca por su color rojizo.<\/li><li aria-level=\"1\">Salm\u00f3n keta (<i>Oncorhynchus keta<\/i>), procedente de las fr\u00edas y salvajes aguas de Alaska, posee una carne compacta y de sabor intenso. Es presentado en filetes con piel al vac\u00edo.<\/li><\/ul><p>Ambos son muy vers\u00e1tiles y admiten muchas y variadas presentaciones. En Vima ofrecemos tambi\u00e9n porciones, rodajas y el salm\u00f3n entero eviscerado.<\/p>\t\t\t\t\t\t\t\t<\/div>\n\t\t\t\t<\/div>\n\t\t\t\t<\/div>\n\t\t<div class=\"elementor-element elementor-element-ca3130c e-con-full e-flex e-con e-child\" data-id=\"ca3130c\" data-element_type=\"container\" data-e-type=\"container\" data-settings=\"{&quot;_ha_eqh_enable&quot;:false}\">\n\t\t<div class=\"elementor-element elementor-element-6c7d888 e-con-full e-flex e-con e-child\" data-id=\"6c7d888\" data-element_type=\"container\" data-e-type=\"container\" data-settings=\"{&quot;background_background&quot;:&quot;classic&quot;,&quot;_ha_eqh_enable&quot;:false}\">\n\t\t\t\t<div class=\"elementor-element elementor-element-228b4b6 elementor-widget elementor-widget-heading\" data-id=\"228b4b6\" data-element_type=\"widget\" data-e-type=\"widget\" data-widget_type=\"heading.default\">\n\t\t\t\t<div class=\"elementor-widget-container\">\n\t\t\t\t\t<h2 class=\"elementor-heading-title elementor-size-default\">DISPONIBLE EN FORMATO<\/h2>\t\t\t\t<\/div>\n\t\t\t\t<\/div>\n\t\t\t\t<div class=\"elementor-element elementor-element-edb66d8 elementor-widget elementor-widget-text-editor\" data-id=\"edb66d8\" data-element_type=\"widget\" data-e-type=\"widget\" data-widget_type=\"text-editor.default\">\n\t\t\t\t<div class=\"elementor-widget-container\">\n\t\t\t\t\t\t\t\t\t<p><b>Salm\u00f3n Atl\u00e1ntico Chileno<\/b><\/p><ul><li aria-level=\"1\">Filete con piel, IVP, trim D, caja 10 kg\/22lb aprox.<\/li><li aria-level=\"1\">Porciones con piel, IVP, bolsa 32 OZ\/2lb, caja 10kg\/22lb<\/li><li aria-level=\"1\">Entero Eviscerado, IQF, Granel\/bulk pack, caja 30kg\/66lb aprox.<\/li><\/ul><p><b>Salm\u00f3n Atl\u00e1ntico noruego<\/b><\/p><ul><li aria-level=\"1\">Filetes con piel, IVP, trim C, granel\/bulk pack, caja 12kg\/26lb aprox.<\/li><li aria-level=\"1\">Lomo con piel, Pack 2x150g, Caja 9kg\/19lb aprox.<\/li><li aria-level=\"1\">Entero Eviscerado, IQF, Granel\/bulk pack<\/li><\/ul><p><b>Salm\u00f3n keta<\/b><\/p><ul><li aria-level=\"1\">Filete con piel, IVP, trim D, caja 10 kg\/22lb aprox.<\/li><li aria-level=\"1\">Rodajas, bolsa 2.2lb, Caja 22lb\/10kg<\/li><li aria-level=\"1\">Rodajas Granel\/bulk pack<\/li><li aria-level=\"1\">Entero sin cabeza, IQF, Granel\/bulk pack<\/li><\/ul><p>\u00a0<\/p>\t\t\t\t\t\t\t\t<\/div>\n\t\t\t\t<\/div>\n\t\t\t\t<\/div>\n\t\t\t\t<\/div>\n\t\t\t\t\t<\/div>\n\t\t\t\t<\/div>\n\t\t<div class=\"elementor-element elementor-element-ba0c584 e-flex e-con-boxed e-con e-parent\" data-id=\"ba0c584\" data-element_type=\"container\" data-e-type=\"container\" data-settings=\"{&quot;_ha_eqh_enable&quot;:false}\">\n\t\t\t\t\t<div class=\"e-con-inner\">\n\t\t\t\t<div class=\"elementor-element elementor-element-ea75ed4 elementor-widget elementor-widget-spacer\" data-id=\"ea75ed4\" data-element_type=\"widget\" data-e-type=\"widget\" data-widget_type=\"spacer.default\">\n\t\t\t\t<div class=\"elementor-widget-container\">\n\t\t\t\t\t\t\t<div class=\"elementor-spacer\">\n\t\t\t<div class=\"elementor-spacer-inner\"><\/div>\n\t\t<\/div>\n\t\t\t\t\t\t<\/div>\n\t\t\t\t<\/div>\n\t\t\t\t\t<\/div>\n\t\t\t\t<\/div>\n\t\t<div class=\"elementor-element elementor-element-875b16e e-flex e-con-boxed e-con e-parent\" data-id=\"875b16e\" data-element_type=\"container\" data-e-type=\"container\" data-settings=\"{&quot;_ha_eqh_enable&quot;:false}\">\n\t\t\t\t\t<div class=\"e-con-inner\">\n\t\t\t\t<div class=\"elementor-element elementor-element-4b07c59 elementor-widget elementor-widget-spacer\" data-id=\"4b07c59\" data-element_type=\"widget\" data-e-type=\"widget\" data-widget_type=\"spacer.default\">\n\t\t\t\t<div class=\"elementor-widget-container\">\n\t\t\t\t\t\t\t<div class=\"elementor-spacer\">\n\t\t\t<div class=\"elementor-spacer-inner\"><\/div>\n\t\t<\/div>\n\t\t\t\t\t\t<\/div>\n\t\t\t\t<\/div>\n\t\t\t\t\t<\/div>\n\t\t\t\t<\/div>\n\t\t<div class=\"elementor-element elementor-element-21c2e8b2 e-con-full e-flex e-con e-parent\" data-id=\"21c2e8b2\" data-element_type=\"container\" data-e-type=\"container\" id=\"newsletter\" data-settings=\"{&quot;background_background&quot;:&quot;classic&quot;,&quot;_ha_eqh_enable&quot;:false}\">\n\t\t<div class=\"elementor-element elementor-element-2800a0e8 e-flex e-con-boxed e-con e-child\" data-id=\"2800a0e8\" data-element_type=\"container\" data-e-type=\"container\" data-settings=\"{&quot;_ha_eqh_enable&quot;:false}\">\n\t\t\t\t\t<div class=\"e-con-inner\">\n\t\t\t\t<div class=\"elementor-element elementor-element-67221d3e elementor-widget elementor-widget-text-editor\" data-id=\"67221d3e\" data-element_type=\"widget\" data-e-type=\"widget\" data-widget_type=\"text-editor.default\">\n\t\t\t\t<div class=\"elementor-widget-container\">\n\t\t\t\t\t\t\t\t\t<div class=\"info_newsletter\"><div class=\"title\"><img decoding=\"async\" class=\"\" src=\"https:\/\/vimafoods.com\/wp-content\/uploads\/2024\/08\/icon-newsletter.svg\" alt=\"\" \/><strong>NEWSLETTER<\/strong><\/div><div class=\"description\"><p>Suscr\u00edbete y descubre nuestros\u2028productos, recetas y m\u00e1s.<\/p><\/div><\/div>\t\t\t\t\t\t\t\t<\/div>\n\t\t\t\t<\/div>\n\t\t\t\t\t<\/div>\n\t\t\t\t<\/div>\n\t\t<div class=\"elementor-element elementor-element-186f05ec e-flex e-con-boxed e-con e-child\" data-id=\"186f05ec\" data-element_type=\"container\" data-e-type=\"container\" data-settings=\"{&quot;_ha_eqh_enable&quot;:false}\">\n\t\t\t\t\t<div class=\"e-con-inner\">\n\t\t\t\t<div class=\"elementor-element elementor-element-6f03745d elementor-button-align-center elementor-widget elementor-widget-form\" data-id=\"6f03745d\" data-element_type=\"widget\" data-e-type=\"widget\" data-settings=\"{&quot;button_width&quot;:&quot;20&quot;,&quot;step_next_label&quot;:&quot;Next&quot;,&quot;step_previous_label&quot;:&quot;Previous&quot;,&quot;button_width_mobile&quot;:&quot;100&quot;,&quot;step_type&quot;:&quot;number_text&quot;,&quot;step_icon_shape&quot;:&quot;circle&quot;}\" data-widget_type=\"form.default\">\n\t\t\t\t<div class=\"elementor-widget-container\">\n\t\t\t\t\t\t\t<form class=\"elementor-form\" method=\"post\" name=\"News\" aria-label=\"News\">\n\t\t\t<input type=\"hidden\" name=\"post_id\" value=\"8668\"\/>\n\t\t\t<input type=\"hidden\" name=\"form_id\" value=\"6f03745d\"\/>\n\t\t\t<input type=\"hidden\" name=\"referer_title\" value=\"Salmon\" \/>\n\n\t\t\t\t\t\t\t<input type=\"hidden\" name=\"queried_id\" value=\"8668\"\/>\n\t\t\t\n\t\t\t<div class=\"elementor-form-fields-wrapper elementor-labels-\">\n\t\t\t\t\t\t\t\t<div class=\"elementor-field-type-text elementor-field-group elementor-column elementor-field-group-name elementor-col-20\">\n\t\t\t\t\t\t\t\t\t\t\t\t<label for=\"form-field-name\" class=\"elementor-field-label elementor-screen-only\">\n\t\t\t\t\t\t\t\tNombre\t\t\t\t\t\t\t<\/label>\n\t\t\t\t\t\t\t\t\t\t\t\t\t\t<input size=\"1\" type=\"text\" name=\"form_fields[name]\" id=\"form-field-name\" class=\"elementor-field elementor-size-lg  elementor-field-textual\" placeholder=\"Nombre\">\n\t\t\t\t\t\t\t\t\t\t\t<\/div>\n\t\t\t\t\t\t\t\t<div class=\"elementor-field-type-email elementor-field-group elementor-column elementor-field-group-email elementor-col-60 elementor-field-required\">\n\t\t\t\t\t\t\t\t\t\t\t\t<label for=\"form-field-email\" class=\"elementor-field-label elementor-screen-only\">\n\t\t\t\t\t\t\t\tCorreo electr\u00f3nico\t\t\t\t\t\t\t<\/label>\n\t\t\t\t\t\t\t\t\t\t\t\t\t\t<input size=\"1\" type=\"email\" name=\"form_fields[email]\" id=\"form-field-email\" class=\"elementor-field elementor-size-lg  elementor-field-textual\" placeholder=\"Correo electr\u00f3nico\" required=\"required\">\n\t\t\t\t\t\t\t\t\t\t\t<\/div>\n\t\t\t\t\t\t\t\t<div class=\"elementor-field-group elementor-column elementor-field-type-submit elementor-col-20 e-form__buttons elementor-sm-100\">\n\t\t\t\t\t<button class=\"elementor-button elementor-size-sm\" type=\"submit\">\n\t\t\t\t\t\t<span class=\"elementor-button-content-wrapper\">\n\t\t\t\t\t\t\t\t\t\t\t\t\t\t\t\t\t\t\t\t\t\t<span class=\"elementor-button-text\">Enviar<\/span>\n\t\t\t\t\t\t\t\t\t\t\t\t\t<\/span>\n\t\t\t\t\t<\/button>\n\t\t\t\t<\/div>\n\t\t\t<\/div>\n\t\t<\/form>\n\t\t\t\t\t\t<\/div>\n\t\t\t\t<\/div>\n\t\t\t\t\t<\/div>\n\t\t\t\t<\/div>\n\t\t\t\t<\/div>\n\t\t\t\t<\/div>\n\t\t","protected":false},"excerpt":{"rendered":"<p>Frozen<\/p>","protected":false},"author":1,"featured_media":8670,"parent":0,"menu_order":0,"comment_status":"closed","ping_status":"closed","template":"","meta":{"nf_dc_page":"","footnotes":""},"class_list":["post-8668","page","type-page","status-publish","has-post-thumbnail","hentry"],"blocksy_meta":[],"_links":{"self":[{"href":"https:\/\/vimafoods.com\/eng\/wp-json\/wp\/v2\/pages\/8668","targetHints":{"allow":["GET"]}}],"collection":[{"href":"https:\/\/vimafoods.com\/eng\/wp-json\/wp\/v2\/pages"}],"about":[{"href":"https:\/\/vimafoods.com\/eng\/wp-json\/wp\/v2\/types\/page"}],"author":[{"embeddable":true,"href":"https:\/\/vimafoods.com\/eng\/wp-json\/wp\/v2\/users\/1"}],"replies":[{"embeddable":true,"href":"https:\/\/vimafoods.com\/eng\/wp-json\/wp\/v2\/comments?post=8668"}],"version-history":[{"count":0,"href":"https:\/\/vimafoods.com\/eng\/wp-json\/wp\/v2\/pages\/8668\/revisions"}],"wp:featuredmedia":[{"embeddable":true,"href":"https:\/\/vimafoods.com\/eng\/wp-json\/wp\/v2\/media\/8670"}],"wp:attachment":[{"href":"https:\/\/vimafoods.com\/eng\/wp-json\/wp\/v2\/media?parent=8668"}],"curies":[{"name":"wp","href":"https:\/\/api.w.org\/{rel}","templated":true}]}}