{"id":8121,"date":"2024-09-06T07:20:25","date_gmt":"2024-09-06T05:20:25","guid":{"rendered":"https:\/\/prueba.alfaomegainsurance.com\/?page_id=8121"},"modified":"2024-09-30T19:53:53","modified_gmt":"2024-09-30T17:53:53","slug":"rizaditos-de-esparragos-con-hojaldre-y-jamon-serrano","status":"publish","type":"page","link":"https:\/\/vimafoods.com\/eng\/rizaditos-de-esparragos-con-hojaldre-y-jamon-serrano\/","title":{"rendered":"Rizaditos de esp\u00e1rragos con hojaldre y jam\u00f3n serrano"},"content":{"rendered":"\t\t<div data-elementor-type=\"wp-page\" data-elementor-id=\"8121\" class=\"elementor elementor-8121\" data-elementor-settings=\"{&quot;ha_cmc_init_switcher&quot;:&quot;no&quot;}\" data-elementor-post-type=\"page\">\n\t\t\t\t<div class=\"elementor-element elementor-element-f5ab6dd e-grid e-con-full e-con e-parent\" data-id=\"f5ab6dd\" data-element_type=\"container\" data-e-type=\"container\" data-settings=\"{&quot;_ha_eqh_enable&quot;:false}\">\n\t\t\t\t<div class=\"elementor-element elementor-element-489e69a7 elementor-widget elementor-widget-image\" data-id=\"489e69a7\" data-element_type=\"widget\" data-e-type=\"widget\" id=\"background-recipe\" data-widget_type=\"image.default\">\n\t\t\t\t<div class=\"elementor-widget-container\">\n\t\t\t\t\t\t\t\t\t\t\t\t\t\t\t<img loading=\"lazy\" decoding=\"async\" width=\"870\" height=\"470\" src=\"https:\/\/vimafoods.com\/wp-content\/uploads\/2024\/09\/rizos-esparragos-con-jamon-y-hojaldre-870x470-2.jpg\" class=\"attachment-full size-full wp-image-8123\" alt=\"\" srcset=\"https:\/\/vimafoods.com\/wp-content\/uploads\/2024\/09\/rizos-esparragos-con-jamon-y-hojaldre-870x470-2.jpg 870w, https:\/\/vimafoods.com\/wp-content\/uploads\/2024\/09\/rizos-esparragos-con-jamon-y-hojaldre-870x470-2-300x162.jpg 300w, https:\/\/vimafoods.com\/wp-content\/uploads\/2024\/09\/rizos-esparragos-con-jamon-y-hojaldre-870x470-2-768x415.jpg 768w\" sizes=\"auto, (max-width: 870px) 100vw, 870px\" \/>\t\t\t\t\t\t\t\t\t\t\t\t\t\t\t<\/div>\n\t\t\t\t<\/div>\n\t\t\t\t<div class=\"elementor-element elementor-element-733f2caa elementor-widget elementor-widget-text-editor\" data-id=\"733f2caa\" data-element_type=\"widget\" data-e-type=\"widget\" data-widget_type=\"text-editor.default\">\n\t\t\t\t<div class=\"elementor-widget-container\">\n\t\t\t\t\t\t\t\t\t<div class=\"container_recipe\"><ul class=\"data_recipe\"><li class=\"info\"><span class=\"block-text num-text\">15 <span class=\"min-text light-text\">MIN<\/span><\/span><span class=\"block-text\">TIEMPO DE PREPARACI\u00d3N<\/span><\/li><li class=\"info\"><span class=\"block-text num-text\">25 <span class=\"min-text light-text\">MIN<\/span><\/span><span class=\"block-text\">TIEMPO DE COCCI\u00d3N<\/span><\/li><li class=\"info\"><span class=\"block-text num-text\">\u00a040 <span class=\"min-text light-text\">M <\/span><\/span><span class=\"block-text\">TIEMPO TOTAL<\/span><\/li><li class=\"info\"><span class=\"block-text num-text\">6<\/span><span class=\"block-text\">RACIONES<\/span><\/li><\/ul><div class=\"recipe_info\"><p class=\"category\"><span style=\"font-weight: 400;\">Aperitivos y Canape\u0301s<\/span><\/p><h1 class=\"name\"><b>Rizaditos de esp\u00e1rragos <\/b><b>con hojaldre y jam\u00f3n serrano<\/b><\/h1><p class=\"origin\"><strong>COCINA:<\/strong> <span style=\"font-weight: 400;\">Espa\u00f1ola<\/span><\/p><div class=\"divider\"><p class=\"title\">Ingredientes<\/p><p><span class=\"line\">\u00a0<\/span><\/p><\/div><ul class=\"list_recipe\"><li style=\"font-weight: 400;\" aria-level=\"1\"><span style=\"font-weight: 400;\">500\u00a0g\u00a0<\/span><a href=\"https:\/\/vimafoods.com\/producto\/esparragos-verdes\"><span style=\"font-weight: 400;\">esp\u00e1rrago triguero Vima<\/span><\/a><\/li><li style=\"font-weight: 400;\" aria-level=\"1\"><span style=\"font-weight: 400;\">250\u00a0g\u00a0masa de hojaldre congelada<\/span><\/li><li style=\"font-weight: 400;\" aria-level=\"1\"><span style=\"font-weight: 400;\">150\u00a0g\u00a0<\/span><a href=\"https:\/\/vimafoods.com\/producto\/jamon-curado-cerdo\"><span style=\"font-weight: 400;\">jam\u00f3n serrano loncheado<\/span><\/a><\/li><li style=\"font-weight: 400;\" aria-level=\"1\"><span style=\"font-weight: 400;\">1\u00a0huevo de gallina fresco<\/span><\/li><li style=\"font-weight: 400;\" aria-level=\"1\"><span style=\"font-weight: 400;\">5\u00a0g\u00a0semillas de ajonjol\u00ed blanco<\/span><\/li><li style=\"font-weight: 400;\" aria-level=\"1\"><span style=\"font-weight: 400;\">1\u00a0g\u00a0semillas de ajonjol\u00ed negro<\/span><\/li><\/ul><div class=\"divider\"><p class=\"title\">Elaboraci\u00f3n paso a paso<\/p><p><span class=\"line\">\u00a0 <\/span><\/p><\/div><p class=\"sub-title\"><strong><b>PRE ELABORACI\u00d3N Y ESTIRADO DEL HOJALDRE<\/b><\/strong><\/p><ul class=\"list_recipe\"><li aria-level=\"1\"><span style=\"font-weight: 400;\">Descongele los esp\u00e1rragos el d\u00eda de antes en el refrigerador en una rejilla para que suelten algo de agua propia de la descongelaci\u00f3n.<\/span><\/li><li aria-level=\"1\"><span style=\"font-weight: 400;\">Deje descongelar el hojaldre y, una vez pierda la rigidez, cortar en l\u00e1minas paralelas de 2 cm de ancho y reservarlo.<\/span><\/li><\/ul><p class=\"sub-title\"><strong><b>MONTAJE DE LOS RIZADOS<\/b><\/strong><\/p><ul class=\"list_recipe\"><li aria-level=\"1\"><span style=\"font-weight: 400;\">L\u00ede los esp\u00e1rragos con el jam\u00f3n serrano y a su vez con las bandas de hojaldre y ponga en una bandeja de horno con papel encerado, separados 3 cm unos de otros.<\/span><\/li><li style=\"font-weight: 400;\" aria-level=\"1\"><span style=\"font-weight: 400;\">Pinte los hojaldres con huevo batido y espolvoree con la mezcla de semillas de s\u00e9samo.<\/span><\/li><li aria-level=\"1\"><span style=\"font-weight: 400;\">Hornera 25 minutos a 180 \u00baC.<\/span><\/li><li style=\"font-weight: 400;\" aria-level=\"1\"><span style=\"font-weight: 400;\">Servir tibios o fr\u00edos con alg\u00fan dip o salsa.<\/span><\/li><\/ul><div class=\"divider\"><p class=\"title\"><strong><b>NOTA DE RECETA<\/b>:<\/strong><\/p><p><span class=\"line\">\u00a0 <\/span><\/p><\/div><p><span style=\"font-weight: 400;\"><strong><b>SUGERENCIA DE SALSA<\/b><\/strong><\/span><\/p><p><span style=\"font-weight: 400;\">Mezclar 1\/3 de queso crema con 1\/3 de queso azul y 1\/3 de nata fresca, mezclar y dipear con ella los esp\u00e1rragos templados.<\/span><\/p><p class=\"origin\"><strong><b>KEYWORDS<\/b>:<\/strong> <span style=\"font-weight: 400;\"> esp\u00e1rragos, jam\u00f3n serrano<\/span><\/p><div class=\"share_recipe\"><ul class=\"share_recipe_links\"><li class=\"txt_share\">Comparte<\/li><li class=\"network\"><a href=\"#\"><img decoding=\"async\" src=\"\/wp-content\/uploads\/2024\/09\/icon-facebook.png\" alt=\"\" \/><\/a><\/li><li class=\"network\"><a href=\"#\"><img decoding=\"async\" src=\"\/wp-content\/uploads\/2024\/09\/icon-x.png\" alt=\"\" \/><\/a><\/li><li class=\"network\"><a href=\"#\"><img decoding=\"async\" src=\"\/wp-content\/uploads\/2024\/09\/icon-pinterest.png\" alt=\"\" \/><\/a><\/li><li class=\"network\"><a href=\"#\"><img decoding=\"async\" src=\"\/wp-content\/uploads\/2024\/09\/icon-mail.png\" alt=\"\" \/><\/a><\/li><li class=\"network\"><a href=\"#\"><img decoding=\"async\" src=\"\/wp-content\/uploads\/2024\/09\/icon-print.png\" alt=\"\" \/><\/a><\/li><\/ul><\/div><\/div><\/div>\t\t\t\t\t\t\t\t<\/div>\n\t\t\t\t<\/div>\n\t\t\t\t<\/div>\n\t\t<div class=\"elementor-element elementor-element-251a8e8 e-flex e-con-boxed e-con e-parent\" data-id=\"251a8e8\" data-element_type=\"container\" data-e-type=\"container\" data-settings=\"{&quot;_ha_eqh_enable&quot;:false}\">\n\t\t\t\t\t<div class=\"e-con-inner\">\n\t\t\t\t<div class=\"elementor-element elementor-element-6e1a7e3 elementor-widget elementor-widget-spacer\" data-id=\"6e1a7e3\" data-element_type=\"widget\" data-e-type=\"widget\" data-widget_type=\"spacer.default\">\n\t\t\t\t<div class=\"elementor-widget-container\">\n\t\t\t\t\t\t\t<div class=\"elementor-spacer\">\n\t\t\t<div class=\"elementor-spacer-inner\"><\/div>\n\t\t<\/div>\n\t\t\t\t\t\t<\/div>\n\t\t\t\t<\/div>\n\t\t\t\t\t<\/div>\n\t\t\t\t<\/div>\n\t\t<div class=\"elementor-element elementor-element-76eca042 e-con-full e-flex e-con e-parent\" data-id=\"76eca042\" data-element_type=\"container\" data-e-type=\"container\" id=\"newsletter\" data-settings=\"{&quot;background_background&quot;:&quot;classic&quot;,&quot;_ha_eqh_enable&quot;:false}\">\n\t\t<div class=\"elementor-element elementor-element-ef65d0c e-flex e-con-boxed e-con e-child\" data-id=\"ef65d0c\" data-element_type=\"container\" data-e-type=\"container\" data-settings=\"{&quot;_ha_eqh_enable&quot;:false}\">\n\t\t\t\t\t<div class=\"e-con-inner\">\n\t\t\t\t<div class=\"elementor-element elementor-element-2d686cb1 elementor-widget elementor-widget-text-editor\" data-id=\"2d686cb1\" data-element_type=\"widget\" data-e-type=\"widget\" data-widget_type=\"text-editor.default\">\n\t\t\t\t<div class=\"elementor-widget-container\">\n\t\t\t\t\t\t\t\t\t<div class=\"info_newsletter\"><div class=\"title\"><img decoding=\"async\" class=\"\" src=\"https:\/\/vimafoods.com\/wp-content\/uploads\/2024\/08\/icon-newsletter.svg\" alt=\"\" \/><strong>NEWSLETTER<\/strong><\/div><div class=\"description\"><p>Suscr\u00edbete y descubre nuestros\u2028productos, recetas y m\u00e1s.<\/p><\/div><\/div>\t\t\t\t\t\t\t\t<\/div>\n\t\t\t\t<\/div>\n\t\t\t\t\t<\/div>\n\t\t\t\t<\/div>\n\t\t<div class=\"elementor-element elementor-element-7617a8f4 e-flex e-con-boxed e-con e-child\" data-id=\"7617a8f4\" data-element_type=\"container\" data-e-type=\"container\" data-settings=\"{&quot;_ha_eqh_enable&quot;:false}\">\n\t\t\t\t\t<div class=\"e-con-inner\">\n\t\t\t\t<div class=\"elementor-element elementor-element-186efcdd elementor-button-align-center elementor-widget elementor-widget-form\" data-id=\"186efcdd\" data-element_type=\"widget\" data-e-type=\"widget\" data-settings=\"{&quot;button_width&quot;:&quot;20&quot;,&quot;step_next_label&quot;:&quot;Next&quot;,&quot;step_previous_label&quot;:&quot;Previous&quot;,&quot;button_width_mobile&quot;:&quot;100&quot;,&quot;step_type&quot;:&quot;number_text&quot;,&quot;step_icon_shape&quot;:&quot;circle&quot;}\" data-widget_type=\"form.default\">\n\t\t\t\t<div class=\"elementor-widget-container\">\n\t\t\t\t\t\t\t<form class=\"elementor-form\" method=\"post\" name=\"News\" aria-label=\"News\">\n\t\t\t<input type=\"hidden\" name=\"post_id\" value=\"8121\"\/>\n\t\t\t<input type=\"hidden\" name=\"form_id\" value=\"186efcdd\"\/>\n\t\t\t<input type=\"hidden\" name=\"referer_title\" value=\"Rizaditos de esp\u00e1rragos con hojaldre y jam\u00f3n serrano\" \/>\n\n\t\t\t\t\t\t\t<input type=\"hidden\" name=\"queried_id\" value=\"8121\"\/>\n\t\t\t\n\t\t\t<div class=\"elementor-form-fields-wrapper elementor-labels-\">\n\t\t\t\t\t\t\t\t<div class=\"elementor-field-type-text elementor-field-group elementor-column elementor-field-group-name elementor-col-20\">\n\t\t\t\t\t\t\t\t\t\t\t\t<label for=\"form-field-name\" class=\"elementor-field-label elementor-screen-only\">\n\t\t\t\t\t\t\t\tNombre\t\t\t\t\t\t\t<\/label>\n\t\t\t\t\t\t\t\t\t\t\t\t\t\t<input size=\"1\" type=\"text\" name=\"form_fields[name]\" id=\"form-field-name\" class=\"elementor-field elementor-size-lg  elementor-field-textual\" placeholder=\"Nombre\">\n\t\t\t\t\t\t\t\t\t\t\t<\/div>\n\t\t\t\t\t\t\t\t<div class=\"elementor-field-type-email elementor-field-group elementor-column elementor-field-group-email elementor-col-60 elementor-field-required\">\n\t\t\t\t\t\t\t\t\t\t\t\t<label for=\"form-field-email\" class=\"elementor-field-label elementor-screen-only\">\n\t\t\t\t\t\t\t\tCorreo electr\u00f3nico\t\t\t\t\t\t\t<\/label>\n\t\t\t\t\t\t\t\t\t\t\t\t\t\t<input size=\"1\" type=\"email\" name=\"form_fields[email]\" id=\"form-field-email\" class=\"elementor-field elementor-size-lg  elementor-field-textual\" placeholder=\"Correo electr\u00f3nico\" required=\"required\">\n\t\t\t\t\t\t\t\t\t\t\t<\/div>\n\t\t\t\t\t\t\t\t<div class=\"elementor-field-group elementor-column elementor-field-type-submit elementor-col-20 e-form__buttons elementor-sm-100\">\n\t\t\t\t\t<button class=\"elementor-button elementor-size-sm\" type=\"submit\">\n\t\t\t\t\t\t<span class=\"elementor-button-content-wrapper\">\n\t\t\t\t\t\t\t\t\t\t\t\t\t\t\t\t\t\t\t\t\t\t<span class=\"elementor-button-text\">Enviar<\/span>\n\t\t\t\t\t\t\t\t\t\t\t\t\t<\/span>\n\t\t\t\t\t<\/button>\n\t\t\t\t<\/div>\n\t\t\t<\/div>\n\t\t<\/form>\n\t\t\t\t\t\t<\/div>\n\t\t\t\t<\/div>\n\t\t\t\t\t<\/div>\n\t\t\t\t<\/div>\n\t\t\t\t<\/div>\n\t\t\t\t<\/div>\n\t\t","protected":false},"excerpt":{"rendered":"<p>15 MINTIEMPO DE PREPARACI\u00d3N 25 MINTIEMPO DE COCCI\u00d3N \u00a040 M TIEMPO TOTAL 6RACIONES Aperitivos y Canape\u0301s Rizaditos de esp\u00e1rragos con hojaldre y jam\u00f3n serrano COCINA: Espa\u00f1ola Ingredientes \u00a0 500\u00a0g\u00a0esp\u00e1rrago triguero Vima 250\u00a0g\u00a0masa de hojaldre congelada 150\u00a0g\u00a0jam\u00f3n serrano loncheado 1\u00a0huevo de gallina fresco 5\u00a0g\u00a0semillas de ajonjol\u00ed blanco 1\u00a0g\u00a0semillas de ajonjol\u00ed negro Elaboraci\u00f3n paso a paso \u00a0 [&hellip;]<\/p>\n","protected":false},"author":1,"featured_media":8123,"parent":0,"menu_order":0,"comment_status":"closed","ping_status":"closed","template":"","meta":{"nf_dc_page":"","footnotes":""},"class_list":["post-8121","page","type-page","status-publish","has-post-thumbnail","hentry"],"blocksy_meta":[],"_links":{"self":[{"href":"https:\/\/vimafoods.com\/eng\/wp-json\/wp\/v2\/pages\/8121","targetHints":{"allow":["GET"]}}],"collection":[{"href":"https:\/\/vimafoods.com\/eng\/wp-json\/wp\/v2\/pages"}],"about":[{"href":"https:\/\/vimafoods.com\/eng\/wp-json\/wp\/v2\/types\/page"}],"author":[{"embeddable":true,"href":"https:\/\/vimafoods.com\/eng\/wp-json\/wp\/v2\/users\/1"}],"replies":[{"embeddable":true,"href":"https:\/\/vimafoods.com\/eng\/wp-json\/wp\/v2\/comments?post=8121"}],"version-history":[{"count":0,"href":"https:\/\/vimafoods.com\/eng\/wp-json\/wp\/v2\/pages\/8121\/revisions"}],"wp:featuredmedia":[{"embeddable":true,"href":"https:\/\/vimafoods.com\/eng\/wp-json\/wp\/v2\/media\/8123"}],"wp:attachment":[{"href":"https:\/\/vimafoods.com\/eng\/wp-json\/wp\/v2\/media?parent=8121"}],"curies":[{"name":"wp","href":"https:\/\/api.w.org\/{rel}","templated":true}]}}