{"id":8110,"date":"2024-09-06T07:05:47","date_gmt":"2024-09-06T05:05:47","guid":{"rendered":"https:\/\/prueba.alfaomegainsurance.com\/?page_id=8110"},"modified":"2024-09-30T19:49:35","modified_gmt":"2024-09-30T17:49:35","slug":"zrazy-de-patatas-con-pechuga-y-coliflor","status":"publish","type":"page","link":"https:\/\/vimafoods.com\/eng\/zrazy-de-patatas-con-pechuga-y-coliflor\/","title":{"rendered":"Zrazy de patatas con pechuga y coliflor"},"content":{"rendered":"\t\t<div data-elementor-type=\"wp-page\" data-elementor-id=\"8110\" class=\"elementor elementor-8110\" data-elementor-settings=\"{&quot;ha_cmc_init_switcher&quot;:&quot;no&quot;}\" data-elementor-post-type=\"page\">\n\t\t\t\t<div class=\"elementor-element elementor-element-f5ab6dd e-grid e-con-full e-con e-parent\" data-id=\"f5ab6dd\" data-element_type=\"container\" data-e-type=\"container\" data-settings=\"{&quot;_ha_eqh_enable&quot;:false}\">\n\t\t\t\t<div class=\"elementor-element elementor-element-489e69a7 elementor-widget elementor-widget-image\" data-id=\"489e69a7\" data-element_type=\"widget\" data-e-type=\"widget\" id=\"background-recipe\" data-widget_type=\"image.default\">\n\t\t\t\t<div class=\"elementor-widget-container\">\n\t\t\t\t\t\t\t\t\t\t\t\t\t\t\t<img loading=\"lazy\" decoding=\"async\" width=\"2560\" height=\"1707\" src=\"https:\/\/vimafoods.com\/wp-content\/uploads\/2024\/09\/shutterstock_1627851217-scaled.jpg\" class=\"attachment-full size-full wp-image-8112\" alt=\"\" srcset=\"https:\/\/vimafoods.com\/wp-content\/uploads\/2024\/09\/shutterstock_1627851217-scaled.jpg 2560w, https:\/\/vimafoods.com\/wp-content\/uploads\/2024\/09\/shutterstock_1627851217-300x200.jpg 300w\" sizes=\"auto, (max-width: 2560px) 100vw, 2560px\" \/>\t\t\t\t\t\t\t\t\t\t\t\t\t\t\t<\/div>\n\t\t\t\t<\/div>\n\t\t\t\t<div class=\"elementor-element elementor-element-733f2caa elementor-widget elementor-widget-text-editor\" data-id=\"733f2caa\" data-element_type=\"widget\" data-e-type=\"widget\" data-widget_type=\"text-editor.default\">\n\t\t\t\t<div class=\"elementor-widget-container\">\n\t\t\t\t\t\t\t\t\t<div class=\"container_recipe\"><ul class=\"data_recipe\"><li class=\"info\"><span class=\"block-text num-text\">45 <span class=\"min-text light-text\">MIN<\/span><\/span><span class=\"block-text\">TIEMPO DE PREPARACI\u00d3N<\/span><\/li><li class=\"info\"><span class=\"block-text num-text\">20 <span class=\"min-text light-text\">MIN<\/span><\/span><span class=\"block-text\">TIEMPO DE COCCI\u00d3N<\/span><\/li><li class=\"info\"><span class=\"block-text num-text\">\u00a01<span class=\"min-text light-text\">H <\/span>5 <span class=\"min-text light-text\">m <\/span><\/span><span class=\"block-text\">TIEMPO TOTAL<\/span><\/li><li class=\"info\"><span class=\"block-text num-text\">8<\/span><span class=\"block-text\">RACIONES<\/span><\/li><\/ul><div class=\"recipe_info\"><p class=\"category\"><span style=\"font-weight: 400;\">Aperitivos y Canape\u0301s<\/span><\/p><h1 class=\"name\"><b>Zrazy de patatas <\/b><\/h1><h1 class=\"name\"><b>con pechuga y coliflor<\/b><\/h1><p class=\"origin\"><strong>COCINA:<\/strong> <span style=\"font-weight: 400;\">Europa del Este, Polonia<\/span><\/p><div class=\"divider\"><p class=\"title\">Ingredientes<\/p><p><span class=\"line\">\u00a0<\/span><\/p><\/div><p class=\"sub-title\"><b>Para el pur\u00e9 de patatas<\/b><\/p><ul class=\"list_recipe\"><li style=\"font-weight: 400;\" aria-level=\"1\"><span style=\"font-weight: 400;\">250\u00a0g\u00a0<\/span><a href=\"https:\/\/vimafoods.com\/producto\/pure-patata-copos\"><span style=\"font-weight: 400;\">copos de patata Vima<\/span><\/a><\/li><li style=\"font-weight: 400;\" aria-level=\"1\"><span style=\"font-weight: 400;\">100\u00a0g\u00a0<\/span><a href=\"https:\/\/vimafoods.com\/producto\/cebolla\"><span style=\"font-weight: 400;\">cebolla blanca<\/span><\/a><\/li><li style=\"font-weight: 400;\" aria-level=\"1\"><span style=\"font-weight: 400;\">100\u00a0g\u00a0<\/span><a href=\"https:\/\/vimafoods.com\/producto\/mantequilla\"><span style=\"font-weight: 400;\">mantequilla<\/span><\/a><\/li><li style=\"font-weight: 400;\" aria-level=\"1\"><span style=\"font-weight: 400;\">75\u00a0g\u00a0<\/span><a href=\"https:\/\/vimafoods.com\/producto\/rallado-tipo-parmesano\"><span style=\"font-weight: 400;\">queso parmesano rallado<\/span><\/a><\/li><li style=\"font-weight: 400;\" aria-level=\"1\"><span style=\"font-weight: 400;\">25\u00a0g\u00a0harina de trigo<\/span><\/li><li style=\"font-weight: 400;\" aria-level=\"1\"><span style=\"font-weight: 400;\">2\u00a0g\u00a0sal fina<\/span><\/li><li style=\"font-weight: 400;\" aria-level=\"1\"><span style=\"font-weight: 400;\">1\u00a0g\u00a0pimienta blanca molida<\/span><\/li><\/ul><p class=\"sub-title\"><b>Para el relleno<\/b><\/p><ul class=\"list_recipe\"><li style=\"font-weight: 400;\" aria-level=\"1\"><a href=\"https:\/\/vimafoods.com\/producto\/pure-patata-copos\"><span style=\"font-weight: 400;\">100\u00a0g\u00a0<\/span><\/a><a href=\"https:\/\/vimafoods.com\/producto\/cebolla\">cebolla blanca<\/a><\/li><li aria-level=\"1\"><span style=\"font-weight: 400;\">100\u00a0g\u00a0setas shitake<\/span><\/li><li aria-level=\"1\"><span style=\"font-weight: 400;\">150\u00a0g\u00a0<\/span><a href=\"https:\/\/vimafoods.com\/producto\/carne-pollo\"><span style=\"font-weight: 400;\">pechuga de pollo cruda<\/span><\/a><\/li><li aria-level=\"1\"><span style=\"font-weight: 400;\">150\u00a0g\u00a0<\/span><a href=\"https:\/\/vimafoods.com\/producto\/coliflor\"><span style=\"font-weight: 400;\">coliflor congelada Vima<\/span><\/a><\/li><li aria-level=\"1\"><span style=\"font-weight: 400;\">15\u00a0g\u00a0<\/span><a href=\"https:\/\/vimafoods.com\/producto\/ajo-refrigerado\"><span style=\"font-weight: 400;\">ajo congelado Vima<\/span><\/a><\/li><li aria-level=\"1\"><span style=\"font-weight: 400;\">15\u00a0g\u00a0perejil<\/span><\/li><li aria-level=\"1\"><span style=\"font-weight: 400;\">1\u00a0cup\u00a0nata fresca<\/span><\/li><li aria-level=\"1\"><span style=\"font-weight: 400;\">5\u00a0g\u00a0sal fina de mesa<\/span><\/li><li aria-level=\"1\"><span style=\"font-weight: 400;\">1\u00a0cup\u00a0<\/span><a href=\"https:\/\/vimafoods.com\/producto\/aceite-oliva\"><span style=\"font-weight: 400;\">aceite de oliva v.e. Vima<\/span><\/a><\/li><\/ul><div class=\"divider\"><p class=\"title\">Elaboraci\u00f3n paso a paso<\/p><p><span class=\"line\">\u00a0 <\/span><\/p><\/div><p class=\"sub-title\"><strong><b>PARA EL P\u00daRE<\/b><\/strong><\/p><ul class=\"list_recipe\"><li style=\"font-weight: 400;\" aria-level=\"1\"><span style=\"font-weight: 400;\">Vierta en un cazo la leche, sal, pimienta blanca y p\u00f3ngalo al fuego. Antes de hervir apague el fuego y a\u00f1ada los copos de pur\u00e9 de patata moviendo en\u00e9rgicamente hasta conseguir un pur\u00e9 espeso.<\/span><\/li><li style=\"font-weight: 400;\" aria-level=\"1\"><span style=\"font-weight: 400;\">A\u00f1adir fuera del fuego la mantequilla en trocitos y el queso parmesano rallado y mezclar sin parar de batir hasta su total incorporaci\u00f3n.<\/span><\/li><li style=\"font-weight: 400;\" aria-level=\"1\"><span style=\"font-weight: 400;\">Por \u00faltimo agregar la harina y mezclar bien, dejar reposar 30 minutos.<\/span><\/li><\/ul><p class=\"sub-title\"><strong><b>PARA RELLENO<\/b><\/strong><\/p><ul class=\"list_recipe\"><li style=\"font-weight: 400;\" aria-level=\"1\"><span style=\"font-weight: 400;\">En una olla, ponga la pechuga a cocer en agua y sal, una vez cocida enfriar y picar bien fina.<\/span><\/li><li style=\"font-weight: 400;\" aria-level=\"1\"><span style=\"font-weight: 400;\">Ralle la cebolla y la coliflor con ayuda de un procesador, a\u00f1ada entonces el perejil fresco y ajo bien picados.<\/span><\/li><li style=\"font-weight: 400;\" aria-level=\"1\"><span style=\"font-weight: 400;\">Corte en l\u00e1minas finas las setas.<\/span><\/li><li style=\"font-weight: 400;\" aria-level=\"1\"><span style=\"font-weight: 400;\">En cazuela con el aceite de oliva bien caliente, a\u00f1adir y rehogar en el siguiente orden, cebolla, coliflor, setas, pechuga hervida, ajo y perejil, y por \u00faltimo a\u00f1adirle la nata fresca cocinando por 5 minutos. Sazonar y dejar reposar.<\/span><\/li><\/ul><div class=\"divider\"><p class=\"title\"><strong><b>PARA RELLENAR LOS ZRAZY<\/b>:<\/strong><\/p><p><span class=\"line\">\u00a0 <\/span><\/p><\/div><ul class=\"list_recipe\"><li style=\"font-weight: 400;\" aria-level=\"1\"><span style=\"font-weight: 400;\">Con las manos untadas de un poco de aceite, unas bolas de pur\u00e9, y rellenar con la mezcla de pollo y verduras dejando espacio para poder cerrar quedando unos discos de 5 cent\u00edmetros de di\u00e1metro, dej\u00e1ndolos en superficie engrasada o papel encerado para que no se peguen.<\/span><\/li><li style=\"font-weight: 400;\" aria-level=\"1\"><span style=\"font-weight: 400;\">Una vez tengamos todos y del tama\u00f1o deseado, fre\u00edr en aceite bien caliente por las dos caras. Deben quedar dorados pero sin sumergirlos en grasa.<\/span><\/li><li style=\"font-weight: 400;\" aria-level=\"1\"><span style=\"font-weight: 400;\">Listos para degustar con salsa al gusto, podemos servirla con una mayonesa de finas hiervas o jengibre, que es ideal para el pollo.<\/span><\/li><\/ul><p class=\"origin\"><strong><b>KEYWORDS<\/b>:<\/strong> <span style=\"font-weight: 400;\"> coliflor, papas, patatas, pollo, zrazy<\/span><\/p><div class=\"share_recipe\"><ul class=\"share_recipe_links\"><li class=\"txt_share\">Comparte<\/li><li class=\"network\"><a href=\"#\"><img decoding=\"async\" src=\"\/wp-content\/uploads\/2024\/09\/icon-facebook.png&quot;\" alt=\"\" \/><\/a><\/li><li class=\"network\"><a href=\"#\"><img decoding=\"async\" src=\"\/wp-content\/uploads\/2024\/09\/icon-x.png&quot;\" alt=\"\" \/><\/a><\/li><li class=\"network\"><a href=\"#\"><img decoding=\"async\" src=\"\/wp-content\/uploads\/2024\/09\/icon-pinterest.png&quot;\" alt=\"\" \/><\/a><\/li><li class=\"network\"><a href=\"#\"><img decoding=\"async\" src=\"\/wp-content\/uploads\/2024\/09\/icon-mail.png&quot;\" alt=\"\" \/><\/a><\/li><li class=\"network\"><a href=\"#\"><img decoding=\"async\" src=\"\/wp-content\/uploads\/2024\/09\/icon-print.png&quot;\" alt=\"\" \/><\/a><\/li><\/ul><\/div><\/div><\/div>\t\t\t\t\t\t\t\t<\/div>\n\t\t\t\t<\/div>\n\t\t\t\t<\/div>\n\t\t<div class=\"elementor-element elementor-element-251a8e8 e-flex e-con-boxed e-con e-parent\" data-id=\"251a8e8\" data-element_type=\"container\" data-e-type=\"container\" data-settings=\"{&quot;_ha_eqh_enable&quot;:false}\">\n\t\t\t\t\t<div class=\"e-con-inner\">\n\t\t\t\t<div class=\"elementor-element elementor-element-6e1a7e3 elementor-widget elementor-widget-spacer\" data-id=\"6e1a7e3\" data-element_type=\"widget\" data-e-type=\"widget\" data-widget_type=\"spacer.default\">\n\t\t\t\t<div class=\"elementor-widget-container\">\n\t\t\t\t\t\t\t<div class=\"elementor-spacer\">\n\t\t\t<div class=\"elementor-spacer-inner\"><\/div>\n\t\t<\/div>\n\t\t\t\t\t\t<\/div>\n\t\t\t\t<\/div>\n\t\t\t\t\t<\/div>\n\t\t\t\t<\/div>\n\t\t<div class=\"elementor-element elementor-element-7556ab78 e-con-full e-flex e-con e-parent\" data-id=\"7556ab78\" data-element_type=\"container\" data-e-type=\"container\" id=\"newsletter\" data-settings=\"{&quot;background_background&quot;:&quot;classic&quot;,&quot;_ha_eqh_enable&quot;:false}\">\n\t\t<div class=\"elementor-element elementor-element-5d88a09f e-flex e-con-boxed e-con e-child\" data-id=\"5d88a09f\" data-element_type=\"container\" data-e-type=\"container\" data-settings=\"{&quot;_ha_eqh_enable&quot;:false}\">\n\t\t\t\t\t<div class=\"e-con-inner\">\n\t\t\t\t<div class=\"elementor-element elementor-element-6514830f elementor-widget elementor-widget-text-editor\" data-id=\"6514830f\" data-element_type=\"widget\" data-e-type=\"widget\" data-widget_type=\"text-editor.default\">\n\t\t\t\t<div class=\"elementor-widget-container\">\n\t\t\t\t\t\t\t\t\t<div class=\"info_newsletter\"><div class=\"title\"><img decoding=\"async\" class=\"\" src=\"https:\/\/vimafoods.com\/wp-content\/uploads\/2024\/08\/icon-newsletter.svg\" alt=\"\" \/><strong>NEWSLETTER<\/strong><\/div><div class=\"description\"><p>Suscr\u00edbete y descubre nuestros\u2028productos, recetas y m\u00e1s.<\/p><\/div><\/div>\t\t\t\t\t\t\t\t<\/div>\n\t\t\t\t<\/div>\n\t\t\t\t\t<\/div>\n\t\t\t\t<\/div>\n\t\t<div class=\"elementor-element elementor-element-26a14766 e-flex e-con-boxed e-con e-child\" data-id=\"26a14766\" data-element_type=\"container\" data-e-type=\"container\" data-settings=\"{&quot;_ha_eqh_enable&quot;:false}\">\n\t\t\t\t\t<div class=\"e-con-inner\">\n\t\t\t\t<div class=\"elementor-element elementor-element-23bfa459 elementor-button-align-center elementor-widget elementor-widget-form\" data-id=\"23bfa459\" data-element_type=\"widget\" data-e-type=\"widget\" data-settings=\"{&quot;button_width&quot;:&quot;20&quot;,&quot;step_next_label&quot;:&quot;Next&quot;,&quot;step_previous_label&quot;:&quot;Previous&quot;,&quot;button_width_mobile&quot;:&quot;100&quot;,&quot;step_type&quot;:&quot;number_text&quot;,&quot;step_icon_shape&quot;:&quot;circle&quot;}\" data-widget_type=\"form.default\">\n\t\t\t\t<div class=\"elementor-widget-container\">\n\t\t\t\t\t\t\t<form class=\"elementor-form\" method=\"post\" name=\"News\" aria-label=\"News\">\n\t\t\t<input type=\"hidden\" name=\"post_id\" value=\"8110\"\/>\n\t\t\t<input type=\"hidden\" name=\"form_id\" value=\"23bfa459\"\/>\n\t\t\t<input type=\"hidden\" name=\"referer_title\" value=\"Zrazy de patatas con pechuga y coliflor\" \/>\n\n\t\t\t\t\t\t\t<input type=\"hidden\" name=\"queried_id\" value=\"8110\"\/>\n\t\t\t\n\t\t\t<div class=\"elementor-form-fields-wrapper elementor-labels-\">\n\t\t\t\t\t\t\t\t<div class=\"elementor-field-type-text elementor-field-group elementor-column elementor-field-group-name elementor-col-20\">\n\t\t\t\t\t\t\t\t\t\t\t\t<label for=\"form-field-name\" class=\"elementor-field-label elementor-screen-only\">\n\t\t\t\t\t\t\t\tNombre\t\t\t\t\t\t\t<\/label>\n\t\t\t\t\t\t\t\t\t\t\t\t\t\t<input size=\"1\" type=\"text\" name=\"form_fields[name]\" id=\"form-field-name\" class=\"elementor-field elementor-size-lg  elementor-field-textual\" placeholder=\"Nombre\">\n\t\t\t\t\t\t\t\t\t\t\t<\/div>\n\t\t\t\t\t\t\t\t<div class=\"elementor-field-type-email elementor-field-group elementor-column elementor-field-group-email elementor-col-60 elementor-field-required\">\n\t\t\t\t\t\t\t\t\t\t\t\t<label for=\"form-field-email\" class=\"elementor-field-label elementor-screen-only\">\n\t\t\t\t\t\t\t\tCorreo electr\u00f3nico\t\t\t\t\t\t\t<\/label>\n\t\t\t\t\t\t\t\t\t\t\t\t\t\t<input size=\"1\" type=\"email\" name=\"form_fields[email]\" id=\"form-field-email\" class=\"elementor-field elementor-size-lg  elementor-field-textual\" placeholder=\"Correo electr\u00f3nico\" required=\"required\">\n\t\t\t\t\t\t\t\t\t\t\t<\/div>\n\t\t\t\t\t\t\t\t<div class=\"elementor-field-group elementor-column elementor-field-type-submit elementor-col-20 e-form__buttons elementor-sm-100\">\n\t\t\t\t\t<button class=\"elementor-button elementor-size-sm\" type=\"submit\">\n\t\t\t\t\t\t<span class=\"elementor-button-content-wrapper\">\n\t\t\t\t\t\t\t\t\t\t\t\t\t\t\t\t\t\t\t\t\t\t<span class=\"elementor-button-text\">Enviar<\/span>\n\t\t\t\t\t\t\t\t\t\t\t\t\t<\/span>\n\t\t\t\t\t<\/button>\n\t\t\t\t<\/div>\n\t\t\t<\/div>\n\t\t<\/form>\n\t\t\t\t\t\t<\/div>\n\t\t\t\t<\/div>\n\t\t\t\t\t<\/div>\n\t\t\t\t<\/div>\n\t\t\t\t<\/div>\n\t\t\t\t<\/div>\n\t\t","protected":false},"excerpt":{"rendered":"<p>45 MINTIEMPO DE PREPARACI\u00d3N 20 MINTIEMPO DE COCCI\u00d3N \u00a01H 5 m TIEMPO TOTAL 8RACIONES Aperitivos y Canape\u0301s Zrazy de patatas con pechuga y coliflor COCINA: Europa del Este, Polonia Ingredientes \u00a0 Para el pur\u00e9 de patatas 250\u00a0g\u00a0copos de patata Vima 100\u00a0g\u00a0cebolla blanca 100\u00a0g\u00a0mantequilla 75\u00a0g\u00a0queso parmesano rallado 25\u00a0g\u00a0harina de trigo 2\u00a0g\u00a0sal fina 1\u00a0g\u00a0pimienta blanca molida Para [&hellip;]<\/p>\n","protected":false},"author":1,"featured_media":8112,"parent":0,"menu_order":0,"comment_status":"closed","ping_status":"closed","template":"","meta":{"nf_dc_page":"","footnotes":""},"class_list":["post-8110","page","type-page","status-publish","has-post-thumbnail","hentry"],"blocksy_meta":[],"_links":{"self":[{"href":"https:\/\/vimafoods.com\/eng\/wp-json\/wp\/v2\/pages\/8110","targetHints":{"allow":["GET"]}}],"collection":[{"href":"https:\/\/vimafoods.com\/eng\/wp-json\/wp\/v2\/pages"}],"about":[{"href":"https:\/\/vimafoods.com\/eng\/wp-json\/wp\/v2\/types\/page"}],"author":[{"embeddable":true,"href":"https:\/\/vimafoods.com\/eng\/wp-json\/wp\/v2\/users\/1"}],"replies":[{"embeddable":true,"href":"https:\/\/vimafoods.com\/eng\/wp-json\/wp\/v2\/comments?post=8110"}],"version-history":[{"count":0,"href":"https:\/\/vimafoods.com\/eng\/wp-json\/wp\/v2\/pages\/8110\/revisions"}],"wp:featuredmedia":[{"embeddable":true,"href":"https:\/\/vimafoods.com\/eng\/wp-json\/wp\/v2\/media\/8112"}],"wp:attachment":[{"href":"https:\/\/vimafoods.com\/eng\/wp-json\/wp\/v2\/media?parent=8110"}],"curies":[{"name":"wp","href":"https:\/\/api.w.org\/{rel}","templated":true}]}}