{"id":8027,"date":"2020-09-07T22:34:31","date_gmt":"2020-09-08T03:34:31","guid":{"rendered":"https:\/\/vimafoods.com\/?page_id=8027"},"modified":"2024-11-12T22:47:41","modified_gmt":"2024-11-12T21:47:41","slug":"legal","status":"publish","type":"page","link":"https:\/\/vimafoods.com\/eng\/legal\/","title":{"rendered":"Legal"},"content":{"rendered":"<div data-elementor-type=\"wp-page\" data-elementor-id=\"8027\" class=\"elementor elementor-8027\" data-elementor-settings=\"{&quot;ha_cmc_init_switcher&quot;:&quot;no&quot;}\" data-elementor-post-type=\"page\">\n\t\t\t\t<div class=\"elementor-element elementor-element-8b7c9f8 e-flex e-con-boxed e-con e-parent\" data-id=\"8b7c9f8\" data-element_type=\"container\" data-e-type=\"container\" data-settings=\"{&quot;_ha_eqh_enable&quot;:false}\">\n\t\t\t\t\t<div class=\"e-con-inner\">\n\t\t\t\t<div class=\"elementor-element elementor-element-a13e5ff elementor-widget elementor-widget-spacer\" data-id=\"a13e5ff\" data-element_type=\"widget\" data-e-type=\"widget\" data-widget_type=\"spacer.default\">\n\t\t\t\t<div class=\"elementor-widget-container\">\n\t\t\t\t\t\t\t<div class=\"elementor-spacer\">\n\t\t\t<div class=\"elementor-spacer-inner\"><\/div>\n\t\t<\/div>\n\t\t\t\t\t\t<\/div>\n\t\t\t\t<\/div>\n\t\t\t\t<div class=\"elementor-element elementor-element-94f5925 elementor-widget elementor-widget-heading\" data-id=\"94f5925\" data-element_type=\"widget\" data-e-type=\"widget\" data-widget_type=\"heading.default\">\n\t\t\t\t<div class=\"elementor-widget-container\">\n\t\t\t\t\t<h2 class=\"elementor-heading-title elementor-size-default\">LEGAL INFORMATION<\/h2>\t\t\t\t<\/div>\n\t\t\t\t<\/div>\n\t\t\t\t<div class=\"elementor-element elementor-element-bc58a0e elementor-widget elementor-widget-spacer\" data-id=\"bc58a0e\" data-element_type=\"widget\" data-e-type=\"widget\" data-widget_type=\"spacer.default\">\n\t\t\t\t<div class=\"elementor-widget-container\">\n\t\t\t\t\t\t\t<div class=\"elementor-spacer\">\n\t\t\t<div class=\"elementor-spacer-inner\"><\/div>\n\t\t<\/div>\n\t\t\t\t\t\t<\/div>\n\t\t\t\t<\/div>\n\t\t\t\t<div class=\"elementor-element elementor-element-a5f8261 elementor-widget elementor-widget-text-editor\" data-id=\"a5f8261\" data-element_type=\"widget\" data-e-type=\"widget\" data-widget_type=\"text-editor.default\">\n\t\t\t\t<div class=\"elementor-widget-container\">\n\t\t\t\t\t\t\t\t\t<p><strong>\u00b7 Cookies \u00b7 Privacy \u00b7 Responsibility \u00b7 Impressum (Germany)<\/strong><\/p>\t\t\t\t\t\t\t\t<\/div>\n\t\t\t\t<\/div>\n\t\t\t\t\t<\/div>\n\t\t\t\t<\/div>\n\t\t<div class=\"elementor-element elementor-element-5efe2b2 e-flex e-con-boxed e-con e-parent\" data-id=\"5efe2b2\" data-element_type=\"container\" data-e-type=\"container\" data-settings=\"{&quot;background_background&quot;:&quot;classic&quot;,&quot;_ha_eqh_enable&quot;:false}\">\n\t\t\t\t\t<div class=\"e-con-inner\">\n\t\t<div class=\"elementor-element elementor-element-9da5266 e-con-full e-flex e-con e-child\" data-id=\"9da5266\" data-element_type=\"container\" data-e-type=\"container\" data-settings=\"{&quot;_ha_eqh_enable&quot;:false}\">\n\t\t\t\t<div class=\"elementor-element elementor-element-806b346 elementor-widget elementor-widget-image\" data-id=\"806b346\" data-element_type=\"widget\" data-e-type=\"widget\" data-widget_type=\"image.default\">\n\t\t\t\t<div class=\"elementor-widget-container\">\n\t\t\t\t\t\t\t\t\t\t\t\t\t\t\t<img loading=\"lazy\" decoding=\"async\" width=\"670\" height=\"500\" src=\"https:\/\/vimafoods.com\/wp-content\/uploads\/2024\/11\/flag-legal-usa.png\" class=\"attachment-large size-large wp-image-20208\" alt=\"\" srcset=\"https:\/\/vimafoods.com\/wp-content\/uploads\/2024\/11\/flag-legal-usa.png 670w, https:\/\/vimafoods.com\/wp-content\/uploads\/2024\/11\/flag-legal-usa-300x224.png 300w, https:\/\/vimafoods.com\/wp-content\/uploads\/2024\/11\/flag-legal-usa-16x12.png 16w\" sizes=\"auto, (max-width: 670px) 100vw, 670px\" \/>\t\t\t\t\t\t\t\t\t\t\t\t\t\t\t<\/div>\n\t\t\t\t<\/div>\n\t\t\t\t<div class=\"elementor-element elementor-element-41f455b elementor-widget elementor-widget-text-editor\" data-id=\"41f455b\" data-element_type=\"widget\" data-e-type=\"widget\" data-widget_type=\"text-editor.default\">\n\t\t\t\t<div class=\"elementor-widget-container\">\n\t\t\t\t\t\t\t\t\t<ul><li><a href=\"https:\/\/vimafoods.com\/eng\/politica-de-cookies-ue\/\" target=\"_blank\" rel=\"noopener\">Cookies Policy<\/a><\/li><li><a href=\"https:\/\/vimafoods.com\/eng\/declaracion-de-privacidad-us\/\" target=\"_blank\" rel=\"noopener\">Privacy statement<\/a><\/li><li><a href=\"https:\/\/vimafoods.com\/eng\/descargo-de-responsabilidad\/\" target=\"_blank\" rel=\"noopener\">Disclaimer<\/a><\/li><\/ul>\t\t\t\t\t\t\t\t<\/div>\n\t\t\t\t<\/div>\n\t\t\t\t<\/div>\n\t\t<div class=\"elementor-element elementor-element-bbb6d0f e-con-full e-flex e-con e-child\" data-id=\"bbb6d0f\" data-element_type=\"container\" data-e-type=\"container\" data-settings=\"{&quot;_ha_eqh_enable&quot;:false}\">\n\t\t\t\t<div class=\"elementor-element elementor-element-8bdb2c6 elementor-widget elementor-widget-image\" data-id=\"8bdb2c6\" data-element_type=\"widget\" data-e-type=\"widget\" data-widget_type=\"image.default\">\n\t\t\t\t<div class=\"elementor-widget-container\">\n\t\t\t\t\t\t\t\t\t\t\t\t\t\t\t<img loading=\"lazy\" decoding=\"async\" width=\"670\" height=\"500\" src=\"https:\/\/vimafoods.com\/wp-content\/uploads\/2024\/11\/flag-legal-ca.png\" class=\"attachment-large size-large wp-image-20207\" alt=\"\" srcset=\"https:\/\/vimafoods.com\/wp-content\/uploads\/2024\/11\/flag-legal-ca.png 670w, https:\/\/vimafoods.com\/wp-content\/uploads\/2024\/11\/flag-legal-ca-300x224.png 300w, https:\/\/vimafoods.com\/wp-content\/uploads\/2024\/11\/flag-legal-ca-16x12.png 16w\" sizes=\"auto, (max-width: 670px) 100vw, 670px\" \/>\t\t\t\t\t\t\t\t\t\t\t\t\t\t\t<\/div>\n\t\t\t\t<\/div>\n\t\t\t\t<div class=\"elementor-element elementor-element-8e30de0 elementor-widget elementor-widget-text-editor\" data-id=\"8e30de0\" data-element_type=\"widget\" data-e-type=\"widget\" data-widget_type=\"text-editor.default\">\n\t\t\t\t<div class=\"elementor-widget-container\">\n\t\t\t\t\t\t\t\t\t<ul><li><a href=\"https:\/\/vimafoods.com\/eng\/politica-de-cookies-ca\/\" target=\"_blank\" rel=\"noopener\">Cookies Policy<\/a><\/li><li><a href=\"https:\/\/vimafoods.com\/eng\/declaracion-de-privacidad-ca\/\" target=\"_blank\" rel=\"noopener\">Privacy statement<\/a><\/li><li><a href=\"https:\/\/vimafoods.com\/eng\/declaracion-de-privacidad-us\/?clang=en\" target=\"_blank\" rel=\"noopener\">Disclaimer<\/a><\/li><\/ul>\t\t\t\t\t\t\t\t<\/div>\n\t\t\t\t<\/div>\n\t\t\t\t<\/div>\n\t\t<div class=\"elementor-element elementor-element-758cb8a e-con-full e-flex e-con e-child\" data-id=\"758cb8a\" data-element_type=\"container\" data-e-type=\"container\" data-settings=\"{&quot;_ha_eqh_enable&quot;:false}\">\n\t\t\t\t<div class=\"elementor-element elementor-element-baf01eb elementor-widget elementor-widget-image\" data-id=\"baf01eb\" data-element_type=\"widget\" data-e-type=\"widget\" data-widget_type=\"image.default\">\n\t\t\t\t<div class=\"elementor-widget-container\">\n\t\t\t\t\t\t\t\t\t\t\t\t\t\t\t<img loading=\"lazy\" decoding=\"async\" width=\"670\" height=\"500\" src=\"https:\/\/vimafoods.com\/wp-content\/uploads\/2024\/11\/flag-legal-eu.png\" class=\"attachment-large size-large wp-image-20206\" alt=\"\" srcset=\"https:\/\/vimafoods.com\/wp-content\/uploads\/2024\/11\/flag-legal-eu.png 670w, https:\/\/vimafoods.com\/wp-content\/uploads\/2024\/11\/flag-legal-eu-300x224.png 300w, https:\/\/vimafoods.com\/wp-content\/uploads\/2024\/11\/flag-legal-eu-16x12.png 16w\" sizes=\"auto, (max-width: 670px) 100vw, 670px\" \/>\t\t\t\t\t\t\t\t\t\t\t\t\t\t\t<\/div>\n\t\t\t\t<\/div>\n\t\t\t\t<div class=\"elementor-element elementor-element-9553ecc elementor-widget elementor-widget-text-editor\" data-id=\"9553ecc\" data-element_type=\"widget\" data-e-type=\"widget\" data-widget_type=\"text-editor.default\">\n\t\t\t\t<div class=\"elementor-widget-container\">\n\t\t\t\t\t\t\t\t\t<ul><li><a href=\"https:\/\/vimafoods.com\/eng\/politica-de-cookies-ue\/\" target=\"_blank\" rel=\"noopener\">Cookies Policy<\/a><\/li><li><a href=\"https:\/\/vimafoods.com\/eng\/declaracion-de-privacidad-ue\/\" target=\"_blank\" rel=\"noopener\">Privacy statement<\/a><\/li><\/ul>\t\t\t\t\t\t\t\t<\/div>\n\t\t\t\t<\/div>\n\t\t\t\t<\/div>\n\t\t<div class=\"elementor-element elementor-element-aa4bacc e-con-full e-flex e-con e-child\" data-id=\"aa4bacc\" data-element_type=\"container\" data-e-type=\"container\" data-settings=\"{&quot;_ha_eqh_enable&quot;:false}\">\n\t\t\t\t<div class=\"elementor-element elementor-element-5b1b7f9 elementor-widget elementor-widget-image\" data-id=\"5b1b7f9\" data-element_type=\"widget\" data-e-type=\"widget\" data-widget_type=\"image.default\">\n\t\t\t\t<div class=\"elementor-widget-container\">\n\t\t\t\t\t\t\t\t\t\t\t\t\t\t\t<img loading=\"lazy\" decoding=\"async\" width=\"670\" height=\"500\" src=\"https:\/\/vimafoods.com\/wp-content\/uploads\/2024\/11\/flag-legal-de.png\" class=\"attachment-large size-large wp-image-20205\" alt=\"\" srcset=\"https:\/\/vimafoods.com\/wp-content\/uploads\/2024\/11\/flag-legal-de.png 670w, https:\/\/vimafoods.com\/wp-content\/uploads\/2024\/11\/flag-legal-de-300x224.png 300w, https:\/\/vimafoods.com\/wp-content\/uploads\/2024\/11\/flag-legal-de-16x12.png 16w\" sizes=\"auto, (max-width: 670px) 100vw, 670px\" \/>\t\t\t\t\t\t\t\t\t\t\t\t\t\t\t<\/div>\n\t\t\t\t<\/div>\n\t\t\t\t<div class=\"elementor-element elementor-element-5499a49 elementor-widget elementor-widget-text-editor\" data-id=\"5499a49\" data-element_type=\"widget\" data-e-type=\"widget\" data-widget_type=\"text-editor.default\">\n\t\t\t\t<div class=\"elementor-widget-container\">\n\t\t\t\t\t\t\t\t\t<ul><li><a href=\"https:\/\/vimafoods.com\/eng\/politica-de-cookies-ue\/\" target=\"_blank\" rel=\"noopener\">Cookies Policy<\/a><\/li><li><a href=\"https:\/\/vimafoods.com\/eng\/declaracion-de-privacidad-ue\/\" target=\"_blank\" rel=\"noopener\">Privacy statement<\/a><\/li><li><a href=\"https:\/\/vimafoods.com\/eng\/descargo-de-responsabilidad\/\" target=\"_blank\" rel=\"noopener\">Disclaimer<\/a><\/li><\/ul>\t\t\t\t\t\t\t\t<\/div>\n\t\t\t\t<\/div>\n\t\t\t\t<\/div>\n\t\t<div class=\"elementor-element elementor-element-494c8f7 e-con-full e-flex e-con e-child\" data-id=\"494c8f7\" data-element_type=\"container\" data-e-type=\"container\" data-settings=\"{&quot;_ha_eqh_enable&quot;:false}\">\n\t\t\t\t<div class=\"elementor-element elementor-element-cf911fb elementor-widget elementor-widget-image\" data-id=\"cf911fb\" data-element_type=\"widget\" data-e-type=\"widget\" data-widget_type=\"image.default\">\n\t\t\t\t<div class=\"elementor-widget-container\">\n\t\t\t\t\t\t\t\t\t\t\t\t\t\t\t<img loading=\"lazy\" decoding=\"async\" width=\"670\" height=\"500\" src=\"https:\/\/vimafoods.com\/wp-content\/uploads\/2024\/11\/flag-legal-uk.png\" class=\"attachment-large size-large wp-image-20204\" alt=\"\" srcset=\"https:\/\/vimafoods.com\/wp-content\/uploads\/2024\/11\/flag-legal-uk.png 670w, https:\/\/vimafoods.com\/wp-content\/uploads\/2024\/11\/flag-legal-uk-300x224.png 300w, https:\/\/vimafoods.com\/wp-content\/uploads\/2024\/11\/flag-legal-uk-16x12.png 16w\" sizes=\"auto, (max-width: 670px) 100vw, 670px\" \/>\t\t\t\t\t\t\t\t\t\t\t\t\t\t\t<\/div>\n\t\t\t\t<\/div>\n\t\t\t\t<div class=\"elementor-element elementor-element-aec54ff elementor-widget elementor-widget-text-editor\" data-id=\"aec54ff\" data-element_type=\"widget\" data-e-type=\"widget\" data-widget_type=\"text-editor.default\">\n\t\t\t\t<div class=\"elementor-widget-container\">\n\t\t\t\t\t\t\t\t\t<ul><li><a href=\"https:\/\/vimafoods.com\/eng\/politica-de-cookies-uk\/?clang=en\" target=\"_blank\" rel=\"noopener\">Cookies Policy<\/a><\/li><li><a href=\"https:\/\/vimafoods.com\/eng\/declaracion-de-privacidad-uk\/?clang=en\" target=\"_blank\" rel=\"noopener\">Privacy statement<\/a><\/li><li><a href=\"https:\/\/vimafoods.com\/eng\/descargo-de-responsabilidad\/\" target=\"_blank\" rel=\"noopener\">Disclaimer<\/a><\/li><\/ul>\t\t\t\t\t\t\t\t<\/div>\n\t\t\t\t<\/div>\n\t\t\t\t<\/div>\n\t\t\t\t\t<\/div>\n\t\t\t\t<\/div>\n\t\t\t\t<\/div>","protected":false},"excerpt":{"rendered":"<p>INFORMACI\u00d3N LEGAL \u00b7 Cookies \u00b7 Privacidad \u00b7 Responsabilidad \u00b7 Impressum (Alemania) Pol\u00edtica de Cookies Declaraci\u00f3n de privacidad Descargo de Responsabilidad Pol\u00edtica de Cookies Declaraci\u00f3n de privacidad Descargo de Responsabilidad Pol\u00edtica de Cookies Declaraci\u00f3n de privacidad Pol\u00edtica de Cookies Declaraci\u00f3n de privacidad Descargo de Responsabilidad Pol\u00edtica de Cookies Declaraci\u00f3n de privacidad Descargo de Responsabilidad<\/p>","protected":false},"author":1,"featured_media":0,"parent":0,"menu_order":0,"comment_status":"closed","ping_status":"closed","template":"","meta":{"nf_dc_page":"","footnotes":""},"class_list":["post-8027","page","type-page","status-publish","hentry"],"blocksy_meta":[],"_links":{"self":[{"href":"https:\/\/vimafoods.com\/eng\/wp-json\/wp\/v2\/pages\/8027","targetHints":{"allow":["GET"]}}],"collection":[{"href":"https:\/\/vimafoods.com\/eng\/wp-json\/wp\/v2\/pages"}],"about":[{"href":"https:\/\/vimafoods.com\/eng\/wp-json\/wp\/v2\/types\/page"}],"author":[{"embeddable":true,"href":"https:\/\/vimafoods.com\/eng\/wp-json\/wp\/v2\/users\/1"}],"replies":[{"embeddable":true,"href":"https:\/\/vimafoods.com\/eng\/wp-json\/wp\/v2\/comments?post=8027"}],"version-history":[{"count":0,"href":"https:\/\/vimafoods.com\/eng\/wp-json\/wp\/v2\/pages\/8027\/revisions"}],"wp:attachment":[{"href":"https:\/\/vimafoods.com\/eng\/wp-json\/wp\/v2\/media?parent=8027"}],"curies":[{"name":"wp","href":"https:\/\/api.w.org\/{rel}","templated":true}]}}