{"id":7998,"date":"2024-09-06T05:46:40","date_gmt":"2024-09-06T03:46:40","guid":{"rendered":"https:\/\/prueba.alfaomegainsurance.com\/?page_id=7998"},"modified":"2024-09-30T19:52:05","modified_gmt":"2024-09-30T17:52:05","slug":"spanakopita-de-espinacas-con-bacon-y-pinones","status":"publish","type":"page","link":"https:\/\/vimafoods.com\/eng\/spanakopita-de-espinacas-con-bacon-y-pinones\/","title":{"rendered":"Spanakopita de espinacas con bacon y pi\u00f1ones"},"content":{"rendered":"\t\t<div data-elementor-type=\"wp-page\" data-elementor-id=\"7998\" class=\"elementor elementor-7998\" data-elementor-settings=\"{&quot;ha_cmc_init_switcher&quot;:&quot;no&quot;}\" data-elementor-post-type=\"page\">\n\t\t\t\t<div class=\"elementor-element elementor-element-f5ab6dd e-grid e-con-full e-con e-parent\" data-id=\"f5ab6dd\" data-element_type=\"container\" data-e-type=\"container\" data-settings=\"{&quot;_ha_eqh_enable&quot;:false}\">\n\t\t\t\t<div class=\"elementor-element elementor-element-489e69a7 elementor-widget elementor-widget-image\" data-id=\"489e69a7\" data-element_type=\"widget\" data-e-type=\"widget\" id=\"background-recipe\" data-widget_type=\"image.default\">\n\t\t\t\t<div class=\"elementor-widget-container\">\n\t\t\t\t\t\t\t\t\t\t\t\t\t\t\t<img loading=\"lazy\" decoding=\"async\" width=\"2560\" height=\"1811\" src=\"https:\/\/vimafoods.com\/wp-content\/uploads\/2024\/09\/shutterstock_2502134793-min-1-scaled.jpg\" class=\"attachment-full size-full wp-image-7781\" alt=\"\" srcset=\"https:\/\/vimafoods.com\/wp-content\/uploads\/2024\/09\/shutterstock_2502134793-min-1-scaled.jpg 2560w, https:\/\/vimafoods.com\/wp-content\/uploads\/2024\/09\/shutterstock_2502134793-min-1-300x212.jpg 300w\" sizes=\"auto, (max-width: 2560px) 100vw, 2560px\" \/>\t\t\t\t\t\t\t\t\t\t\t\t\t\t\t<\/div>\n\t\t\t\t<\/div>\n\t\t\t\t<div class=\"elementor-element elementor-element-733f2caa elementor-widget elementor-widget-text-editor\" data-id=\"733f2caa\" data-element_type=\"widget\" data-e-type=\"widget\" data-widget_type=\"text-editor.default\">\n\t\t\t\t<div class=\"elementor-widget-container\">\n\t\t\t\t\t\t\t\t\t<div class=\"container_recipe\"><ul class=\"data_recipe\"><li class=\"info\"><span class=\"block-text num-text\">50 <span class=\"min-text light-text\">MIN<\/span><\/span><span class=\"block-text\">TIEMPO DE PREPARACI\u00d3N<\/span><\/li><li class=\"info\"><span class=\"block-text num-text\">30 <span class=\"min-text light-text\">MIN<\/span><\/span><span class=\"block-text\">TIEMPO DE COCCI\u00d3N<\/span><\/li><li class=\"info\"><span class=\"block-text num-text\">\u00a01<span class=\"min-text light-text\">H<\/span>20<span class=\"min-text light-text\">M <\/span><\/span><span class=\"block-text\">TIEMPO TOTAL<\/span><\/li><li class=\"info\"><span class=\"block-text num-text\">8<\/span><span class=\"block-text\">RACIONES<\/span><\/li><\/ul><div class=\"recipe_info\"><p class=\"category\">aperitivos y canap\u00e9s<\/p><h1 class=\"name\">SPANAKOPITA DE ESPINACAS CON BACON Y PI\u00d1ONES<\/h1><p class=\"origin\"><strong>COCINA:<\/strong> <span style=\"font-weight: 400;\">Griega, Mediterr\u00e1nea<\/span><\/p><div class=\"divider\"><p class=\"title\">Ingredientes<\/p><p><span class=\"line\">\u00a0<\/span><\/p><\/div><ul class=\"list_recipe\"><li style=\"font-weight: 400;\" aria-level=\"1\"><span style=\"font-weight: 400;\">800\u00a0gal\u00a0<\/span><a href=\"https:\/\/vimafoods.com\/producto\/hojas-espinaca\"><span style=\"font-weight: 400;\">espinacas Vima<\/span><\/a><\/li><li style=\"font-weight: 400;\" aria-level=\"1\"><span style=\"font-weight: 400;\">200\u00a0g\u00a0hojas de pasta filo<\/span><\/li><li style=\"font-weight: 400;\" aria-level=\"1\"><span style=\"font-weight: 400;\">100\u00a0g\u00a0<\/span><a href=\"https:\/\/vimafoods.com\/producto\/cebolla\"><span style=\"font-weight: 400;\">cebolla blanca<\/span><\/a><\/li><li style=\"font-weight: 400;\" aria-level=\"1\"><span style=\"font-weight: 400;\">100\u00a0g\u00a0queso feta<\/span><\/li><li style=\"font-weight: 400;\" aria-level=\"1\"><span style=\"font-weight: 400;\">150\u00a0g\u00a0<\/span><a href=\"https:\/\/vimafoods.com\/producto\/queso-maasdam\"><span style=\"font-weight: 400;\">queso maasdam<\/span><\/a><\/li><li style=\"font-weight: 400;\" aria-level=\"1\"><span style=\"font-weight: 400;\">50\u00a0g\u00a0<\/span><a href=\"https:\/\/vimafoods.com\/producto\/bacon\"><span style=\"font-weight: 400;\">bacon ahumado<\/span><\/a><\/li><li style=\"font-weight: 400;\" aria-level=\"1\"><span style=\"font-weight: 400;\">2\u00a0tbsp\u00a0<\/span><a href=\"https:\/\/vimafoods.com\/producto\/aceite-oliva\"><span style=\"font-weight: 400;\">aceite de oliva v.e. Vima<\/span><\/a><\/li><li style=\"font-weight: 400;\" aria-level=\"1\"><span style=\"font-weight: 400;\">2\u00a0huevos<\/span><\/li><li style=\"font-weight: 400;\" aria-level=\"1\"><span style=\"font-weight: 400;\">2\u00a0g\u00a0nuez moscada rallada<\/span><\/li><li style=\"font-weight: 400;\" aria-level=\"1\"><span style=\"font-weight: 400;\">5\u00a0g\u00a0albahaca<\/span><\/li><li style=\"font-weight: 400;\" aria-level=\"1\"><span style=\"font-weight: 400;\">15\u00a0g\u00a0pi\u00f1ones tostados<\/span><\/li><li style=\"font-weight: 400;\" aria-level=\"1\"><span style=\"font-weight: 400;\">2\u00a0g\u00a0sal<\/span><\/li><li style=\"font-weight: 400;\" aria-level=\"1\"><span style=\"font-weight: 400;\">1\u00a0g\u00a0pimienta negra molida<\/span><\/li><\/ul><div class=\"divider\"><p class=\"title\">Elaboraci\u00f3n paso a paso<\/p><p><span class=\"line\">\u00a0 <\/span><\/p><\/div><p class=\"sub-title\"><strong><b>Elaboraci\u00f3n<\/b> <\/strong><\/p><ul class=\"list_recipe\"><li style=\"font-weight: 400;\" aria-level=\"1\"><span style=\"font-weight: 400;\">Rehoga la cebolla en brunoise y el bacon con aceite de oliva v.e., hasta que queden bien dorados.<\/span><\/li><li style=\"font-weight: 400;\" aria-level=\"1\"><span style=\"font-weight: 400;\">Descongela y escurre las espinacas, a\u00f1\u00e1delas a la sart\u00e9n y rehoga por 10 minutos hasta que queden sin agua y rehogadas.<\/span><\/li><li style=\"font-weight: 400;\" aria-level=\"1\"><span style=\"font-weight: 400;\">Esc\u00farrelas hasta que pierdan toda el agua, s\u00e1calas a un cuenco y a\u00f1ade los huevos crudos, quesos a cuadros, albahaca picada, pi\u00f1ones, sal y pimienta negra molida.<\/span><\/li><li style=\"font-weight: 400;\" aria-level=\"1\"><span style=\"font-weight: 400;\">Pinta las hojas de pasta filo con mantequilla o aceite de oliva, situando en los moldes hasta 5 capas, rellenar con la mezcla y hornear a 160\u00baC durante 30 minutos.<\/span><\/li><li style=\"font-weight: 400;\" aria-level=\"1\"><span style=\"font-weight: 400;\">Una vez cocidas al sacar del horno, a\u00f1adir miel y dejar reposar.<\/span><\/li><li style=\"font-weight: 400;\" aria-level=\"1\"><span style=\"font-weight: 400;\">Degustar templadas o fr\u00edas. Es un plato muy rico para ni\u00f1os, siendo una manera divertida de comer verduras.<\/span><\/li><\/ul><div class=\"divider\"><p class=\"title\"><strong><b>Nota de receta:<\/b><\/strong><\/p><p><span class=\"line\">\u00a0 <\/span><\/p><\/div><ul class=\"list_recipe\"><li style=\"font-weight: 400;\" aria-level=\"1\"><span style=\"font-weight: 400;\">Podemos sustituir las espinacas por br\u00f3coli, menestra, jud\u00edas verdes, etc.<\/span><\/li><\/ul><p class=\"origin\"><strong><b>KEYWORDS<\/b>:<\/strong> <span style=\"font-weight: 400;\">bacOn, espinacas, pi\u00f1ones<\/span><\/p><div class=\"share_recipe\"><ul class=\"share_recipe_links\"><li class=\"txt_share\">Comparte<\/li><li class=\"network\"><a href=\"#\"><img decoding=\"async\" src=\"\/wp-content\/uploads\/2024\/09\/icon-facebook.png\" alt=\"\" \/><\/a><\/li><li class=\"network\"><a href=\"#\"><img decoding=\"async\" src=\"\/wp-content\/uploads\/2024\/09\/icon-x.png\" alt=\"\" \/><\/a><\/li><li class=\"network\"><a href=\"#\"><img decoding=\"async\" src=\"\/wp-content\/uploads\/2024\/09\/icon-pinterest.png\" alt=\"\" \/><\/a><\/li><li class=\"network\"><a href=\"#\"><img decoding=\"async\" src=\"\/wp-content\/uploads\/2024\/09\/icon-mail.png\" alt=\"\" \/><\/a><\/li><li class=\"network\"><a href=\"#\"><img decoding=\"async\" src=\"\/wp-content\/uploads\/2024\/09\/icon-print.png\" alt=\"\" \/><\/a><\/li><\/ul><\/div><\/div><\/div>\t\t\t\t\t\t\t\t<\/div>\n\t\t\t\t<\/div>\n\t\t\t\t<\/div>\n\t\t<div class=\"elementor-element elementor-element-251a8e8 e-flex e-con-boxed e-con e-parent\" data-id=\"251a8e8\" data-element_type=\"container\" data-e-type=\"container\" data-settings=\"{&quot;_ha_eqh_enable&quot;:false}\">\n\t\t\t\t\t<div class=\"e-con-inner\">\n\t\t\t\t<div class=\"elementor-element elementor-element-6e1a7e3 elementor-widget elementor-widget-spacer\" data-id=\"6e1a7e3\" data-element_type=\"widget\" data-e-type=\"widget\" data-widget_type=\"spacer.default\">\n\t\t\t\t<div class=\"elementor-widget-container\">\n\t\t\t\t\t\t\t<div class=\"elementor-spacer\">\n\t\t\t<div class=\"elementor-spacer-inner\"><\/div>\n\t\t<\/div>\n\t\t\t\t\t\t<\/div>\n\t\t\t\t<\/div>\n\t\t\t\t\t<\/div>\n\t\t\t\t<\/div>\n\t\t<div class=\"elementor-element elementor-element-346ed565 e-con-full e-flex e-con e-parent\" data-id=\"346ed565\" data-element_type=\"container\" data-e-type=\"container\" id=\"newsletter\" data-settings=\"{&quot;background_background&quot;:&quot;classic&quot;,&quot;_ha_eqh_enable&quot;:false}\">\n\t\t<div class=\"elementor-element elementor-element-5d5a413e e-flex e-con-boxed e-con e-child\" data-id=\"5d5a413e\" data-element_type=\"container\" data-e-type=\"container\" data-settings=\"{&quot;_ha_eqh_enable&quot;:false}\">\n\t\t\t\t\t<div class=\"e-con-inner\">\n\t\t\t\t<div class=\"elementor-element elementor-element-57504b04 elementor-widget elementor-widget-text-editor\" data-id=\"57504b04\" data-element_type=\"widget\" data-e-type=\"widget\" data-widget_type=\"text-editor.default\">\n\t\t\t\t<div class=\"elementor-widget-container\">\n\t\t\t\t\t\t\t\t\t<div class=\"info_newsletter\"><div class=\"title\"><img decoding=\"async\" class=\"\" src=\"https:\/\/vimafoods.com\/wp-content\/uploads\/2024\/08\/icon-newsletter.svg\" alt=\"\" \/><strong>NEWSLETTER<\/strong><\/div><div class=\"description\"><p>Suscr\u00edbete y descubre nuestros\u2028productos, recetas y m\u00e1s.<\/p><\/div><\/div>\t\t\t\t\t\t\t\t<\/div>\n\t\t\t\t<\/div>\n\t\t\t\t\t<\/div>\n\t\t\t\t<\/div>\n\t\t<div class=\"elementor-element elementor-element-3c0e2be8 e-flex e-con-boxed e-con e-child\" data-id=\"3c0e2be8\" data-element_type=\"container\" data-e-type=\"container\" data-settings=\"{&quot;_ha_eqh_enable&quot;:false}\">\n\t\t\t\t\t<div class=\"e-con-inner\">\n\t\t\t\t<div class=\"elementor-element elementor-element-1fa7915a elementor-button-align-center elementor-widget elementor-widget-form\" data-id=\"1fa7915a\" data-element_type=\"widget\" data-e-type=\"widget\" data-settings=\"{&quot;button_width&quot;:&quot;20&quot;,&quot;step_next_label&quot;:&quot;Next&quot;,&quot;step_previous_label&quot;:&quot;Previous&quot;,&quot;button_width_mobile&quot;:&quot;100&quot;,&quot;step_type&quot;:&quot;number_text&quot;,&quot;step_icon_shape&quot;:&quot;circle&quot;}\" data-widget_type=\"form.default\">\n\t\t\t\t<div class=\"elementor-widget-container\">\n\t\t\t\t\t\t\t<form class=\"elementor-form\" method=\"post\" name=\"News\" aria-label=\"News\">\n\t\t\t<input type=\"hidden\" name=\"post_id\" value=\"7998\"\/>\n\t\t\t<input type=\"hidden\" name=\"form_id\" value=\"1fa7915a\"\/>\n\t\t\t<input type=\"hidden\" name=\"referer_title\" value=\"Spanakopita de espinacas con bacon y pi\u00f1ones\" \/>\n\n\t\t\t\t\t\t\t<input type=\"hidden\" name=\"queried_id\" value=\"7998\"\/>\n\t\t\t\n\t\t\t<div class=\"elementor-form-fields-wrapper elementor-labels-\">\n\t\t\t\t\t\t\t\t<div class=\"elementor-field-type-text elementor-field-group elementor-column elementor-field-group-name elementor-col-20\">\n\t\t\t\t\t\t\t\t\t\t\t\t<label for=\"form-field-name\" class=\"elementor-field-label elementor-screen-only\">\n\t\t\t\t\t\t\t\tNombre\t\t\t\t\t\t\t<\/label>\n\t\t\t\t\t\t\t\t\t\t\t\t\t\t<input size=\"1\" type=\"text\" name=\"form_fields[name]\" id=\"form-field-name\" class=\"elementor-field elementor-size-lg  elementor-field-textual\" placeholder=\"Nombre\">\n\t\t\t\t\t\t\t\t\t\t\t<\/div>\n\t\t\t\t\t\t\t\t<div class=\"elementor-field-type-email elementor-field-group elementor-column elementor-field-group-email elementor-col-60 elementor-field-required\">\n\t\t\t\t\t\t\t\t\t\t\t\t<label for=\"form-field-email\" class=\"elementor-field-label elementor-screen-only\">\n\t\t\t\t\t\t\t\tCorreo electr\u00f3nico\t\t\t\t\t\t\t<\/label>\n\t\t\t\t\t\t\t\t\t\t\t\t\t\t<input size=\"1\" type=\"email\" name=\"form_fields[email]\" id=\"form-field-email\" class=\"elementor-field elementor-size-lg  elementor-field-textual\" placeholder=\"Correo electr\u00f3nico\" required=\"required\">\n\t\t\t\t\t\t\t\t\t\t\t<\/div>\n\t\t\t\t\t\t\t\t<div class=\"elementor-field-group elementor-column elementor-field-type-submit elementor-col-20 e-form__buttons elementor-sm-100\">\n\t\t\t\t\t<button class=\"elementor-button elementor-size-sm\" type=\"submit\">\n\t\t\t\t\t\t<span class=\"elementor-button-content-wrapper\">\n\t\t\t\t\t\t\t\t\t\t\t\t\t\t\t\t\t\t\t\t\t\t<span class=\"elementor-button-text\">Enviar<\/span>\n\t\t\t\t\t\t\t\t\t\t\t\t\t<\/span>\n\t\t\t\t\t<\/button>\n\t\t\t\t<\/div>\n\t\t\t<\/div>\n\t\t<\/form>\n\t\t\t\t\t\t<\/div>\n\t\t\t\t<\/div>\n\t\t\t\t\t<\/div>\n\t\t\t\t<\/div>\n\t\t\t\t<\/div>\n\t\t\t\t<\/div>\n\t\t","protected":false},"excerpt":{"rendered":"<p>50 MINTIEMPO DE PREPARACI\u00d3N 30 MINTIEMPO DE COCCI\u00d3N \u00a01H20M TIEMPO TOTAL 8RACIONES aperitivos y canap\u00e9s SPANAKOPITA DE ESPINACAS CON BACON Y PI\u00d1ONES COCINA: Griega, Mediterr\u00e1nea Ingredientes \u00a0 800\u00a0gal\u00a0espinacas Vima 200\u00a0g\u00a0hojas de pasta filo 100\u00a0g\u00a0cebolla blanca 100\u00a0g\u00a0queso feta 150\u00a0g\u00a0queso maasdam 50\u00a0g\u00a0bacon ahumado 2\u00a0tbsp\u00a0aceite de oliva v.e. Vima 2\u00a0huevos 2\u00a0g\u00a0nuez moscada rallada 5\u00a0g\u00a0albahaca 15\u00a0g\u00a0pi\u00f1ones tostados 2\u00a0g\u00a0sal 1\u00a0g\u00a0pimienta [&hellip;]<\/p>\n","protected":false},"author":1,"featured_media":7781,"parent":0,"menu_order":0,"comment_status":"closed","ping_status":"closed","template":"","meta":{"nf_dc_page":"","footnotes":""},"class_list":["post-7998","page","type-page","status-publish","has-post-thumbnail","hentry"],"blocksy_meta":[],"_links":{"self":[{"href":"https:\/\/vimafoods.com\/eng\/wp-json\/wp\/v2\/pages\/7998","targetHints":{"allow":["GET"]}}],"collection":[{"href":"https:\/\/vimafoods.com\/eng\/wp-json\/wp\/v2\/pages"}],"about":[{"href":"https:\/\/vimafoods.com\/eng\/wp-json\/wp\/v2\/types\/page"}],"author":[{"embeddable":true,"href":"https:\/\/vimafoods.com\/eng\/wp-json\/wp\/v2\/users\/1"}],"replies":[{"embeddable":true,"href":"https:\/\/vimafoods.com\/eng\/wp-json\/wp\/v2\/comments?post=7998"}],"version-history":[{"count":0,"href":"https:\/\/vimafoods.com\/eng\/wp-json\/wp\/v2\/pages\/7998\/revisions"}],"wp:featuredmedia":[{"embeddable":true,"href":"https:\/\/vimafoods.com\/eng\/wp-json\/wp\/v2\/media\/7781"}],"wp:attachment":[{"href":"https:\/\/vimafoods.com\/eng\/wp-json\/wp\/v2\/media?parent=7998"}],"curies":[{"name":"wp","href":"https:\/\/api.w.org\/{rel}","templated":true}]}}