{"id":7890,"date":"2024-09-06T04:32:03","date_gmt":"2024-09-06T02:32:03","guid":{"rendered":"https:\/\/prueba.alfaomegainsurance.com\/?page_id=7890"},"modified":"2024-09-30T19:51:31","modified_gmt":"2024-09-30T17:51:31","slug":"hummus-de-zanahorias-con-hierbabuena","status":"publish","type":"page","link":"https:\/\/vimafoods.com\/eng\/hummus-de-zanahorias-con-hierbabuena\/","title":{"rendered":"Hummus De Zanahorias Con Hierbabuena"},"content":{"rendered":"\t\t<div data-elementor-type=\"wp-page\" data-elementor-id=\"7890\" class=\"elementor elementor-7890\" data-elementor-settings=\"{&quot;ha_cmc_init_switcher&quot;:&quot;no&quot;}\" data-elementor-post-type=\"page\">\n\t\t\t\t<div class=\"elementor-element elementor-element-f5ab6dd e-grid e-con-full e-con e-parent\" data-id=\"f5ab6dd\" data-element_type=\"container\" data-e-type=\"container\" data-settings=\"{&quot;_ha_eqh_enable&quot;:false}\">\n\t\t\t\t<div class=\"elementor-element elementor-element-489e69a7 elementor-widget elementor-widget-image\" data-id=\"489e69a7\" data-element_type=\"widget\" data-e-type=\"widget\" id=\"background-recipe\" data-widget_type=\"image.default\">\n\t\t\t\t<div class=\"elementor-widget-container\">\n\t\t\t\t\t\t\t\t\t\t\t\t\t\t\t<img decoding=\"async\" src=\"https:\/\/vimafoods.com\/wp-content\/uploads\/2024\/09\/shutterstock_1043889958-min-1.jpg\" class=\"attachment-full size-full wp-image-7778\" alt=\"Hummus De Zanahorias Con Hierbabuena\" \/>\t\t\t\t\t\t\t\t\t\t\t\t\t\t\t<\/div>\n\t\t\t\t<\/div>\n\t\t\t\t<div class=\"elementor-element elementor-element-733f2caa elementor-widget elementor-widget-text-editor\" data-id=\"733f2caa\" data-element_type=\"widget\" data-e-type=\"widget\" data-widget_type=\"text-editor.default\">\n\t\t\t\t<div class=\"elementor-widget-container\">\n\t\t\t\t\t\t\t\t\t<div class=\"container_recipe\"><ul class=\"data_recipe\"><li class=\"info\"><span class=\"block-text num-text\">15 <span class=\"min-text light-text\">MIN<\/span><\/span><span class=\"block-text\">TIEMPO DE PREPARACI\u00d3N<\/span><\/li><li class=\"info\"><span class=\"block-text num-text\">8 <span class=\"min-text light-text\">MIN<\/span><\/span><span class=\"block-text\">TIEMPO DE COCCI\u00d3N<\/span><\/li><li class=\"info\"><span class=\"block-text num-text\">\u00a023<span class=\"min-text light-text\">MIN<\/span><\/span><span class=\"block-text\">TIEMPO TOTAL<\/span><\/li><li class=\"info\"><span class=\"block-text num-text\">8<\/span><span class=\"block-text\">RACIONES<\/span><\/li><\/ul><div class=\"recipe_info\"><p class=\"category\">aperitivos y canap\u00e9s<\/p><h1 class=\"name\">HUMMUS DE ZANAHORIAS CON HIERBABUENA<\/h1><p class=\"origin\"><strong>COCINA:<\/strong> <span style=\"font-weight: 400;\">Medio Oriente<\/span><\/p><div class=\"divider\"><p class=\"title\">Ingredientes<\/p><p><span class=\"line\">\u00a0<\/span><\/p><\/div><ul class=\"list_recipe\"><li><span style=\"font-weight: 400;\">250 g\u00a0<\/span><a href=\"https:\/\/vimafoods.com\/producto\/zanahoria-baby\"><span style=\"font-weight: 400;\">zanahoria baby Vima<\/span><\/a><\/li><li><span style=\"font-weight: 400;\">250<\/span>\u00a0<span style=\"font-weight: 400;\">g <a href=\"https:\/\/vimafoods.com\/producto\/garbanzos\">garbanzos cocidos Vima<\/a><\/span><\/li><li><span style=\"font-weight: 400;\">50<\/span>\u00a0<span style=\"font-weight: 400;\">g\u00a0tomate seco en aceite<\/span><\/li><li><span style=\"font-weight: 400;\">25\u00a0g\u00a0pasta tahina<\/span><\/li><li><span style=\"font-weight: 400;\">25\u00a0g\u00a0almendras tostadas<\/span><\/li><li><span style=\"font-weight: 400;\">2\u00a0<\/span><a href=\"https:\/\/vimafoods.com\/producto\/ajo\"><span style=\"font-weight: 400;\">dientes de ajo congelado Vima<\/span><\/a><\/li><li><span style=\"font-weight: 400;\">10\u00a0g\u00a0perejil fresco<\/span><\/li><li><span style=\"font-weight: 400;\">10\u00a0g\u00a0hierbabuena fresca<\/span><\/li><li><span style=\"font-weight: 400;\">100\u00a0ml\u00a0<\/span><a href=\"https:\/\/vimafoods.com\/producto\/aceite-oliva\"><span style=\"font-weight: 400;\">aceite de oliva v.e. Vima<\/span><\/a><\/li><li><span style=\"font-weight: 400;\">2\u00a0g\u00a0sal fina de mesa<\/span><\/li><li><span style=\"font-weight: 400;\">1\/2\u00a0lima<\/span><\/li><li><span style=\"font-weight: 400;\">1\/2\u00a0naranja<\/span><\/li><li><span style=\"font-weight: 400;\">2\u00a0g\u00a0piment\u00f3n dulce<\/span><\/li><\/ul><div class=\"divider\"><p class=\"title\">Elaboraci\u00f3n paso a paso<\/p><p><span class=\"line\">\u00a0 <\/span><\/p><\/div><p class=\"sub-title\"><strong>Pre elaboraci\u00f3n\u00a0<\/strong><\/p><ul class=\"list_recipe\"><li style=\"font-weight: 400;\" aria-level=\"1\"><span style=\"font-weight: 400;\">Cocer las zanahorias durante 4 minutos en agua y sal, reservar.<\/span><\/li><li style=\"font-weight: 400;\" aria-level=\"1\"><span style=\"font-weight: 400;\">Descongelar el ajo seco pelado.<\/span><\/li><li style=\"font-weight: 400;\" aria-level=\"1\"><span style=\"font-weight: 400;\">Lavar y picar las hierbas.<\/span><\/li><li style=\"font-weight: 400;\" aria-level=\"1\"><span style=\"font-weight: 400;\">Exprimir los c\u00edtricos.<\/span><\/li><\/ul><p class=\"sub-title\"><strong>Elaboraci\u00f3n<\/strong><\/p><ul class=\"list_recipe\"><li style=\"font-weight: 400;\" aria-level=\"1\"><span style=\"font-weight: 400;\">Unir todos los ingredientes en un procesador o t\u00farmix y batir hasta conseguir una masa homog\u00e9nea con textura de untable.<\/span><\/li><li style=\"font-weight: 400;\" aria-level=\"1\"><span style=\"font-weight: 400;\">Dejar reposar durante m\u00ednimo 1 hora para que se mezclen bien los sabores.<\/span><\/li><li style=\"font-weight: 400;\" aria-level=\"1\"><span style=\"font-weight: 400;\">Aderezar con hierbabuena fresca picada, ajonjol\u00ed y aceite de oliva.<\/span><\/li><\/ul><div class=\"divider\"><p class=\"title\"><strong>Observaci\u00f3n Especial:<\/strong><\/p><p><span class=\"line\">\u00a0 <\/span><\/p><\/div><ul class=\"list_recipe\"><li style=\"font-weight: 400;\" aria-level=\"1\"><span style=\"font-weight: 400;\">Ideal como aperitivo fresco y saludable.<\/span><\/li><li style=\"font-weight: 400;\" aria-level=\"1\"><span style=\"font-weight: 400;\">En esta receta podemos sustituir la zanahoria por cualquier otro vegetal precocido o congelado Vima, combinando al gusto y consiguiendo mezclas de hummus perfectos para dipear. Es un plato saludable y una fuente rica en carbohidratos de f\u00e1cil absorci\u00f3n con fibra, vitaminas A , prote\u00ednas, calcio y Zinc<\/span><\/li><li style=\"font-weight: 400;\" aria-level=\"1\"><span style=\"font-weight: 400;\">Se puede servir con tostadas de pan integral, aceitunas, encurtidos, aceites saborizados, frutos secos, etc\u2026<\/span><\/li><\/ul><p class=\"origin\"><strong><b>KEYWORDS<\/b>:<\/strong> <span style=\"font-weight: 400;\">hummus, hierba menta, zanahoria<\/span><\/p><div class=\"share_recipe\"><ul class=\"share_recipe_links\"><li class=\"txt_share\">Comparte<\/li><li class=\"network\"><a href=\"#\"><img decoding=\"async\" src=\"\/wp-content\/uploads\/2024\/09\/icon-facebook.png\" alt=\"\" \/><\/a><\/li><li class=\"network\"><a href=\"#\"><img decoding=\"async\" src=\"\/wp-content\/uploads\/2024\/09\/icon-x.png\" alt=\"\" \/><\/a><\/li><li class=\"network\"><a href=\"#\"><img decoding=\"async\" src=\"\/wp-content\/uploads\/2024\/09\/icon-pinterest.png\" alt=\"\" \/><\/a><\/li><li class=\"network\"><a href=\"#\"><img decoding=\"async\" src=\"\/wp-content\/uploads\/2024\/09\/icon-mail.png\" alt=\"\" \/><\/a><\/li><li class=\"network\"><a href=\"#\"><img decoding=\"async\" src=\"\/wp-content\/uploads\/2024\/09\/icon-print.png\" alt=\"\" \/><\/a><\/li><\/ul><\/div><\/div><\/div>\t\t\t\t\t\t\t\t<\/div>\n\t\t\t\t<\/div>\n\t\t\t\t<\/div>\n\t\t<div class=\"elementor-element elementor-element-251a8e8 e-flex e-con-boxed e-con e-parent\" data-id=\"251a8e8\" data-element_type=\"container\" data-e-type=\"container\" data-settings=\"{&quot;_ha_eqh_enable&quot;:false}\">\n\t\t\t\t\t<div class=\"e-con-inner\">\n\t\t\t\t<div class=\"elementor-element elementor-element-6e1a7e3 elementor-widget elementor-widget-spacer\" data-id=\"6e1a7e3\" data-element_type=\"widget\" data-e-type=\"widget\" data-widget_type=\"spacer.default\">\n\t\t\t\t<div class=\"elementor-widget-container\">\n\t\t\t\t\t\t\t<div class=\"elementor-spacer\">\n\t\t\t<div class=\"elementor-spacer-inner\"><\/div>\n\t\t<\/div>\n\t\t\t\t\t\t<\/div>\n\t\t\t\t<\/div>\n\t\t\t\t\t<\/div>\n\t\t\t\t<\/div>\n\t\t<div class=\"elementor-element elementor-element-c5d5baa e-con-full e-flex e-con e-parent\" data-id=\"c5d5baa\" data-element_type=\"container\" data-e-type=\"container\" id=\"newsletter\" data-settings=\"{&quot;background_background&quot;:&quot;classic&quot;,&quot;_ha_eqh_enable&quot;:false}\">\n\t\t<div class=\"elementor-element elementor-element-e4fdcd9 e-flex e-con-boxed e-con e-child\" data-id=\"e4fdcd9\" data-element_type=\"container\" data-e-type=\"container\" data-settings=\"{&quot;_ha_eqh_enable&quot;:false}\">\n\t\t\t\t\t<div class=\"e-con-inner\">\n\t\t\t\t<div class=\"elementor-element elementor-element-812048 elementor-widget elementor-widget-text-editor\" data-id=\"812048\" data-element_type=\"widget\" data-e-type=\"widget\" data-widget_type=\"text-editor.default\">\n\t\t\t\t<div class=\"elementor-widget-container\">\n\t\t\t\t\t\t\t\t\t<div class=\"info_newsletter\"><div class=\"title\"><img decoding=\"async\" class=\"\" src=\"https:\/\/vimafoods.com\/wp-content\/uploads\/2024\/08\/icon-newsletter.svg\" alt=\"\" \/><strong>NEWSLETTER<\/strong><\/div><div class=\"description\"><p>Suscr\u00edbete y descubre nuestros\u2028productos, recetas y m\u00e1s.<\/p><\/div><\/div>\t\t\t\t\t\t\t\t<\/div>\n\t\t\t\t<\/div>\n\t\t\t\t\t<\/div>\n\t\t\t\t<\/div>\n\t\t<div class=\"elementor-element elementor-element-3d58ad73 e-flex e-con-boxed e-con e-child\" data-id=\"3d58ad73\" data-element_type=\"container\" data-e-type=\"container\" data-settings=\"{&quot;_ha_eqh_enable&quot;:false}\">\n\t\t\t\t\t<div class=\"e-con-inner\">\n\t\t\t\t<div class=\"elementor-element elementor-element-3767fce6 elementor-button-align-center elementor-widget elementor-widget-form\" data-id=\"3767fce6\" data-element_type=\"widget\" data-e-type=\"widget\" data-settings=\"{&quot;button_width&quot;:&quot;20&quot;,&quot;step_next_label&quot;:&quot;Next&quot;,&quot;step_previous_label&quot;:&quot;Previous&quot;,&quot;button_width_mobile&quot;:&quot;100&quot;,&quot;step_type&quot;:&quot;number_text&quot;,&quot;step_icon_shape&quot;:&quot;circle&quot;}\" data-widget_type=\"form.default\">\n\t\t\t\t<div class=\"elementor-widget-container\">\n\t\t\t\t\t\t\t<form class=\"elementor-form\" method=\"post\" name=\"News\" aria-label=\"News\">\n\t\t\t<input type=\"hidden\" name=\"post_id\" value=\"7890\"\/>\n\t\t\t<input type=\"hidden\" name=\"form_id\" value=\"3767fce6\"\/>\n\t\t\t<input type=\"hidden\" name=\"referer_title\" value=\"Hummus De Zanahorias Con Hierbabuena\" \/>\n\n\t\t\t\t\t\t\t<input type=\"hidden\" name=\"queried_id\" value=\"7890\"\/>\n\t\t\t\n\t\t\t<div class=\"elementor-form-fields-wrapper elementor-labels-\">\n\t\t\t\t\t\t\t\t<div class=\"elementor-field-type-text elementor-field-group elementor-column elementor-field-group-name elementor-col-20\">\n\t\t\t\t\t\t\t\t\t\t\t\t<label for=\"form-field-name\" class=\"elementor-field-label elementor-screen-only\">\n\t\t\t\t\t\t\t\tNombre\t\t\t\t\t\t\t<\/label>\n\t\t\t\t\t\t\t\t\t\t\t\t\t\t<input size=\"1\" type=\"text\" name=\"form_fields[name]\" id=\"form-field-name\" class=\"elementor-field elementor-size-lg  elementor-field-textual\" placeholder=\"Nombre\">\n\t\t\t\t\t\t\t\t\t\t\t<\/div>\n\t\t\t\t\t\t\t\t<div class=\"elementor-field-type-email elementor-field-group elementor-column elementor-field-group-email elementor-col-60 elementor-field-required\">\n\t\t\t\t\t\t\t\t\t\t\t\t<label for=\"form-field-email\" class=\"elementor-field-label elementor-screen-only\">\n\t\t\t\t\t\t\t\tCorreo electr\u00f3nico\t\t\t\t\t\t\t<\/label>\n\t\t\t\t\t\t\t\t\t\t\t\t\t\t<input size=\"1\" type=\"email\" name=\"form_fields[email]\" id=\"form-field-email\" class=\"elementor-field elementor-size-lg  elementor-field-textual\" placeholder=\"Correo electr\u00f3nico\" required=\"required\">\n\t\t\t\t\t\t\t\t\t\t\t<\/div>\n\t\t\t\t\t\t\t\t<div class=\"elementor-field-group elementor-column elementor-field-type-submit elementor-col-20 e-form__buttons elementor-sm-100\">\n\t\t\t\t\t<button class=\"elementor-button elementor-size-sm\" type=\"submit\">\n\t\t\t\t\t\t<span class=\"elementor-button-content-wrapper\">\n\t\t\t\t\t\t\t\t\t\t\t\t\t\t\t\t\t\t\t\t\t\t<span class=\"elementor-button-text\">Enviar<\/span>\n\t\t\t\t\t\t\t\t\t\t\t\t\t<\/span>\n\t\t\t\t\t<\/button>\n\t\t\t\t<\/div>\n\t\t\t<\/div>\n\t\t<\/form>\n\t\t\t\t\t\t<\/div>\n\t\t\t\t<\/div>\n\t\t\t\t\t<\/div>\n\t\t\t\t<\/div>\n\t\t\t\t<\/div>\n\t\t\t\t<\/div>\n\t\t","protected":false},"excerpt":{"rendered":"<p>15 MINTIEMPO DE PREPARACI\u00d3N 8 MINTIEMPO DE COCCI\u00d3N \u00a023MINTIEMPO TOTAL 8RACIONES aperitivos y canap\u00e9s HUMMUS DE ZANAHORIAS CON HIERBABUENA COCINA: Medio Oriente Ingredientes \u00a0 250 g\u00a0zanahoria baby Vima 250\u00a0g garbanzos cocidos Vima 50\u00a0g\u00a0tomate seco en aceite 25\u00a0g\u00a0pasta tahina 25\u00a0g\u00a0almendras tostadas 2\u00a0dientes de ajo congelado Vima 10\u00a0g\u00a0perejil fresco 10\u00a0g\u00a0hierbabuena fresca 100\u00a0ml\u00a0aceite de oliva v.e. Vima 2\u00a0g\u00a0sal [&hellip;]<\/p>\n","protected":false},"author":1,"featured_media":7778,"parent":0,"menu_order":0,"comment_status":"closed","ping_status":"closed","template":"","meta":{"nf_dc_page":"","footnotes":""},"class_list":["post-7890","page","type-page","status-publish","has-post-thumbnail","hentry"],"blocksy_meta":[],"_links":{"self":[{"href":"https:\/\/vimafoods.com\/eng\/wp-json\/wp\/v2\/pages\/7890","targetHints":{"allow":["GET"]}}],"collection":[{"href":"https:\/\/vimafoods.com\/eng\/wp-json\/wp\/v2\/pages"}],"about":[{"href":"https:\/\/vimafoods.com\/eng\/wp-json\/wp\/v2\/types\/page"}],"author":[{"embeddable":true,"href":"https:\/\/vimafoods.com\/eng\/wp-json\/wp\/v2\/users\/1"}],"replies":[{"embeddable":true,"href":"https:\/\/vimafoods.com\/eng\/wp-json\/wp\/v2\/comments?post=7890"}],"version-history":[{"count":0,"href":"https:\/\/vimafoods.com\/eng\/wp-json\/wp\/v2\/pages\/7890\/revisions"}],"wp:featuredmedia":[{"embeddable":true,"href":"https:\/\/vimafoods.com\/eng\/wp-json\/wp\/v2\/media\/7778"}],"wp:attachment":[{"href":"https:\/\/vimafoods.com\/eng\/wp-json\/wp\/v2\/media?parent=7890"}],"curies":[{"name":"wp","href":"https:\/\/api.w.org\/{rel}","templated":true}]}}