{"id":6381,"date":"2024-09-05T11:35:35","date_gmt":"2024-09-05T09:35:35","guid":{"rendered":"https:\/\/prueba.alfaomegainsurance.com\/?page_id=6381"},"modified":"2024-09-30T02:20:38","modified_gmt":"2024-09-30T00:20:38","slug":"receta-prueba","status":"publish","type":"page","link":"https:\/\/vimafoods.com\/eng\/receta-prueba\/","title":{"rendered":"Receta-prueba"},"content":{"rendered":"\t\t<div data-elementor-type=\"wp-page\" data-elementor-id=\"6381\" class=\"elementor elementor-6381\" data-elementor-settings=\"{&quot;ha_cmc_init_switcher&quot;:&quot;no&quot;}\" data-elementor-post-type=\"page\">\n\t\t\t\t<div class=\"elementor-element elementor-element-1587f25e e-grid e-con-full e-con e-parent\" data-id=\"1587f25e\" data-element_type=\"container\" data-e-type=\"container\" data-settings=\"{&quot;_ha_eqh_enable&quot;:false}\">\n\t\t\t\t<div class=\"elementor-element elementor-element-334a2dd1 elementor-widget elementor-widget-image\" data-id=\"334a2dd1\" data-element_type=\"widget\" data-e-type=\"widget\" id=\"background-recipe\" data-widget_type=\"image.default\">\n\t\t\t\t<div class=\"elementor-widget-container\">\n\t\t\t\t\t\t\t\t\t\t\t\t\t\t\t<img loading=\"lazy\" decoding=\"async\" width=\"870\" height=\"470\" src=\"https:\/\/vimafoods.com\/wp-content\/uploads\/2024\/09\/bg-recipe.jpg\" class=\"attachment-full size-full wp-image-5442\" alt=\"\" srcset=\"https:\/\/vimafoods.com\/wp-content\/uploads\/2024\/09\/bg-recipe.jpg 870w, https:\/\/vimafoods.com\/wp-content\/uploads\/2024\/09\/bg-recipe-300x162.jpg 300w, https:\/\/vimafoods.com\/wp-content\/uploads\/2024\/09\/bg-recipe-768x415.jpg 768w\" sizes=\"auto, (max-width: 870px) 100vw, 870px\" \/>\t\t\t\t\t\t\t\t\t\t\t\t\t\t\t<\/div>\n\t\t\t\t<\/div>\n\t\t\t\t<div class=\"elementor-element elementor-element-b6e32be elementor-widget elementor-widget-text-editor\" data-id=\"b6e32be\" data-element_type=\"widget\" data-e-type=\"widget\" data-widget_type=\"text-editor.default\">\n\t\t\t\t<div class=\"elementor-widget-container\">\n\t\t\t\t\t\t\t\t\t<div class=\"container_recipe\">\n    <ul class=\"data_recipe\">\n        <li class=\"info\">\n            <span class=\"block-text num-text\">45 <span class=\"min-text light-text\">MIN<\/span><\/span>\n            <span class=\"block-text\">TIEMPO DE PREPARACI\u00d3N<\/span>\n        <\/li>\n        <li class=\"info\">\n            <span class=\"block-text num-text\">20 <span class=\"min-text light-text\">MIN<\/span><\/span>\n            <span class=\"block-text\">TIEMPO DE COCCI\u00d3N<\/span>\n        <\/li>\n        <li class=\"info\">\n            <span class=\"block-text num-text\">1<span class=\"min-text light-text\">H<\/span> 45<span class=\"min-text light-text\">MIN<\/span><\/span>\n            <span class=\"block-text\">TIEMPO TOTAL<\/span>\n        <\/li>\n        <li class=\"info\">\n            <span class=\"block-text num-text\">8<\/span>\n            <span class=\"block-text\">RACIONES<\/span>\n        <\/li>\n    <\/ul>\n\n\n    <div class=\"recipe_info\">\n        <p class=\"category\">aperitivos y canap\u00e9s<\/p>\n        <h1 class=\"name\">Zrazy de patatas con pechuga y coliflor<\/h1>\n        <p class=\"origin\"><strong>COCINA:<\/strong> Europa del este, Polonia<\/p>\n        <div class=\"divider\"><p class=\"title\">Ingredientes<\/p><span class=\"line\"><\/span><\/div>\n        <p class=\"sub-title\">Para el pur\u00e9 de patatas<\/p>\n        <ul class=\"list_recipe\">\n            <li>250 g copos de <a href=\"#\">patata vima<\/a><\/li>\n            <li>3 cup leche entera<\/li>\n            <li>100 g de mantequilla<\/li>\n            <li>75 g queso parmesano rallado<\/li>\n            <li>2 g sal fina<\/li>\n            <li>25 g harina de trigo<\/li>\n            <li>1 g pimienta blanca molida<\/li>\n        <\/ul>\n        <p class=\"sub-title\">Para el relleno<\/p>\n        <ul class=\"list_recipe\">\n            <li>100 g cebolla blanca<\/li>\n            <li>100 g setas shitake<\/li>\n            <li>150 g pechuga de pollo cruda<\/li>\n            <li>150 g coliflor congelada Vima<\/li>\n            <li>15 g ajo congelado Vima<\/li>\n            <li>15 g perejil<\/li>\n            <li>1 cup nata fresca<\/li>\n            <li>5 g sal fina de mesa<\/li>\n            <li>1 cup aceite de oliva v.e. Vima<\/li>\n        <\/ul>\n        <div class=\"divider\"><p class=\"title\">Elaboraci\u00f3n paso apaso<\/p><span class=\"line\"><\/span><\/div>\n        <p class=\"sub-title\">Para el pur\u00e9 de patatas<\/p>\n        <ul class=\"list_recipe\">\n            <li>Vierta en un cazo la leche, sal, pimienta blanca y p\u00f3ngalo al fuego. Antes de hervir apague el fuego y a\u00f1ada los copos de pur\u00e9 de patata moviendo en\u00e9rgicamente hasta conseguir un pur\u00e9 espeso.<\/li>\n            <li>A\u00f1adir fuera del fuego la mantequilla en trocitos y el queso parmesano rallado y mezclar sin parar de batir hasta su total incorporaci\u00f3n.<\/li>\n            <li>Por \u00faltimo agregar la harina y mezclar bien, dejar reposar 30 minutos.<\/li>\n        <\/ul>\n        <p class=\"sub-title\">Para el relleno<\/p>\n        <ul class=\"list_recipe\">\n            <li>En una olla, ponga la pechuga a cocer en agua y sal, una vez cocida enfriar y picar bien fina.<\/li>\n            <li>Ralle la cebolla y la coliflor con ayuda de un procesador, a\u00f1ada entonces el perejil fresco y ajo bien picados.<\/li>\n            <li>Corte en l\u00e1minas finas las setas.<\/li>\n            <li>En cazuela con el aceite de oliva bien caliente, a\u00f1adir y rehogar en el siguiente orden, cebolla, coliflor, setas, pechuga hervida, ajo y perejil, y por \u00faltimo a\u00f1adirle la nata fresca cocinando por 5 minutos. Sazonar y dejar reposar.<\/li>\n        <\/ul>\n        <div class=\"divider\"><p class=\"title\">para rellenar los zrazy<\/p><span class=\"line\"><\/span><\/div>\n        <ul class=\"list_recipe\">\n            <li>Hacer, untando las manos con un poco de aceite, unas bolas de pur\u00e9, y rellenar con la mezcla de pollo y verduras dejando espacio para poder cerrar quedando unos discos de 5 cent\u00edmetros de di\u00e1metro, dej\u00e1ndolos en superficie engrasada o papel encerado para que no se peguen.<\/li>\n            <li>Una vez tengamos todos y del tama\u00f1o deseado, fre\u00edr en aceite bien caliente por las dos caras. Deben quedar dorados pero sin sumergirlos en grasa.<\/li>\n            <li>Listos para degustar con salsa al gusto, podemos servirla con una mayonesa de finas hiervas o jengibre, que es ideal para el pollo.<\/li>\n        <\/ul>\n\n        \n        <p class=\"origin\"><strong>KEYWORKS:<\/strong> coliflor, papas, patatas, pollo,zrazy<\/p>\n        <div class=\"share_recipe\">\n            <ul class=\"share_recipe_links\">\n                <li class=\"txt_share\">Comprte<\/li>\n                <li class=\"network\"><a href=\"#\"><img decoding=\"async\" src=\"https:\/\/vimafoods.com\/wp-content\/uploads\/2024\/09\/icon-facebook.png\" alt=\"\"><\/a><\/li>\n                <li class=\"network\"><a href=\"#\"><img decoding=\"async\" src=\"https:\/\/vimafoods.com\/wp-content\/uploads\/2024\/09\/icon-x.png\" alt=\"\"><\/a><\/li>\n                <li class=\"network\"><a href=\"#\"><img decoding=\"async\" src=\"https:\/\/vimafoods.com\/wp-content\/uploads\/2024\/09\/icon-pinterest.png\" alt=\"\"><\/a><\/li>\n                <li class=\"network\"><a href=\"#\"><img decoding=\"async\" src=\"https:\/\/vimafoods.com\/wp-content\/uploads\/2024\/09\/icon-mail.png\" alt=\"\"><\/a><\/li>\n                <li class=\"network\"><a href=\"#\"><img decoding=\"async\" src=\"https:\/\/vimafoods.com\/wp-content\/uploads\/2024\/09\/icon-print.png\" alt=\"\"><\/a><\/li>\n            <\/ul>\n        <\/div>\n    <\/div>\n<\/div>\t\t\t\t\t\t\t\t<\/div>\n\t\t\t\t<\/div>\n\t\t\t\t<\/div>\n\t\t<div class=\"elementor-element elementor-element-1c53d0e e-con-full e-flex e-con e-parent\" data-id=\"1c53d0e\" data-element_type=\"container\" data-e-type=\"container\" data-settings=\"{&quot;_ha_eqh_enable&quot;:false}\">\n\t\t<div class=\"elementor-element elementor-element-bc57f03 e-con-full e-flex e-con e-child\" data-id=\"bc57f03\" data-element_type=\"container\" data-e-type=\"container\" data-settings=\"{&quot;background_background&quot;:&quot;classic&quot;,&quot;_ha_eqh_enable&quot;:false}\">\n\t\t<div class=\"elementor-element elementor-element-3db1ad6 e-flex e-con-boxed e-con e-child\" data-id=\"3db1ad6\" data-element_type=\"container\" data-e-type=\"container\" data-settings=\"{&quot;_ha_eqh_enable&quot;:false}\">\n\t\t\t\t\t<div class=\"e-con-inner\">\n\t\t\t\t<div class=\"elementor-element elementor-element-0d8a271 elementor-widget elementor-widget-text-editor\" data-id=\"0d8a271\" data-element_type=\"widget\" data-e-type=\"widget\" data-widget_type=\"text-editor.default\">\n\t\t\t\t<div class=\"elementor-widget-container\">\n\t\t\t\t\t\t\t\t\t<div class=\"info_newsletter\"><div class=\"title\"><img decoding=\"async\" class=\"\" src=\"https:\/\/vimafoods.com\/wp-content\/uploads\/2024\/08\/icon-newsletter.svg\" alt=\"\" \/>NEWSLETTER<\/div><div class=\"description\"><p>Suscr\u00edbete y descubre nuestros\u2028productos, recetas y m\u00e1s.<\/p><\/div><\/div>\t\t\t\t\t\t\t\t<\/div>\n\t\t\t\t<\/div>\n\t\t\t\t\t<\/div>\n\t\t\t\t<\/div>\n\t\t<div class=\"elementor-element elementor-element-06175a6 e-flex e-con-boxed e-con e-child\" data-id=\"06175a6\" data-element_type=\"container\" data-e-type=\"container\" data-settings=\"{&quot;_ha_eqh_enable&quot;:false}\">\n\t\t\t\t\t<div class=\"e-con-inner\">\n\t\t\t\t<div class=\"elementor-element elementor-element-dd2d4fa elementor-button-align-center elementor-widget elementor-widget-form\" data-id=\"dd2d4fa\" data-element_type=\"widget\" data-e-type=\"widget\" data-settings=\"{&quot;button_width&quot;:&quot;20&quot;,&quot;step_next_label&quot;:&quot;Next&quot;,&quot;step_previous_label&quot;:&quot;Previous&quot;,&quot;button_width_mobile&quot;:&quot;100&quot;,&quot;step_type&quot;:&quot;number_text&quot;,&quot;step_icon_shape&quot;:&quot;circle&quot;}\" data-widget_type=\"form.default\">\n\t\t\t\t<div class=\"elementor-widget-container\">\n\t\t\t\t\t\t\t<form class=\"elementor-form\" method=\"post\" name=\"News\" aria-label=\"News\">\n\t\t\t<input type=\"hidden\" name=\"post_id\" value=\"6381\"\/>\n\t\t\t<input type=\"hidden\" name=\"form_id\" value=\"dd2d4fa\"\/>\n\t\t\t<input type=\"hidden\" name=\"referer_title\" value=\"Receta-prueba\" \/>\n\n\t\t\t\t\t\t\t<input type=\"hidden\" name=\"queried_id\" value=\"6381\"\/>\n\t\t\t\n\t\t\t<div class=\"elementor-form-fields-wrapper elementor-labels-\">\n\t\t\t\t\t\t\t\t<div class=\"elementor-field-type-text elementor-field-group elementor-column elementor-field-group-name elementor-col-20\">\n\t\t\t\t\t\t\t\t\t\t\t\t<label for=\"form-field-name\" class=\"elementor-field-label elementor-screen-only\">\n\t\t\t\t\t\t\t\tNombre\t\t\t\t\t\t\t<\/label>\n\t\t\t\t\t\t\t\t\t\t\t\t\t\t<input size=\"1\" type=\"text\" name=\"form_fields[name]\" id=\"form-field-name\" class=\"elementor-field elementor-size-lg  elementor-field-textual\" placeholder=\"Nombre\">\n\t\t\t\t\t\t\t\t\t\t\t<\/div>\n\t\t\t\t\t\t\t\t<div class=\"elementor-field-type-email elementor-field-group elementor-column elementor-field-group-email elementor-col-60 elementor-field-required\">\n\t\t\t\t\t\t\t\t\t\t\t\t<label for=\"form-field-email\" class=\"elementor-field-label elementor-screen-only\">\n\t\t\t\t\t\t\t\tEmail\t\t\t\t\t\t\t<\/label>\n\t\t\t\t\t\t\t\t\t\t\t\t\t\t<input size=\"1\" type=\"email\" name=\"form_fields[email]\" id=\"form-field-email\" class=\"elementor-field elementor-size-lg  elementor-field-textual\" placeholder=\"Email\" required=\"required\">\n\t\t\t\t\t\t\t\t\t\t\t<\/div>\n\t\t\t\t\t\t\t\t<div class=\"elementor-field-group elementor-column elementor-field-type-submit elementor-col-20 e-form__buttons elementor-sm-100\">\n\t\t\t\t\t<button class=\"elementor-button elementor-size-sm\" type=\"submit\">\n\t\t\t\t\t\t<span class=\"elementor-button-content-wrapper\">\n\t\t\t\t\t\t\t\t\t\t\t\t\t\t\t\t\t\t\t\t\t\t<span class=\"elementor-button-text\">Enviar<\/span>\n\t\t\t\t\t\t\t\t\t\t\t\t\t<\/span>\n\t\t\t\t\t<\/button>\n\t\t\t\t<\/div>\n\t\t\t<\/div>\n\t\t<\/form>\n\t\t\t\t\t\t<\/div>\n\t\t\t\t<\/div>\n\t\t\t\t\t<\/div>\n\t\t\t\t<\/div>\n\t\t\t\t<\/div>\n\t\t\t\t<\/div>\n\t\t\t\t<\/div>\n\t\t","protected":false},"excerpt":{"rendered":"<p>45 MIN TIEMPO DE PREPARACI\u00d3N 20 MIN TIEMPO DE COCCI\u00d3N 1H 45MIN TIEMPO TOTAL 8 RACIONES aperitivos y canap\u00e9s Zrazy de patatas con pechuga y coliflor COCINA: Europa del este, Polonia Ingredientes Para el pur\u00e9 de patatas 250 g copos de patata vima 3 cup leche entera 100 g de mantequilla 75 g queso parmesano [&hellip;]<\/p>\n","protected":false},"author":1,"featured_media":5442,"parent":0,"menu_order":0,"comment_status":"closed","ping_status":"closed","template":"","meta":{"nf_dc_page":"","footnotes":""},"class_list":["post-6381","page","type-page","status-publish","has-post-thumbnail","hentry"],"blocksy_meta":[],"_links":{"self":[{"href":"https:\/\/vimafoods.com\/eng\/wp-json\/wp\/v2\/pages\/6381","targetHints":{"allow":["GET"]}}],"collection":[{"href":"https:\/\/vimafoods.com\/eng\/wp-json\/wp\/v2\/pages"}],"about":[{"href":"https:\/\/vimafoods.com\/eng\/wp-json\/wp\/v2\/types\/page"}],"author":[{"embeddable":true,"href":"https:\/\/vimafoods.com\/eng\/wp-json\/wp\/v2\/users\/1"}],"replies":[{"embeddable":true,"href":"https:\/\/vimafoods.com\/eng\/wp-json\/wp\/v2\/comments?post=6381"}],"version-history":[{"count":0,"href":"https:\/\/vimafoods.com\/eng\/wp-json\/wp\/v2\/pages\/6381\/revisions"}],"wp:featuredmedia":[{"embeddable":true,"href":"https:\/\/vimafoods.com\/eng\/wp-json\/wp\/v2\/media\/5442"}],"wp:attachment":[{"href":"https:\/\/vimafoods.com\/eng\/wp-json\/wp\/v2\/media?parent=6381"}],"curies":[{"name":"wp","href":"https:\/\/api.w.org\/{rel}","templated":true}]}}