{"id":11217,"date":"2024-09-12T19:05:20","date_gmt":"2024-09-12T17:05:20","guid":{"rendered":"https:\/\/dms.nmb.mybluehost.me\/?page_id=11217"},"modified":"2024-09-30T19:48:15","modified_gmt":"2024-09-30T17:48:15","slug":"espuma-de-queso-con-grosellas-y-arandanos","status":"publish","type":"page","link":"https:\/\/vimafoods.com\/eng\/espuma-de-queso-con-grosellas-y-arandanos\/","title":{"rendered":"Espuma de queso con grosellas y ar\u00e1ndanos"},"content":{"rendered":"\t\t<div data-elementor-type=\"wp-page\" data-elementor-id=\"11217\" class=\"elementor elementor-11217\" data-elementor-settings=\"{&quot;ha_cmc_init_switcher&quot;:&quot;no&quot;}\" data-elementor-post-type=\"page\">\n\t\t\t\t<div class=\"elementor-element elementor-element-59494be4 e-grid e-con-full e-con e-parent\" data-id=\"59494be4\" data-element_type=\"container\" data-e-type=\"container\" data-settings=\"{&quot;_ha_eqh_enable&quot;:false}\">\n\t\t\t\t<div class=\"elementor-element elementor-element-229393f elementor-widget elementor-widget-image\" data-id=\"229393f\" data-element_type=\"widget\" data-e-type=\"widget\" id=\"background-recipe\" data-widget_type=\"image.default\">\n\t\t\t\t<div class=\"elementor-widget-container\">\n\t\t\t\t\t\t\t\t\t\t\t\t\t\t\t<img loading=\"lazy\" decoding=\"async\" width=\"870\" height=\"470\" src=\"https:\/\/vimafoods.com\/wp-content\/uploads\/2024\/08\/11.jpg\" class=\"attachment-full size-full wp-image-3272\" alt=\"\" srcset=\"https:\/\/vimafoods.com\/wp-content\/uploads\/2024\/08\/11.jpg 870w, https:\/\/vimafoods.com\/wp-content\/uploads\/2024\/08\/11-300x162.jpg 300w, https:\/\/vimafoods.com\/wp-content\/uploads\/2024\/08\/11-768x415.jpg 768w\" sizes=\"auto, (max-width: 870px) 100vw, 870px\" \/>\t\t\t\t\t\t\t\t\t\t\t\t\t\t\t<\/div>\n\t\t\t\t<\/div>\n\t\t\t\t<div class=\"elementor-element elementor-element-6c71be27 elementor-widget elementor-widget-text-editor\" data-id=\"6c71be27\" data-element_type=\"widget\" data-e-type=\"widget\" data-widget_type=\"text-editor.default\">\n\t\t\t\t<div class=\"elementor-widget-container\">\n\t\t\t\t\t\t\t\t\t<div class=\"container_recipe\"><ul class=\"data_recipe\"><li class=\"info\"><span class=\"block-text num-text\">45 <span class=\"min-text light-text\">MIN<\/span><\/span><span class=\"block-text\">TIEMPO DE PREPARACI\u00d3N<\/span><\/li><li class=\"info\"><span class=\"block-text num-text\">45 <span class=\"min-text light-text\">MIN<\/span><\/span><span class=\"block-text\">TIEMPO DE COCCI\u00d3N<\/span><\/li><li class=\"info\"><span class=\"block-text num-text\">\u00a01<span class=\"min-text light-text\">H <\/span>30<span class=\"min-text light-text\">M <\/span><\/span><span class=\"block-text\">TIEMPO TOTAL<\/span><\/li><li class=\"info\"><span class=\"block-text num-text\">1<\/span><span class=\"block-text\">RACIONES<\/span><\/li><\/ul><div class=\"recipe_info\"><p class=\"category\"><span style=\"font-weight: 400;\">Postres<\/span><\/p><h1 class=\"name\"><b>Espuma de queso con grosellas y ar\u00e1ndanos<\/b><\/h1><p class=\"origin\"><strong>COCINA:<\/strong> <span style=\"font-weight: 400;\">Inglesa<\/span><\/p><div class=\"divider\"><p class=\"title\">Ingredientes<\/p><p><span class=\"line\">\u00a0<\/span><\/p><\/div><p class=\"sub-title\"><b>Para la espuma de queso<\/b><\/p><ul class=\"list_recipe\"><li style=\"font-weight: 400;\" aria-level=\"1\"><span style=\"font-weight: 400;\">500\u00a0ml\u00a0nata l\u00edquida<\/span><\/li><li style=\"font-weight: 400;\" aria-level=\"1\"><span style=\"font-weight: 400;\">300\u00a0ml\u00a0queso crema<\/span><\/li><li style=\"font-weight: 400;\" aria-level=\"1\"><span style=\"font-weight: 400;\">250\u00a0g\u00a0de az\u00facar<\/span><\/li><li style=\"font-weight: 400;\" aria-level=\"1\"><span style=\"font-weight: 400;\">5-6\u00a0hojas de gelatina<\/span><\/li><\/ul><p class=\"sub-title\"><b>Para la gelatina de ar\u00e1ndanos y grosellas<\/b><\/p><ul class=\"list_recipe\"><li style=\"font-weight: 400;\" aria-level=\"1\"><span style=\"font-weight: 400;\">100\u00a0g\u00a0grosellas rojas Vima<\/span><\/li><li style=\"font-weight: 400;\" aria-level=\"1\"><span style=\"font-weight: 400;\">100\u00a0g\u00a0<\/span><a href=\"https:\/\/vimafoods.com\/producto\/arandano\"><span style=\"font-weight: 400;\">ar\u00e1ndanos Vima<\/span><\/a><\/li><li style=\"font-weight: 400;\" aria-level=\"1\"><span style=\"font-weight: 400;\">100\u00a0g\u00a0az\u00facar blanca<\/span><\/li><li style=\"font-weight: 400;\" aria-level=\"1\"><span style=\"font-weight: 400;\">2\u00a0hojas de gelatina neutra<\/span><\/li><\/ul><p class=\"sub-title\"><b>Para el crumble de cacao y canela<\/b><\/p><ul class=\"list_recipe\"><li style=\"font-weight: 400;\" aria-level=\"1\"><span style=\"font-weight: 400;\">250\u00a0g\u00a0harina<\/span><\/li><li style=\"font-weight: 400;\" aria-level=\"1\"><span style=\"font-weight: 400;\">200\u00a0g\u00a0<\/span><a href=\"https:\/\/vimafoods.com\/producto\/mantequilla\"><span style=\"font-weight: 400;\">mantequilla<\/span><\/a><\/li><li style=\"font-weight: 400;\" aria-level=\"1\"><span style=\"font-weight: 400;\">1\/2\u00a0cup\u00a0leche<\/span><\/li><li style=\"font-weight: 400;\" aria-level=\"1\"><span style=\"font-weight: 400;\">1\/2\u00a0cup\u00a0cacao en polvo<\/span><\/li><li style=\"font-weight: 400;\" aria-level=\"1\"><span style=\"font-weight: 400;\">1\u00a0tbsp\u00a0canela<\/span><\/li><li style=\"font-weight: 400;\" aria-level=\"1\"><span style=\"font-weight: 400;\">1\/3\u00a0tbsp\u00a0sal<\/span><\/li><\/ul><div class=\"divider\"><p class=\"title\">Elaboraci\u00f3n paso a paso<\/p><p><span class=\"line\">\u00a0 <\/span><\/p><\/div><p class=\"sub-title\"><b>Preparaci\u00f3n la gelatina de grosellas y ar\u00e1ndanos<\/b><\/p><ul class=\"list_recipe\"><li style=\"font-weight: 400;\" aria-level=\"1\"><span style=\"font-weight: 400;\">Mezclar el az\u00facar con el agua y poner a hervir en una cazuela. Cuando empieza a hervir a\u00f1adir los frutos rojos y cocer durante 5 minutos.<\/span><\/li><li style=\"font-weight: 400;\" aria-level=\"1\"><span style=\"font-weight: 400;\">Una vez cocidos a\u00f1adir la gelatina hidratada y disolver moviendo la mezcla fuera del fuego.<\/span><\/li><li style=\"font-weight: 400;\" aria-level=\"1\"><span style=\"font-weight: 400;\">Verter la gelatina caliente en los moldes a 0.5 cm de ancho y enfriar hasta que se coagule.<\/span><\/li><\/ul><p class=\"sub-title\"><b>Preparaci\u00f3n la espuma<\/b><\/p><ul class=\"list_recipe\"><li style=\"font-weight: 400;\" aria-level=\"1\"><span style=\"font-weight: 400;\">Enfriar la nata y montar con el az\u00facar y queso crema hasta conseguir una espuma compacta y homog\u00e9nea.<\/span><\/li><li style=\"font-weight: 400;\" aria-level=\"1\"><span style=\"font-weight: 400;\">Hervir en una parte de la nata reservada la gelatina. A\u00f1adirla al final batiendo y mezclado r\u00e1pido antes de que se gelatinice.<\/span><\/li><li style=\"font-weight: 400;\" aria-level=\"1\"><span style=\"font-weight: 400;\">Llenar los moldes de la gelatina y enfriar, dejando 1\/2 cm sin llenar con la espuma.<\/span><\/li><\/ul><p class=\"sub-title\"><b>Para el crumble de cacao y canela<\/b><\/p><ul class=\"list_recipe\"><li style=\"font-weight: 400;\" aria-level=\"1\"><span style=\"font-weight: 400;\">Mezclar la mantequilla en pomada con todo lo dem\u00e1s, estirar la mezcla y hornear a 170\u00baC unos 15 minutos.<\/span><\/li><li style=\"font-weight: 400;\" aria-level=\"1\"><span style=\"font-weight: 400;\">Al salir del horno dejar enfriar y romper hasta conseguir una especia de arenilla.<\/span><\/li><li style=\"font-weight: 400;\" aria-level=\"1\"><span style=\"font-weight: 400;\">Dar consistencia a\u00f1adiendo en fr\u00edo una parte de la mantequilla derretida, poner esto dentro de los moldes en el espacio sobre el mousse bien y con la esp\u00e1tula dejar liso a ras.<\/span><\/li><li style=\"font-weight: 400;\" aria-level=\"1\"><span style=\"font-weight: 400;\">Refrigerar o congelar.<\/span><\/li><\/ul><div class=\"divider\"><p class=\"title\"><strong><b>Montaje<\/b>:<\/strong><\/p><\/div><ul class=\"list_recipe\"><li style=\"font-weight: 400;\" aria-level=\"1\"><span style=\"font-weight: 400;\">Desmoldar para su degustaci\u00f3n unos minutos antes situ\u00e1ndose directamente en el plato.<\/span><\/li><li style=\"font-weight: 400;\" aria-level=\"1\"><span style=\"font-weight: 400;\">Decorar con ar\u00e1ndanos, grosellas o cualquier tipo de frutos de la marca Vima.<\/span><\/li><\/ul><p class=\"origin\"><strong><b>KEYWORDS<\/b>:<\/strong> <span style=\"font-weight: 400;\">ar\u00e1ndanos, grosellas, queso<\/span><\/p><div class=\"share_recipe\"><ul class=\"share_recipe_links\"><li class=\"txt_share\">Comparte<\/li><li class=\"network\"><a href=\"#\"><img decoding=\"async\" src=\"\/wp-content\/uploads\/2024\/09\/icon-facebook.png\" alt=\"\" \/><\/a><\/li><li class=\"network\"><a href=\"#\"><img decoding=\"async\" src=\"\/wp-content\/uploads\/2024\/09\/icon-x.png\" alt=\"\" \/><\/a><\/li><li class=\"network\"><a href=\"#\"><img decoding=\"async\" src=\"\/wp-content\/uploads\/2024\/09\/icon-pinterest.png\" alt=\"\" \/><\/a><\/li><li class=\"network\"><a href=\"#\"><img decoding=\"async\" src=\"\/wp-content\/uploads\/2024\/09\/icon-mail.png\" alt=\"\" \/><\/a><\/li><li class=\"network\"><a href=\"#\"><img decoding=\"async\" src=\"\/wp-content\/uploads\/2024\/09\/icon-print.png\" alt=\"\" \/><\/a><\/li><\/ul><\/div><\/div><\/div>\t\t\t\t\t\t\t\t<\/div>\n\t\t\t\t<\/div>\n\t\t\t\t<\/div>\n\t\t<div class=\"elementor-element elementor-element-3b815edb e-flex e-con-boxed e-con e-parent\" data-id=\"3b815edb\" data-element_type=\"container\" data-e-type=\"container\" data-settings=\"{&quot;_ha_eqh_enable&quot;:false}\">\n\t\t\t\t\t<div class=\"e-con-inner\">\n\t\t\t\t<div class=\"elementor-element elementor-element-69f9dd07 elementor-widget elementor-widget-spacer\" data-id=\"69f9dd07\" data-element_type=\"widget\" data-e-type=\"widget\" data-widget_type=\"spacer.default\">\n\t\t\t\t<div class=\"elementor-widget-container\">\n\t\t\t\t\t\t\t<div class=\"elementor-spacer\">\n\t\t\t<div class=\"elementor-spacer-inner\"><\/div>\n\t\t<\/div>\n\t\t\t\t\t\t<\/div>\n\t\t\t\t<\/div>\n\t\t\t\t\t<\/div>\n\t\t\t\t<\/div>\n\t\t<div class=\"elementor-element elementor-element-49d6de68 e-con-full e-flex e-con e-parent\" data-id=\"49d6de68\" data-element_type=\"container\" data-e-type=\"container\" id=\"newsletter\" data-settings=\"{&quot;background_background&quot;:&quot;classic&quot;,&quot;_ha_eqh_enable&quot;:false}\">\n\t\t<div class=\"elementor-element elementor-element-428c087b e-flex e-con-boxed e-con e-child\" data-id=\"428c087b\" data-element_type=\"container\" data-e-type=\"container\" data-settings=\"{&quot;_ha_eqh_enable&quot;:false}\">\n\t\t\t\t\t<div class=\"e-con-inner\">\n\t\t\t\t<div class=\"elementor-element elementor-element-5450b512 elementor-widget elementor-widget-text-editor\" data-id=\"5450b512\" data-element_type=\"widget\" data-e-type=\"widget\" data-widget_type=\"text-editor.default\">\n\t\t\t\t<div class=\"elementor-widget-container\">\n\t\t\t\t\t\t\t\t\t<div class=\"info_newsletter\"><div class=\"title\"><img decoding=\"async\" class=\"\" src=\"https:\/\/vimafoods.com\/wp-content\/uploads\/2024\/08\/icon-newsletter.svg\" alt=\"\" \/><strong>NEWSLETTER<\/strong><\/div><div class=\"description\"><p>Suscr\u00edbete y descubre nuestros\u2028productos, recetas y m\u00e1s.<\/p><\/div><\/div>\t\t\t\t\t\t\t\t<\/div>\n\t\t\t\t<\/div>\n\t\t\t\t\t<\/div>\n\t\t\t\t<\/div>\n\t\t<div class=\"elementor-element elementor-element-c36da70 e-flex e-con-boxed e-con e-child\" data-id=\"c36da70\" data-element_type=\"container\" data-e-type=\"container\" data-settings=\"{&quot;_ha_eqh_enable&quot;:false}\">\n\t\t\t\t\t<div class=\"e-con-inner\">\n\t\t\t\t<div class=\"elementor-element elementor-element-4c7da518 elementor-button-align-center elementor-widget elementor-widget-form\" data-id=\"4c7da518\" data-element_type=\"widget\" data-e-type=\"widget\" data-settings=\"{&quot;button_width&quot;:&quot;20&quot;,&quot;step_next_label&quot;:&quot;Next&quot;,&quot;step_previous_label&quot;:&quot;Previous&quot;,&quot;button_width_mobile&quot;:&quot;100&quot;,&quot;step_type&quot;:&quot;number_text&quot;,&quot;step_icon_shape&quot;:&quot;circle&quot;}\" data-widget_type=\"form.default\">\n\t\t\t\t<div class=\"elementor-widget-container\">\n\t\t\t\t\t\t\t<form class=\"elementor-form\" method=\"post\" name=\"News\" aria-label=\"News\">\n\t\t\t<input type=\"hidden\" name=\"post_id\" value=\"11217\"\/>\n\t\t\t<input type=\"hidden\" name=\"form_id\" value=\"4c7da518\"\/>\n\t\t\t<input type=\"hidden\" name=\"referer_title\" value=\"Espuma de queso con grosellas y ar\u00e1ndanos\" \/>\n\n\t\t\t\t\t\t\t<input type=\"hidden\" name=\"queried_id\" value=\"11217\"\/>\n\t\t\t\n\t\t\t<div class=\"elementor-form-fields-wrapper elementor-labels-\">\n\t\t\t\t\t\t\t\t<div class=\"elementor-field-type-text elementor-field-group elementor-column elementor-field-group-name elementor-col-20\">\n\t\t\t\t\t\t\t\t\t\t\t\t<label for=\"form-field-name\" class=\"elementor-field-label elementor-screen-only\">\n\t\t\t\t\t\t\t\tNombre\t\t\t\t\t\t\t<\/label>\n\t\t\t\t\t\t\t\t\t\t\t\t\t\t<input size=\"1\" type=\"text\" name=\"form_fields[name]\" id=\"form-field-name\" class=\"elementor-field elementor-size-lg  elementor-field-textual\" placeholder=\"Nombre\">\n\t\t\t\t\t\t\t\t\t\t\t<\/div>\n\t\t\t\t\t\t\t\t<div class=\"elementor-field-type-email elementor-field-group elementor-column elementor-field-group-email elementor-col-60 elementor-field-required\">\n\t\t\t\t\t\t\t\t\t\t\t\t<label for=\"form-field-email\" class=\"elementor-field-label elementor-screen-only\">\n\t\t\t\t\t\t\t\tCorreo electr\u00f3nico\t\t\t\t\t\t\t<\/label>\n\t\t\t\t\t\t\t\t\t\t\t\t\t\t<input size=\"1\" type=\"email\" name=\"form_fields[email]\" id=\"form-field-email\" class=\"elementor-field elementor-size-lg  elementor-field-textual\" placeholder=\"Correo electr\u00f3nico\" required=\"required\">\n\t\t\t\t\t\t\t\t\t\t\t<\/div>\n\t\t\t\t\t\t\t\t<div class=\"elementor-field-group elementor-column elementor-field-type-submit elementor-col-20 e-form__buttons elementor-sm-100\">\n\t\t\t\t\t<button class=\"elementor-button elementor-size-sm\" type=\"submit\">\n\t\t\t\t\t\t<span class=\"elementor-button-content-wrapper\">\n\t\t\t\t\t\t\t\t\t\t\t\t\t\t\t\t\t\t\t\t\t\t<span class=\"elementor-button-text\">Enviar<\/span>\n\t\t\t\t\t\t\t\t\t\t\t\t\t<\/span>\n\t\t\t\t\t<\/button>\n\t\t\t\t<\/div>\n\t\t\t<\/div>\n\t\t<\/form>\n\t\t\t\t\t\t<\/div>\n\t\t\t\t<\/div>\n\t\t\t\t\t<\/div>\n\t\t\t\t<\/div>\n\t\t\t\t<\/div>\n\t\t\t\t<\/div>\n\t\t","protected":false},"excerpt":{"rendered":"<p>45 MINTIEMPO DE PREPARACI\u00d3N 45 MINTIEMPO DE COCCI\u00d3N \u00a01H 30M TIEMPO TOTAL 1RACIONES Postres Espuma de queso con grosellas y ar\u00e1ndanos COCINA: Inglesa Ingredientes \u00a0 Para la espuma de queso 500\u00a0ml\u00a0nata l\u00edquida 300\u00a0ml\u00a0queso crema 250\u00a0g\u00a0de az\u00facar 5-6\u00a0hojas de gelatina Para la gelatina de ar\u00e1ndanos y grosellas 100\u00a0g\u00a0grosellas rojas Vima 100\u00a0g\u00a0ar\u00e1ndanos Vima 100\u00a0g\u00a0az\u00facar blanca 2\u00a0hojas de [&hellip;]<\/p>\n","protected":false},"author":1,"featured_media":3272,"parent":0,"menu_order":0,"comment_status":"closed","ping_status":"closed","template":"","meta":{"nf_dc_page":"","footnotes":""},"class_list":["post-11217","page","type-page","status-publish","has-post-thumbnail","hentry"],"blocksy_meta":[],"_links":{"self":[{"href":"https:\/\/vimafoods.com\/eng\/wp-json\/wp\/v2\/pages\/11217","targetHints":{"allow":["GET"]}}],"collection":[{"href":"https:\/\/vimafoods.com\/eng\/wp-json\/wp\/v2\/pages"}],"about":[{"href":"https:\/\/vimafoods.com\/eng\/wp-json\/wp\/v2\/types\/page"}],"author":[{"embeddable":true,"href":"https:\/\/vimafoods.com\/eng\/wp-json\/wp\/v2\/users\/1"}],"replies":[{"embeddable":true,"href":"https:\/\/vimafoods.com\/eng\/wp-json\/wp\/v2\/comments?post=11217"}],"version-history":[{"count":0,"href":"https:\/\/vimafoods.com\/eng\/wp-json\/wp\/v2\/pages\/11217\/revisions"}],"wp:featuredmedia":[{"embeddable":true,"href":"https:\/\/vimafoods.com\/eng\/wp-json\/wp\/v2\/media\/3272"}],"wp:attachment":[{"href":"https:\/\/vimafoods.com\/eng\/wp-json\/wp\/v2\/media?parent=11217"}],"curies":[{"name":"wp","href":"https:\/\/api.w.org\/{rel}","templated":true}]}}