{"id":11179,"date":"2024-09-12T18:56:12","date_gmt":"2024-09-12T16:56:12","guid":{"rendered":"https:\/\/dms.nmb.mybluehost.me\/?page_id=11179"},"modified":"2024-09-30T19:46:27","modified_gmt":"2024-09-30T17:46:27","slug":"paleta-de-kiwi-lima-y-hierbabuena","status":"publish","type":"page","link":"https:\/\/vimafoods.com\/eng\/paleta-de-kiwi-lima-y-hierbabuena\/","title":{"rendered":"Paleta de kiwi, lima y hierbabuena"},"content":{"rendered":"\t\t<div data-elementor-type=\"wp-page\" data-elementor-id=\"11179\" class=\"elementor elementor-11179\" data-elementor-settings=\"{&quot;ha_cmc_init_switcher&quot;:&quot;no&quot;}\" data-elementor-post-type=\"page\">\n\t\t\t\t<div class=\"elementor-element elementor-element-2f0cc64b e-grid e-con-full e-con e-parent\" data-id=\"2f0cc64b\" data-element_type=\"container\" data-e-type=\"container\" data-settings=\"{&quot;_ha_eqh_enable&quot;:false}\">\n\t\t\t\t<div class=\"elementor-element elementor-element-5d17407b elementor-widget elementor-widget-image\" data-id=\"5d17407b\" data-element_type=\"widget\" data-e-type=\"widget\" id=\"background-recipe\" data-widget_type=\"image.default\">\n\t\t\t\t<div class=\"elementor-widget-container\">\n\t\t\t\t\t\t\t\t\t\t\t\t\t\t\t<img decoding=\"async\" src=\"https:\/\/vimafoods.com\/wp-content\/uploads\/2024\/09\/shutterstock_2175393787.jpg\" class=\"attachment-full size-full wp-image-6230\" alt=\"\" \/>\t\t\t\t\t\t\t\t\t\t\t\t\t\t\t<\/div>\n\t\t\t\t<\/div>\n\t\t\t\t<div class=\"elementor-element elementor-element-5b100f27 elementor-widget elementor-widget-text-editor\" data-id=\"5b100f27\" data-element_type=\"widget\" data-e-type=\"widget\" data-widget_type=\"text-editor.default\">\n\t\t\t\t<div class=\"elementor-widget-container\">\n\t\t\t\t\t\t\t\t\t<div class=\"container_recipe\"><ul class=\"data_recipe\"><li class=\"info\"><span class=\"block-text num-text\">10 <span class=\"min-text light-text\">MIN<\/span><\/span><span class=\"block-text\">TIEMPO DE PREPARACI\u00d3N<\/span><\/li><li class=\"info\"><span class=\"block-text num-text\">120 <span class=\"min-text light-text\">MIN<\/span><\/span><span class=\"block-text\">TIEMPO DE COCCI\u00d3N<\/span><\/li><li class=\"info\"><span class=\"block-text num-text\">\u00a02<span class=\"min-text light-text\">H <\/span>10 <span class=\"min-text light-text\">M <\/span><\/span><span class=\"block-text\">TIEMPO TOTAL<\/span><\/li><li class=\"info\"><span class=\"block-text num-text\">8<\/span><span class=\"block-text\">RACIONES<\/span><\/li><\/ul><div class=\"recipe_info\"><p class=\"category\"><span style=\"font-weight: 400;\">Postres<\/span><\/p><h1 class=\"name\"><b>Paleta de kiwi, lima y hierbabuena<\/b><\/h1><p class=\"origin\"><strong>COCINA:<span style=\"font-weight: 400;\">\u00a0Internacional<\/span><\/strong><\/p><div class=\"divider\"><p class=\"title\">Ingredientes<\/p><p><span class=\"line\">\u00a0<\/span><b><\/b><\/p><\/div><ul class=\"list_recipe\"><li style=\"font-weight: 400;\" aria-level=\"1\"><span style=\"font-weight: 400;\">1\u00a0kg\u00a0<\/span><a href=\"https:\/\/vimafoods.com\/producto\/kiwi\"><span style=\"font-weight: 400;\">kiwi congelado Vima<\/span><\/a><\/li><li style=\"font-weight: 400;\" aria-level=\"1\"><span style=\"font-weight: 400;\">250\u00a0g\u00a0az\u00facar blanca<\/span><\/li><li style=\"font-weight: 400;\" aria-level=\"1\"><span style=\"font-weight: 400;\">1\u00a0cup\u00a0crema de leche<\/span><\/li><li style=\"font-weight: 400;\" aria-level=\"1\"><span style=\"font-weight: 400;\">1\/2\u00a0cup\u00a0leche en polvo<\/span><\/li><li style=\"font-weight: 400;\" aria-level=\"1\"><span style=\"font-weight: 400;\">1\u00a0tbsp\u00a0jugo y ralladura de piel de lima<\/span><\/li><li style=\"font-weight: 400;\" aria-level=\"1\"><span style=\"font-weight: 400;\">2\u00a0tbsp\u00a0hierbabuena<\/span><\/li><\/ul><div class=\"divider\"><p class=\"title\">Elaboraci\u00f3n paso a paso<\/p><p><span class=\"line\">\u00a0 <\/span><\/p><\/div><p class=\"sub-title\"><b>Elaboraci\u00f3n\u00a0<\/b><\/p><ul class=\"list_recipe\"><li style=\"font-weight: 400;\" aria-level=\"1\"><span style=\"font-weight: 400;\">Introducir el kiwi congelado en un vaso batidor, reservando las rodajas m\u00e1s grandes.<\/span><\/li><li style=\"font-weight: 400;\" aria-level=\"1\"><span style=\"font-weight: 400;\">A\u00f1adir el az\u00facar, el jugo de lim\u00f3n y la hierbabuena. Seguir batiendo.<\/span><\/li><li style=\"font-weight: 400;\" aria-level=\"1\"><span style=\"font-weight: 400;\">A\u00f1adir al final la leche en polvo y la crema de leche mientras continuamos batiendo hasta mezclar.<\/span><\/li><li style=\"font-weight: 400;\" aria-level=\"1\"><span style=\"font-weight: 400;\">Poner en los moldes de helado las rodajas de kiwi pusimos aparte antes y rellenar con la mezcla.<\/span><\/li><li style=\"font-weight: 400;\" aria-level=\"1\"><span style=\"font-weight: 400;\">Introducir en el congelador m\u00ednimo 2 horas hasta poder degustar.<\/span><\/li><\/ul><p class=\"origin\"><strong><b>KEYWORDS<\/b>:<\/strong> <span style=\"font-weight: 400;\">\u00a0\u00a0hierba buena, kiwi, lima<\/span><\/p><div class=\"share_recipe\"><ul class=\"share_recipe_links\"><li class=\"txt_share\">Comparte<\/li><li class=\"network\"><a href=\"#\"><img decoding=\"async\" src=\"\/wp-content\/uploads\/2024\/09\/icon-facebook.png\" alt=\"\" \/><\/a><\/li><li class=\"network\"><a href=\"#\"><img decoding=\"async\" src=\"\/wp-content\/uploads\/2024\/09\/icon-x.png\" alt=\"\" \/><\/a><\/li><li class=\"network\"><a href=\"#\"><img decoding=\"async\" src=\"\/wp-content\/uploads\/2024\/09\/icon-pinterest.png\" alt=\"\" \/><\/a><\/li><li class=\"network\"><a href=\"#\"><img decoding=\"async\" src=\"\/wp-content\/uploads\/2024\/09\/icon-mail.png\" alt=\"\" \/><\/a><\/li><li class=\"network\"><a href=\"#\"><img decoding=\"async\" src=\"\/wp-content\/uploads\/2024\/09\/icon-print.png\" alt=\"\" \/><\/a><\/li><\/ul><\/div><\/div><\/div>\t\t\t\t\t\t\t\t<\/div>\n\t\t\t\t<\/div>\n\t\t\t\t<\/div>\n\t\t<div class=\"elementor-element elementor-element-35a56b50 e-flex e-con-boxed e-con e-parent\" data-id=\"35a56b50\" data-element_type=\"container\" data-e-type=\"container\" data-settings=\"{&quot;_ha_eqh_enable&quot;:false}\">\n\t\t\t\t\t<div class=\"e-con-inner\">\n\t\t\t\t<div class=\"elementor-element elementor-element-46ab5b38 elementor-widget elementor-widget-spacer\" data-id=\"46ab5b38\" data-element_type=\"widget\" data-e-type=\"widget\" data-widget_type=\"spacer.default\">\n\t\t\t\t<div class=\"elementor-widget-container\">\n\t\t\t\t\t\t\t<div class=\"elementor-spacer\">\n\t\t\t<div class=\"elementor-spacer-inner\"><\/div>\n\t\t<\/div>\n\t\t\t\t\t\t<\/div>\n\t\t\t\t<\/div>\n\t\t\t\t\t<\/div>\n\t\t\t\t<\/div>\n\t\t<div class=\"elementor-element elementor-element-3fb8cbbd e-con-full e-flex e-con e-parent\" data-id=\"3fb8cbbd\" data-element_type=\"container\" data-e-type=\"container\" id=\"newsletter\" data-settings=\"{&quot;background_background&quot;:&quot;classic&quot;,&quot;_ha_eqh_enable&quot;:false}\">\n\t\t<div class=\"elementor-element elementor-element-32061942 e-flex e-con-boxed e-con e-child\" data-id=\"32061942\" data-element_type=\"container\" data-e-type=\"container\" data-settings=\"{&quot;_ha_eqh_enable&quot;:false}\">\n\t\t\t\t\t<div class=\"e-con-inner\">\n\t\t\t\t<div class=\"elementor-element elementor-element-655fe6d elementor-widget elementor-widget-text-editor\" data-id=\"655fe6d\" data-element_type=\"widget\" data-e-type=\"widget\" data-widget_type=\"text-editor.default\">\n\t\t\t\t<div class=\"elementor-widget-container\">\n\t\t\t\t\t\t\t\t\t<div class=\"info_newsletter\"><div class=\"title\"><img decoding=\"async\" class=\"\" src=\"https:\/\/vimafoods.com\/wp-content\/uploads\/2024\/08\/icon-newsletter.svg\" alt=\"\" \/><strong>NEWSLETTER<\/strong><\/div><div class=\"description\"><p>Suscr\u00edbete y descubre nuestros\u2028productos, recetas y m\u00e1s.<\/p><\/div><\/div>\t\t\t\t\t\t\t\t<\/div>\n\t\t\t\t<\/div>\n\t\t\t\t\t<\/div>\n\t\t\t\t<\/div>\n\t\t<div class=\"elementor-element elementor-element-6b8171e1 e-flex e-con-boxed e-con e-child\" data-id=\"6b8171e1\" data-element_type=\"container\" data-e-type=\"container\" data-settings=\"{&quot;_ha_eqh_enable&quot;:false}\">\n\t\t\t\t\t<div class=\"e-con-inner\">\n\t\t\t\t<div class=\"elementor-element elementor-element-b4e7c8f elementor-button-align-center elementor-widget elementor-widget-form\" data-id=\"b4e7c8f\" data-element_type=\"widget\" data-e-type=\"widget\" data-settings=\"{&quot;button_width&quot;:&quot;20&quot;,&quot;step_next_label&quot;:&quot;Next&quot;,&quot;step_previous_label&quot;:&quot;Previous&quot;,&quot;button_width_mobile&quot;:&quot;100&quot;,&quot;step_type&quot;:&quot;number_text&quot;,&quot;step_icon_shape&quot;:&quot;circle&quot;}\" data-widget_type=\"form.default\">\n\t\t\t\t<div class=\"elementor-widget-container\">\n\t\t\t\t\t\t\t<form class=\"elementor-form\" method=\"post\" name=\"News\" aria-label=\"News\">\n\t\t\t<input type=\"hidden\" name=\"post_id\" value=\"11179\"\/>\n\t\t\t<input type=\"hidden\" name=\"form_id\" value=\"b4e7c8f\"\/>\n\t\t\t<input type=\"hidden\" name=\"referer_title\" value=\"Paleta de kiwi, lima y hierbabuena\" \/>\n\n\t\t\t\t\t\t\t<input type=\"hidden\" name=\"queried_id\" value=\"11179\"\/>\n\t\t\t\n\t\t\t<div class=\"elementor-form-fields-wrapper elementor-labels-\">\n\t\t\t\t\t\t\t\t<div class=\"elementor-field-type-text elementor-field-group elementor-column elementor-field-group-name elementor-col-20\">\n\t\t\t\t\t\t\t\t\t\t\t\t<label for=\"form-field-name\" class=\"elementor-field-label elementor-screen-only\">\n\t\t\t\t\t\t\t\tNombre\t\t\t\t\t\t\t<\/label>\n\t\t\t\t\t\t\t\t\t\t\t\t\t\t<input size=\"1\" type=\"text\" name=\"form_fields[name]\" id=\"form-field-name\" class=\"elementor-field elementor-size-lg  elementor-field-textual\" placeholder=\"Nombre\">\n\t\t\t\t\t\t\t\t\t\t\t<\/div>\n\t\t\t\t\t\t\t\t<div class=\"elementor-field-type-email elementor-field-group elementor-column elementor-field-group-email elementor-col-60 elementor-field-required\">\n\t\t\t\t\t\t\t\t\t\t\t\t<label for=\"form-field-email\" class=\"elementor-field-label elementor-screen-only\">\n\t\t\t\t\t\t\t\tCorreo electr\u00f3nico\t\t\t\t\t\t\t<\/label>\n\t\t\t\t\t\t\t\t\t\t\t\t\t\t<input size=\"1\" type=\"email\" name=\"form_fields[email]\" id=\"form-field-email\" class=\"elementor-field elementor-size-lg  elementor-field-textual\" placeholder=\"Correo electr\u00f3nico\" required=\"required\">\n\t\t\t\t\t\t\t\t\t\t\t<\/div>\n\t\t\t\t\t\t\t\t<div class=\"elementor-field-group elementor-column elementor-field-type-submit elementor-col-20 e-form__buttons elementor-sm-100\">\n\t\t\t\t\t<button class=\"elementor-button elementor-size-sm\" type=\"submit\">\n\t\t\t\t\t\t<span class=\"elementor-button-content-wrapper\">\n\t\t\t\t\t\t\t\t\t\t\t\t\t\t\t\t\t\t\t\t\t\t<span class=\"elementor-button-text\">Enviar<\/span>\n\t\t\t\t\t\t\t\t\t\t\t\t\t<\/span>\n\t\t\t\t\t<\/button>\n\t\t\t\t<\/div>\n\t\t\t<\/div>\n\t\t<\/form>\n\t\t\t\t\t\t<\/div>\n\t\t\t\t<\/div>\n\t\t\t\t\t<\/div>\n\t\t\t\t<\/div>\n\t\t\t\t<\/div>\n\t\t\t\t<\/div>\n\t\t","protected":false},"excerpt":{"rendered":"<p>10 MINTIEMPO DE PREPARACI\u00d3N 120 MINTIEMPO DE COCCI\u00d3N \u00a02H 10 M TIEMPO TOTAL 8RACIONES Postres Paleta de kiwi, lima y hierbabuena COCINA:\u00a0Internacional Ingredientes \u00a0 1\u00a0kg\u00a0kiwi congelado Vima 250\u00a0g\u00a0az\u00facar blanca 1\u00a0cup\u00a0crema de leche 1\/2\u00a0cup\u00a0leche en polvo 1\u00a0tbsp\u00a0jugo y ralladura de piel de lima 2\u00a0tbsp\u00a0hierbabuena Elaboraci\u00f3n paso a paso \u00a0 Elaboraci\u00f3n\u00a0 Introducir el kiwi congelado en un [&hellip;]<\/p>\n","protected":false},"author":1,"featured_media":6230,"parent":0,"menu_order":0,"comment_status":"closed","ping_status":"closed","template":"","meta":{"nf_dc_page":"","footnotes":""},"class_list":["post-11179","page","type-page","status-publish","has-post-thumbnail","hentry"],"blocksy_meta":[],"_links":{"self":[{"href":"https:\/\/vimafoods.com\/eng\/wp-json\/wp\/v2\/pages\/11179","targetHints":{"allow":["GET"]}}],"collection":[{"href":"https:\/\/vimafoods.com\/eng\/wp-json\/wp\/v2\/pages"}],"about":[{"href":"https:\/\/vimafoods.com\/eng\/wp-json\/wp\/v2\/types\/page"}],"author":[{"embeddable":true,"href":"https:\/\/vimafoods.com\/eng\/wp-json\/wp\/v2\/users\/1"}],"replies":[{"embeddable":true,"href":"https:\/\/vimafoods.com\/eng\/wp-json\/wp\/v2\/comments?post=11179"}],"version-history":[{"count":0,"href":"https:\/\/vimafoods.com\/eng\/wp-json\/wp\/v2\/pages\/11179\/revisions"}],"wp:featuredmedia":[{"embeddable":true,"href":"https:\/\/vimafoods.com\/eng\/wp-json\/wp\/v2\/media\/6230"}],"wp:attachment":[{"href":"https:\/\/vimafoods.com\/eng\/wp-json\/wp\/v2\/media?parent=11179"}],"curies":[{"name":"wp","href":"https:\/\/api.w.org\/{rel}","templated":true}]}}