{"id":11160,"date":"2024-09-12T18:52:49","date_gmt":"2024-09-12T16:52:49","guid":{"rendered":"https:\/\/dms.nmb.mybluehost.me\/?page_id=11160"},"modified":"2024-09-30T20:09:48","modified_gmt":"2024-09-30T18:09:48","slug":"paella-de-mariscos-de-la-rias-gallegas","status":"publish","type":"page","link":"https:\/\/vimafoods.com\/eng\/paella-de-mariscos-de-la-rias-gallegas\/","title":{"rendered":"Paella de mariscos de la r\u00edas gallegas"},"content":{"rendered":"\t\t<div data-elementor-type=\"wp-page\" data-elementor-id=\"11160\" class=\"elementor elementor-11160\" data-elementor-settings=\"{&quot;ha_cmc_init_switcher&quot;:&quot;no&quot;}\" data-elementor-post-type=\"page\">\n\t\t\t\t<div class=\"elementor-element elementor-element-5ae8fd7b e-grid e-con-full e-con e-parent\" data-id=\"5ae8fd7b\" data-element_type=\"container\" data-e-type=\"container\" data-settings=\"{&quot;_ha_eqh_enable&quot;:false}\">\n\t\t\t\t<div class=\"elementor-element elementor-element-747ae06e elementor-widget elementor-widget-image\" data-id=\"747ae06e\" data-element_type=\"widget\" data-e-type=\"widget\" id=\"background-recipe\" data-widget_type=\"image.default\">\n\t\t\t\t<div class=\"elementor-widget-container\">\n\t\t\t\t\t\t\t\t\t\t\t\t\t\t\t<img decoding=\"async\" src=\"https:\/\/vimafoods.com\/wp-content\/uploads\/2024\/08\/7-1.jpg\" class=\"attachment-full size-full wp-image-3265\" alt=\"\" \/>\t\t\t\t\t\t\t\t\t\t\t\t\t\t\t<\/div>\n\t\t\t\t<\/div>\n\t\t\t\t<div class=\"elementor-element elementor-element-1dcd0bf1 elementor-widget elementor-widget-text-editor\" data-id=\"1dcd0bf1\" data-element_type=\"widget\" data-e-type=\"widget\" data-widget_type=\"text-editor.default\">\n\t\t\t\t<div class=\"elementor-widget-container\">\n\t\t\t\t\t\t\t\t\t<div class=\"container_recipe\">\n<ul class=\"data_recipe\">\n<li class=\"info\"><span class=\"block-text num-text\">60 <span class=\"min-text light-text\">MIN<\/span><\/span><span class=\"block-text\">TIEMPO DE PREPARACI\u00d3N<\/span><\/li>\n<li class=\"info\"><span class=\"block-text num-text\">20 <span class=\"min-text light-text\">MIN<\/span><\/span><span class=\"block-text\">TIEMPO DE COCCI\u00d3N<\/span><\/li>\n<li class=\"info\"><span class=\"block-text num-text\">&nbsp;1<span class=\"min-text light-text\">H <\/span>20<span class=\"min-text light-text\">M <\/span><\/span><span class=\"block-text\">TIEMPO TOTAL<\/span><\/li>\n<li class=\"info\"><span class=\"block-text num-text\">4<\/span><span class=\"block-text\">RACIONES<\/span><\/li>\n<\/ul>\n<div class=\"recipe_info\">\n<p class=\"category\"><span style=\"font-weight: 400;\">Platos principales<\/span><\/p>\n<h1 class=\"name\"><b>PAella de mariscos <\/b><\/h1>\n<h1 class=\"name\"><b>de la R\u00edas Gallegas<\/b><\/h1>\n<p class=\"origin\"><strong>COCINA:<\/strong> <span style=\"font-weight: 400;\">Espa\u00f1ola, Mediterr\u00e1nea<\/span><\/p>\n<div class=\"divider\">\n<p class=\"title\">Ingredientes<\/p>\n<p><span class=\"line\">&nbsp;<\/span><\/p>\n<\/div>\n<p class=\"sub-title\"><b>Para el caldo<\/b><\/p>\n<ul class=\"list_recipe\">\n<li style=\"font-weight: 400;\" aria-level=\"1\"><span style=\"font-weight: 400;\">2&nbsp;l&nbsp;agua<\/span><\/li>\n<li style=\"font-weight: 400;\" aria-level=\"1\"><span style=\"font-weight: 400;\">500&nbsp;g&nbsp;cabezas o espinas de pescado blanco<\/span><\/li>\n<li style=\"font-weight: 400;\" aria-level=\"1\"><span style=\"font-weight: 400;\">100&nbsp;g&nbsp;tomate entero maduro<\/span><\/li>\n<li style=\"font-weight: 400;\" aria-level=\"1\"><span style=\"font-weight: 400;\">100&nbsp;g&nbsp;<\/span><a href=\"https:\/\/vimafoods.com\/producto\/cebolla\"><span style=\"font-weight: 400;\">cebolla<\/span><\/a><\/li>\n<li aria-level=\"1\"><span style=\"font-weight: 400;\">50&nbsp;g&nbsp;<\/span><a href=\"https:\/\/vimafoods.com\/producto\/ajo-refrigerado\"><span style=\"font-weight: 400;\">ajo congelado Vima<\/span><\/a><\/li>\n<li aria-level=\"1\"><span style=\"font-weight: 400;\">50&nbsp;ml&nbsp;<\/span><a href=\"https:\/\/vimafoods.com\/producto\/aceite-oliva\"><span style=\"font-weight: 400;\">aceite de oliva v.e. Vima<\/span><\/a><\/li>\n<\/ul>\n<p class=\"sub-title\"><b>Para el sofrito<\/b><\/p>\n<ul class=\"list_recipe\">\n<li style=\"font-weight: 400;\" aria-level=\"1\"><span style=\"font-weight: 400;\">250&nbsp;g&nbsp;<\/span><a href=\"https:\/\/vimafoods.com\/producto\/cebolla\"><span style=\"font-weight: 400;\">cebolla<\/span><\/a><\/li>\n<li aria-level=\"1\"><span style=\"font-weight: 400;\">250&nbsp;g&nbsp;<\/span><a href=\"https:\/\/vimafoods.com\/producto\/pasta-tomate\"><span style=\"font-weight: 400;\">pasta de tomate Vima<\/span><\/a><\/li>\n<li aria-level=\"1\"><span style=\"font-weight: 400;\">50&nbsp;g&nbsp;\u00f1oras o pimiento dulce rojo seco<\/span><\/li>\n<li aria-level=\"1\"><span style=\"font-weight: 400;\">25&nbsp;g&nbsp;<\/span><a href=\"https:\/\/vimafoods.com\/producto\/ajo-refrigerado\"><span style=\"font-weight: 400;\">ajo congelado Vima<\/span><\/a><\/li>\n<li aria-level=\"1\"><span style=\"font-weight: 400;\">50&nbsp;ml&nbsp;<\/span><a href=\"https:\/\/vimafoods.com\/producto\/aceite-oliva\"><span style=\"font-weight: 400;\">aceite de oliva. v.e. Vima<\/span><\/a><\/li>\n<\/ul>\n<p class=\"sub-title\"><b>Para la paella<\/b><\/p>\n<ul class=\"list_recipe\">\n<li style=\"font-weight: 400;\" aria-level=\"1\"><span style=\"font-weight: 400;\">400&nbsp;g&nbsp;arroz redondo tipo bomba<\/span><\/li>\n<li style=\"font-weight: 400;\" aria-level=\"1\"><span style=\"font-weight: 400;\">100&nbsp;g&nbsp;<\/span><a href=\"https:\/\/vimafoods.com\/producto\/pez-espada\"><span style=\"font-weight: 400;\">tacos de pez espada Vim<\/span><\/a><\/li>\n<li aria-level=\"1\"><span style=\"font-weight: 400;\">100&nbsp;g&nbsp;<\/span><a href=\"https:\/\/vimafoods.com\/producto\/mejillon\"><span style=\"font-weight: 400;\">mejillones Vima<\/span><\/a><\/li>\n<li aria-level=\"1\"><span style=\"font-weight: 400;\">100&nbsp;g&nbsp;<\/span><a href=\"https:\/\/vimafoods.com\/producto\/gambon-langostino-austral\"><span style=\"font-weight: 400;\">camar\u00f3n argentino con cabeza Vima<\/span><\/a><\/li>\n<li aria-level=\"1\"><span style=\"font-weight: 400;\">100&nbsp;g&nbsp;<\/span><a href=\"https:\/\/vimafoods.com\/producto\/calamar\"><span style=\"font-weight: 400;\">anillas calamar Vima<\/span><\/a><\/li>\n<li aria-level=\"1\"><span style=\"font-weight: 400;\">100&nbsp;g&nbsp;cigalas Vima<\/span><\/li>\n<li aria-level=\"1\"><span style=\"font-weight: 400;\">25&nbsp;g&nbsp;<\/span><a href=\"https:\/\/vimafoods.com\/producto\/ajo-refrigerado\"><span style=\"font-weight: 400;\">ajo congelado Vima<\/span><\/a><\/li>\n<li aria-level=\"1\"><span style=\"font-weight: 400;\">50&nbsp;ml&nbsp;<\/span><a href=\"https:\/\/vimafoods.com\/producto\/aceite-oliva\"><span style=\"font-weight: 400;\">aceite de oliva v.e. Vima<\/span><\/a><\/li>\n<\/ul>\n<div class=\"divider\">\n<p class=\"title\">Elaboraci\u00f3n paso a paso<\/p>\n<p><span class=\"line\">&nbsp; <\/span><\/p>\n<\/div>\n<p class=\"sub-title\"><strong><b>Preparaci\u00f3n del caldo<\/b><\/strong><\/p>\n<ul class=\"list_recipe\">\n<li style=\"font-weight: 400;\" aria-level=\"1\"><span style=\"font-weight: 400;\">En olla alta y con el aceite bien caliente rehogar cebolla, ajo y tomate todo junto, a\u00f1adiendo el pescado y las cabezas de los camarones y mojando con agua hasta cubrir.<\/span><\/li>\n<li style=\"font-weight: 400;\" aria-level=\"1\"><span style=\"font-weight: 400;\">Hervir 15 minutos y colar, reservarlo para m\u00e1s tarde.<\/span><\/li>\n<\/ul>\n<p class=\"sub-title\"><strong><b>Preparaci\u00f3n del sofrito<\/b><\/strong><\/p>\n<ul class=\"list_recipe\">\n<li style=\"font-weight: 400;\" aria-level=\"1\"><span style=\"font-weight: 400;\">Rehogar en el aceite la cebolla picada, junto al ajo, a\u00f1adir pues los pimientos secos hidratados y por \u00faltimo el tomate, un poco de agua y cocer 5 minutos.<\/span><\/li>\n<li style=\"font-weight: 400;\" aria-level=\"1\"><span style=\"font-weight: 400;\">Una vez listo triturar hasta conseguir una pasta espesa roja oscura.<\/span><\/li>\n<\/ul>\n<p class=\"sub-title\"><b>Preparaci\u00f3n del pescado y mariscos<\/b><\/p>\n<ul class=\"list_recipe\">\n<li style=\"font-weight: 400;\" aria-level=\"1\"><span style=\"font-weight: 400;\">Cortar el pez espada en tacos de 1 cm de lado, pelar la mitad de los camarones, picar el ajo en l\u00e1minas.<\/span><\/li>\n<\/ul>\n<p class=\"sub-title\"><b>Hacer la paella<\/b><\/p>\n<ul class=\"list_recipe\">\n<li style=\"font-weight: 400;\" aria-level=\"1\"><span style=\"font-weight: 400;\">En la sart\u00e9n llamada paella, rehogar los ajos en el aceite, seguido tacos de pescado y anillas de calamar, una vez rehogado a\u00f1adir el arroz crudo y la pasta de sofrito.<\/span><\/li>\n<li style=\"font-weight: 400;\" aria-level=\"1\"><span style=\"font-weight: 400;\">Rehogar hasta mezclar bien y mojar con el caldo hirviendo, usando el doble de caldo que de arroz.<\/span><\/li>\n<li style=\"font-weight: 400;\" aria-level=\"1\"><span style=\"font-weight: 400;\">Cocer por 5 minutos a fuego bien fuerte, y bajar a fuego medio bajo y sazonar.<\/span><\/li>\n<li style=\"font-weight: 400;\" aria-level=\"1\"><span style=\"font-weight: 400;\">A falta de 3 minutos, a\u00f1adir los camarones, los mejillones y las cigalas. Una vez terminada la cocci\u00f3n del arroz, tapar con un papel aluminio o encerado, apagando el fuego y dejando reposar 5 minutos despu\u00e9s de seco.<\/span><\/li>\n<li style=\"font-weight: 400;\" aria-level=\"1\"><span style=\"font-weight: 400;\">Dependiendo de la zona, se puede servir con lim\u00f3n para exprimir el jugo, con salsa alioli para acompa\u00f1ar, o incluso con unos pimientos picantes en vinagre.<\/span><\/li>\n<\/ul>\n<p class=\"origin\"><strong><b>KEYWORDS<\/b>:<\/strong> <span style=\"font-weight: 400;\"> &nbsp;mariscos, paella<\/span><\/p>\n<div class=\"share_recipe\">\n<ul class=\"share_recipe_links\">\n<li class=\"txt_share\">Comparte<\/li>\n<li class=\"network\"><a href=\"#\"><img decoding=\"async\" src=\"\/wp-content\/uploads\/2024\/09\/icon-facebook.png\" alt=\"\"><\/a><\/li>\n<li class=\"network\"><a href=\"#\"><img decoding=\"async\" src=\"\/wp-content\/uploads\/2024\/09\/icon-x.png\" alt=\"\"><\/a><\/li>\n<li class=\"network\"><a href=\"#\"><img decoding=\"async\" src=\"\/wp-content\/uploads\/2024\/09\/icon-pinterest.png\" alt=\"\"><\/a><\/li>\n<li class=\"network\"><a href=\"#\"><img decoding=\"async\" src=\"\/wp-content\/uploads\/2024\/09\/icon-mail.png\" alt=\"\"><\/a><\/li>\n<li class=\"network\"><a href=\"#\"><img decoding=\"async\" src=\"\/wp-content\/uploads\/2024\/09\/icon-print.png\" alt=\"\"><\/a><\/li>\n<\/ul>\n<\/div>\n<\/div>\n<\/div>\t\t\t\t\t\t\t\t<\/div>\n\t\t\t\t<\/div>\n\t\t\t\t<\/div>\n\t\t<div class=\"elementor-element elementor-element-742c1c03 e-flex e-con-boxed e-con e-parent\" data-id=\"742c1c03\" data-element_type=\"container\" data-e-type=\"container\" data-settings=\"{&quot;_ha_eqh_enable&quot;:false}\">\n\t\t\t\t\t<div class=\"e-con-inner\">\n\t\t\t\t<div class=\"elementor-element elementor-element-644b9592 elementor-widget elementor-widget-spacer\" data-id=\"644b9592\" data-element_type=\"widget\" data-e-type=\"widget\" data-widget_type=\"spacer.default\">\n\t\t\t\t<div class=\"elementor-widget-container\">\n\t\t\t\t\t\t\t<div class=\"elementor-spacer\">\n\t\t\t<div class=\"elementor-spacer-inner\"><\/div>\n\t\t<\/div>\n\t\t\t\t\t\t<\/div>\n\t\t\t\t<\/div>\n\t\t\t\t\t<\/div>\n\t\t\t\t<\/div>\n\t\t<div class=\"elementor-element elementor-element-f646174 e-con-full e-flex e-con e-parent\" data-id=\"f646174\" data-element_type=\"container\" data-e-type=\"container\" id=\"newsletter\" data-settings=\"{&quot;background_background&quot;:&quot;classic&quot;,&quot;_ha_eqh_enable&quot;:false}\">\n\t\t<div class=\"elementor-element elementor-element-91f1651 e-flex e-con-boxed e-con e-child\" data-id=\"91f1651\" data-element_type=\"container\" data-e-type=\"container\" data-settings=\"{&quot;_ha_eqh_enable&quot;:false}\">\n\t\t\t\t\t<div class=\"e-con-inner\">\n\t\t\t\t<div class=\"elementor-element elementor-element-7060ca91 elementor-widget elementor-widget-text-editor\" data-id=\"7060ca91\" data-element_type=\"widget\" data-e-type=\"widget\" data-widget_type=\"text-editor.default\">\n\t\t\t\t<div class=\"elementor-widget-container\">\n\t\t\t\t\t\t\t\t\t<div class=\"info_newsletter\">\n<div class=\"title\"><img decoding=\"async\" class=\"\" src=\"https:\/\/vimafoods.com\/wp-content\/uploads\/2024\/08\/icon-newsletter.svg\" alt=\"\"><strong>NEWSLETTER<\/strong><\/div>\n<div class=\"description\">\n<p>Suscr\u00edbete y descubre nuestros\u2028productos, recetas y m\u00e1s.<\/p>\n<\/div>\n<\/div>\t\t\t\t\t\t\t\t<\/div>\n\t\t\t\t<\/div>\n\t\t\t\t\t<\/div>\n\t\t\t\t<\/div>\n\t\t<div class=\"elementor-element elementor-element-11f990cc e-flex e-con-boxed e-con e-child\" data-id=\"11f990cc\" data-element_type=\"container\" data-e-type=\"container\" data-settings=\"{&quot;_ha_eqh_enable&quot;:false}\">\n\t\t\t\t\t<div class=\"e-con-inner\">\n\t\t\t\t<div class=\"elementor-element elementor-element-62b9cdd5 elementor-button-align-center elementor-widget elementor-widget-form\" data-id=\"62b9cdd5\" data-element_type=\"widget\" data-e-type=\"widget\" data-settings=\"{&quot;button_width&quot;:&quot;20&quot;,&quot;step_next_label&quot;:&quot;Next&quot;,&quot;step_previous_label&quot;:&quot;Previous&quot;,&quot;button_width_mobile&quot;:&quot;100&quot;,&quot;step_type&quot;:&quot;number_text&quot;,&quot;step_icon_shape&quot;:&quot;circle&quot;}\" data-widget_type=\"form.default\">\n\t\t\t\t<div class=\"elementor-widget-container\">\n\t\t\t\t\t\t\t<form class=\"elementor-form\" method=\"post\" name=\"News\" aria-label=\"News\">\n\t\t\t<input type=\"hidden\" name=\"post_id\" value=\"11160\"\/>\n\t\t\t<input type=\"hidden\" name=\"form_id\" value=\"62b9cdd5\"\/>\n\t\t\t<input type=\"hidden\" name=\"referer_title\" value=\"Paella de mariscos de la r\u00edas gallegas\" \/>\n\n\t\t\t\t\t\t\t<input type=\"hidden\" name=\"queried_id\" value=\"11160\"\/>\n\t\t\t\n\t\t\t<div class=\"elementor-form-fields-wrapper elementor-labels-\">\n\t\t\t\t\t\t\t\t<div class=\"elementor-field-type-text elementor-field-group elementor-column elementor-field-group-name elementor-col-20\">\n\t\t\t\t\t\t\t\t\t\t\t\t<label for=\"form-field-name\" class=\"elementor-field-label elementor-screen-only\">\n\t\t\t\t\t\t\t\tNombre\t\t\t\t\t\t\t<\/label>\n\t\t\t\t\t\t\t\t\t\t\t\t\t\t<input size=\"1\" type=\"text\" name=\"form_fields[name]\" id=\"form-field-name\" class=\"elementor-field elementor-size-lg  elementor-field-textual\" placeholder=\"Nombre\">\n\t\t\t\t\t\t\t\t\t\t\t<\/div>\n\t\t\t\t\t\t\t\t<div class=\"elementor-field-type-email elementor-field-group elementor-column elementor-field-group-email elementor-col-60 elementor-field-required\">\n\t\t\t\t\t\t\t\t\t\t\t\t<label for=\"form-field-email\" class=\"elementor-field-label elementor-screen-only\">\n\t\t\t\t\t\t\t\tCorreo electr\u00f3nico\t\t\t\t\t\t\t<\/label>\n\t\t\t\t\t\t\t\t\t\t\t\t\t\t<input size=\"1\" type=\"email\" name=\"form_fields[email]\" id=\"form-field-email\" class=\"elementor-field elementor-size-lg  elementor-field-textual\" placeholder=\"Correo electr\u00f3nico\" required=\"required\">\n\t\t\t\t\t\t\t\t\t\t\t<\/div>\n\t\t\t\t\t\t\t\t<div class=\"elementor-field-group elementor-column elementor-field-type-submit elementor-col-20 e-form__buttons elementor-sm-100\">\n\t\t\t\t\t<button class=\"elementor-button elementor-size-sm\" type=\"submit\">\n\t\t\t\t\t\t<span class=\"elementor-button-content-wrapper\">\n\t\t\t\t\t\t\t\t\t\t\t\t\t\t\t\t\t\t\t\t\t\t<span class=\"elementor-button-text\">Enviar<\/span>\n\t\t\t\t\t\t\t\t\t\t\t\t\t<\/span>\n\t\t\t\t\t<\/button>\n\t\t\t\t<\/div>\n\t\t\t<\/div>\n\t\t<\/form>\n\t\t\t\t\t\t<\/div>\n\t\t\t\t<\/div>\n\t\t\t\t\t<\/div>\n\t\t\t\t<\/div>\n\t\t\t\t<\/div>\n\t\t\t\t<\/div>\n\t\t","protected":false},"excerpt":{"rendered":"<p>60 MINTIEMPO DE PREPARACI\u00d3N 20 MINTIEMPO DE COCCI\u00d3N &nbsp;1H 20M TIEMPO TOTAL 4RACIONES Platos principales PAella de mariscos de la R\u00edas Gallegas COCINA: Espa\u00f1ola, Mediterr\u00e1nea Ingredientes &nbsp; Para el caldo 2&nbsp;l&nbsp;agua 500&nbsp;g&nbsp;cabezas o espinas de pescado blanco 100&nbsp;g&nbsp;tomate entero maduro 100&nbsp;g&nbsp;cebolla 50&nbsp;g&nbsp;ajo congelado Vima 50&nbsp;ml&nbsp;aceite de oliva v.e. Vima Para el sofrito 250&nbsp;g&nbsp;cebolla 250&nbsp;g&nbsp;pasta de [&hellip;]<\/p>\n","protected":false},"author":1,"featured_media":3265,"parent":0,"menu_order":0,"comment_status":"closed","ping_status":"closed","template":"","meta":{"nf_dc_page":"","footnotes":""},"class_list":["post-11160","page","type-page","status-publish","has-post-thumbnail","hentry"],"blocksy_meta":[],"_links":{"self":[{"href":"https:\/\/vimafoods.com\/eng\/wp-json\/wp\/v2\/pages\/11160","targetHints":{"allow":["GET"]}}],"collection":[{"href":"https:\/\/vimafoods.com\/eng\/wp-json\/wp\/v2\/pages"}],"about":[{"href":"https:\/\/vimafoods.com\/eng\/wp-json\/wp\/v2\/types\/page"}],"author":[{"embeddable":true,"href":"https:\/\/vimafoods.com\/eng\/wp-json\/wp\/v2\/users\/1"}],"replies":[{"embeddable":true,"href":"https:\/\/vimafoods.com\/eng\/wp-json\/wp\/v2\/comments?post=11160"}],"version-history":[{"count":0,"href":"https:\/\/vimafoods.com\/eng\/wp-json\/wp\/v2\/pages\/11160\/revisions"}],"wp:featuredmedia":[{"embeddable":true,"href":"https:\/\/vimafoods.com\/eng\/wp-json\/wp\/v2\/media\/3265"}],"wp:attachment":[{"href":"https:\/\/vimafoods.com\/eng\/wp-json\/wp\/v2\/media?parent=11160"}],"curies":[{"name":"wp","href":"https:\/\/api.w.org\/{rel}","templated":true}]}}