{"id":11113,"date":"2024-09-12T18:43:09","date_gmt":"2024-09-12T16:43:09","guid":{"rendered":"https:\/\/dms.nmb.mybluehost.me\/?page_id=11113"},"modified":"2024-09-30T19:41:38","modified_gmt":"2024-09-30T17:41:38","slug":"salmon-laqueado-estilo-asiatico","status":"publish","type":"page","link":"https:\/\/vimafoods.com\/eng\/salmon-laqueado-estilo-asiatico\/","title":{"rendered":"Salm\u00f3n laqueado estilo asi\u00e1tico"},"content":{"rendered":"\t\t<div data-elementor-type=\"wp-page\" data-elementor-id=\"11113\" class=\"elementor elementor-11113\" data-elementor-settings=\"{&quot;ha_cmc_init_switcher&quot;:&quot;no&quot;}\" data-elementor-post-type=\"page\">\n\t\t\t\t<div class=\"elementor-element elementor-element-7f52dd75 e-grid e-con-full e-con e-parent\" data-id=\"7f52dd75\" data-element_type=\"container\" data-e-type=\"container\" data-settings=\"{&quot;_ha_eqh_enable&quot;:false}\">\n\t\t\t\t<div class=\"elementor-element elementor-element-152e0665 elementor-widget elementor-widget-image\" data-id=\"152e0665\" data-element_type=\"widget\" data-e-type=\"widget\" id=\"background-recipe\" data-widget_type=\"image.default\">\n\t\t\t\t<div class=\"elementor-widget-container\">\n\t\t\t\t\t\t\t\t\t\t\t\t\t\t\t<img loading=\"lazy\" decoding=\"async\" width=\"870\" height=\"470\" src=\"https:\/\/vimafoods.com\/wp-content\/uploads\/2024\/09\/salmon-glaseado-estilo-asiatico-870x470-1.jpg\" class=\"attachment-full size-full wp-image-6198\" alt=\"\" srcset=\"https:\/\/vimafoods.com\/wp-content\/uploads\/2024\/09\/salmon-glaseado-estilo-asiatico-870x470-1.jpg 870w, https:\/\/vimafoods.com\/wp-content\/uploads\/2024\/09\/salmon-glaseado-estilo-asiatico-870x470-1-300x162.jpg 300w, https:\/\/vimafoods.com\/wp-content\/uploads\/2024\/09\/salmon-glaseado-estilo-asiatico-870x470-1-768x415.jpg 768w\" sizes=\"auto, (max-width: 870px) 100vw, 870px\" \/>\t\t\t\t\t\t\t\t\t\t\t\t\t\t\t<\/div>\n\t\t\t\t<\/div>\n\t\t\t\t<div class=\"elementor-element elementor-element-50c4e776 elementor-widget elementor-widget-text-editor\" data-id=\"50c4e776\" data-element_type=\"widget\" data-e-type=\"widget\" data-widget_type=\"text-editor.default\">\n\t\t\t\t<div class=\"elementor-widget-container\">\n\t\t\t\t\t\t\t\t\t<div class=\"container_recipe\"><ul class=\"data_recipe\"><li class=\"info\"><span class=\"block-text num-text\">30 <span class=\"min-text light-text\">MIN<\/span><\/span><span class=\"block-text\">TIEMPO DE PREPARACI\u00d3N<\/span><\/li><li class=\"info\"><span class=\"block-text num-text\">10 <span class=\"min-text light-text\">MIN<\/span><\/span><span class=\"block-text\">TIEMPO DE COCCI\u00d3N<\/span><\/li><li class=\"info\"><span class=\"block-text num-text\">\u00a040 <span class=\"min-text light-text\">M <\/span><\/span><span class=\"block-text\">TIEMPO TOTAL<\/span><\/li><li class=\"info\"><span class=\"block-text num-text\">4<\/span><span class=\"block-text\">RACIONES<\/span><\/li><\/ul><div class=\"recipe_info\"><p class=\"category\"><span style=\"font-weight: 400;\">Platos principales<\/span><\/p><h1 class=\"name\"><b>Salm\u00f3n laqueado estilo asi\u00e1tico<\/b><\/h1><p class=\"origin\"><strong>COCINA:<\/strong> <span style=\"font-weight: 400;\">\u00a0Asia Oriental<\/span><\/p><div class=\"divider\"><p class=\"title\">Ingredientes<\/p><p><span class=\"line\">\u00a0<\/span><\/p><\/div><p class=\"sub-title\"><b>Para Para la salsa<\/b><\/p><ul class=\"list_recipe\"><li style=\"font-weight: 400;\" aria-level=\"1\"><span style=\"font-weight: 400;\">250\u00a0ml\u00a0salsa ponzu<\/span><\/li><li style=\"font-weight: 400;\" aria-level=\"1\"><span style=\"font-weight: 400;\">50\u00a0ml\u00a0miel<\/span><\/li><li style=\"font-weight: 400;\" aria-level=\"1\"><span style=\"font-weight: 400;\">25\u00a0g\u00a0pasta de miso siro<\/span><\/li><li style=\"font-weight: 400;\" aria-level=\"1\"><span style=\"font-weight: 400;\">1\u00a0cup\u00a0jugo de naranja agria<\/span><\/li><li style=\"font-weight: 400;\" aria-level=\"1\"><span style=\"font-weight: 400;\">1\u00a0cup\u00a0aceite de jengibre<\/span><\/li><\/ul><p class=\"sub-title\"><b>Para el salm\u00f3n<\/b><\/p><ul class=\"list_recipe\"><li style=\"font-weight: 400;\" aria-level=\"1\"><span style=\"font-weight: 400;\">1\u00a0kg\u00a0<\/span><a href=\"https:\/\/vimafoods.com\/producto\/salmon\"><span style=\"font-weight: 400;\">filete de salm\u00f3n atl\u00e1ntico Vima<\/span><\/a><\/li><li style=\"font-weight: 400;\" aria-level=\"1\"><span style=\"font-weight: 400;\">10\u00a0g\u00a0sal gruesa marina<\/span><\/li><li style=\"font-weight: 400;\" aria-level=\"1\"><span style=\"font-weight: 400;\">2\u00a0g\u00a0pimienta rosa<\/span><\/li><li style=\"font-weight: 400;\" aria-level=\"1\"><span style=\"font-weight: 400;\">1\u00a0g\u00a0romero fresco<\/span><\/li><li style=\"font-weight: 400;\" aria-level=\"1\"><span style=\"font-weight: 400;\">1\u00a0g\u00a0menta fresca<\/span><\/li><li style=\"font-weight: 400;\" aria-level=\"1\"><span style=\"font-weight: 400;\">100\u00a0g\u00a0harina de ma\u00edz refinada<\/span><\/li><\/ul><p class=\"sub-title\"><b>Para la\u00a0<i>tempura<\/i>\u00a0de br\u00f3coli<\/b><\/p><ul class=\"list_recipe\"><li style=\"font-weight: 400;\" aria-level=\"1\"><span style=\"font-weight: 400;\">450\u00a0g\u00a0<\/span><a href=\"https:\/\/vimafoods.com\/producto\/brocoli\"><span style=\"font-weight: 400;\">br\u00f3coli Vima<\/span><\/a><\/li><li aria-level=\"1\"><span style=\"font-weight: 400;\">150\u00a0g\u00a0harina de trigo<\/span><\/li><li style=\"font-weight: 400;\" aria-level=\"1\"><span style=\"font-weight: 400;\">90\u00a0g\u00a0agua fr\u00eda<\/span><\/li><li aria-level=\"1\"><span style=\"font-weight: 400;\">1\u00a0g\u00a0sal<\/span><\/li><li aria-level=\"1\"><span style=\"font-weight: 400;\">500\u00a0ml\u00a0<\/span><a href=\"https:\/\/vimafoods.com\/producto\/aceite-olisol\"><span style=\"font-weight: 400;\">aceite vegetal<\/span><\/a><\/li><\/ul><div class=\"divider\"><p class=\"title\">Elaboraci\u00f3n paso a paso<\/p><p><span class=\"line\">\u00a0 <\/span><\/p><\/div><p class=\"sub-title\"><strong><b>Preparaci\u00f3n de la salsa<\/b><\/strong><\/p><ul class=\"list_recipe\"><li style=\"font-weight: 400;\" aria-level=\"1\"><span style=\"font-weight: 400;\">Licuar todos los ingredientes y hervir 1 minuto. Reposar.<\/span><\/li><\/ul><p class=\"sub-title\"><strong><b>Preparaci\u00f3n\u00a0del salm\u00f3n<\/b><\/strong><\/p><ul class=\"list_recipe\"><li style=\"font-weight: 400;\" aria-level=\"1\"><span style=\"font-weight: 400;\">Triturar la sal con las hiervas y pimienta, poner el salm\u00f3n bajo ella y a\u00f1adir agua hasta cubrirlo. Dejar aqu\u00ed 10 minutos. Sacar, lavar y secar.<\/span><\/li><li style=\"font-weight: 400;\" aria-level=\"1\"><span style=\"font-weight: 400;\">Pasar por la harina de ma\u00edz y fre\u00edr en abundante aceite muy caliente por espacio m\u00ednimo para crear la costra externa. Reservar.<\/span><\/li><\/ul><p class=\"sub-title\"><b>Tempura de br\u00f3coli<\/b><\/p><ul class=\"list_recipe\"><li style=\"font-weight: 400;\" aria-level=\"1\"><span style=\"font-weight: 400;\">Batir la harina con el agua muy fr\u00eda, a\u00f1adiendo el br\u00f3coli descongelado y bien escurrido.<\/span><\/li><li style=\"font-weight: 400;\" aria-level=\"1\"><span style=\"font-weight: 400;\">Fre\u00edr en abundante aceite a fuego medio, unos 170\u00baC, moviendo para que dore bien y quede bien crujiente.<\/span><\/li><\/ul><p class=\"sub-title\"><b>Cocci\u00f3n<\/b><\/p><ul class=\"list_recipe\"><li style=\"font-weight: 400;\" aria-level=\"1\"><span style=\"font-weight: 400;\">En sart\u00e9n o\u00a0<\/span><i><span style=\"font-weight: 400;\">wok<\/span><\/i><span style=\"font-weight: 400;\">\u00a0muy caliente, verter la salsa y hervir hasta espesar, a\u00f1adir entonces el salm\u00f3n frito y salsear por encima con la salsa muy hirviendo, hasta espesar por completo y sin que pierda la cobertura de fre\u00edr.<\/span><\/li><li style=\"font-weight: 400;\" aria-level=\"1\"><span style=\"font-weight: 400;\">Este proceso, dependiendo de la intensidad del fuego, puede tardar m\u00e1s o menos, pero el salm\u00f3n debe quedar jugoso y la salsa espesa.<\/span><\/li><\/ul><div class=\"divider\"><p class=\"title\"><strong><b>Montaje<\/b>:<\/strong><\/p><p><span class=\"line\">\u00a0 <\/span><\/p><\/div><ul class=\"list_recipe\"><li style=\"font-weight: 400;\" aria-level=\"1\"><span style=\"font-weight: 400;\">Poner el salm\u00f3n en una bandeja plana con la salsa por encima y espolvorear con s\u00e9samo y unas huevas\u00a0<\/span><i><span style=\"font-weight: 400;\">masago<\/span><\/i><span style=\"font-weight: 400;\">\u00a0con polvo de\u00a0<\/span><i><span style=\"font-weight: 400;\">wasabi<\/span><\/i><span style=\"font-weight: 400;\">\u00a0y cilantro fresco picado.<\/span><\/li><li style=\"font-weight: 400;\" aria-level=\"1\"><span style=\"font-weight: 400;\">Acompa\u00f1ar con la tempura de br\u00f3coli.<\/span><\/li><\/ul><p class=\"origin\"><strong>VIDEO:<\/strong> <span style=\"font-weight: 400;\"> https:\/\/youtu.be\/bi7oMOjtNZMIngredientes<\/span><\/p><p class=\"origin\"><strong><b>KEYWORDS<\/b>:<\/strong> <span style=\"font-weight: 400;\"> salm\u00f3n<\/span><\/p><div class=\"share_recipe\"><ul class=\"share_recipe_links\"><li class=\"txt_share\">Comparte<\/li><li class=\"network\"><a href=\"#\"><img decoding=\"async\" src=\"\/wp-content\/uploads\/2024\/09\/icon-facebook.png\" alt=\"\" \/><\/a><\/li><li class=\"network\"><a href=\"#\"><img decoding=\"async\" src=\"\/wp-content\/uploads\/2024\/09\/icon-x.png\" alt=\"\" \/><\/a><\/li><li class=\"network\"><a href=\"#\"><img decoding=\"async\" src=\"\/wp-content\/uploads\/2024\/09\/icon-pinterest.png\" alt=\"\" \/><\/a><\/li><li class=\"network\"><a href=\"#\"><img decoding=\"async\" src=\"\/wp-content\/uploads\/2024\/09\/icon-mail.png\" alt=\"\" \/><\/a><\/li><li class=\"network\"><a href=\"#\"><img decoding=\"async\" src=\"\/wp-content\/uploads\/2024\/09\/icon-print.png\" alt=\"\" \/><\/a><\/li><\/ul><\/div><\/div><\/div>\t\t\t\t\t\t\t\t<\/div>\n\t\t\t\t<\/div>\n\t\t\t\t<\/div>\n\t\t<div class=\"elementor-element elementor-element-38ffc10a e-flex e-con-boxed e-con e-parent\" data-id=\"38ffc10a\" data-element_type=\"container\" data-e-type=\"container\" data-settings=\"{&quot;_ha_eqh_enable&quot;:false}\">\n\t\t\t\t\t<div class=\"e-con-inner\">\n\t\t\t\t<div class=\"elementor-element elementor-element-597fe276 elementor-widget elementor-widget-spacer\" data-id=\"597fe276\" data-element_type=\"widget\" data-e-type=\"widget\" data-widget_type=\"spacer.default\">\n\t\t\t\t<div class=\"elementor-widget-container\">\n\t\t\t\t\t\t\t<div class=\"elementor-spacer\">\n\t\t\t<div class=\"elementor-spacer-inner\"><\/div>\n\t\t<\/div>\n\t\t\t\t\t\t<\/div>\n\t\t\t\t<\/div>\n\t\t\t\t\t<\/div>\n\t\t\t\t<\/div>\n\t\t<div class=\"elementor-element elementor-element-676601bd e-con-full e-flex e-con e-parent\" data-id=\"676601bd\" data-element_type=\"container\" data-e-type=\"container\" id=\"newsletter\" data-settings=\"{&quot;background_background&quot;:&quot;classic&quot;,&quot;_ha_eqh_enable&quot;:false}\">\n\t\t<div class=\"elementor-element elementor-element-259f8f88 e-flex e-con-boxed e-con e-child\" data-id=\"259f8f88\" data-element_type=\"container\" data-e-type=\"container\" data-settings=\"{&quot;_ha_eqh_enable&quot;:false}\">\n\t\t\t\t\t<div class=\"e-con-inner\">\n\t\t\t\t<div class=\"elementor-element elementor-element-50d06ab3 elementor-widget elementor-widget-text-editor\" data-id=\"50d06ab3\" data-element_type=\"widget\" data-e-type=\"widget\" data-widget_type=\"text-editor.default\">\n\t\t\t\t<div class=\"elementor-widget-container\">\n\t\t\t\t\t\t\t\t\t<div class=\"info_newsletter\"><div class=\"title\"><img decoding=\"async\" class=\"\" src=\"https:\/\/vimafoods.com\/wp-content\/uploads\/2024\/08\/icon-newsletter.svg\" alt=\"\" \/><strong>NEWSLETTER<\/strong><\/div><div class=\"description\"><p>Suscr\u00edbete y descubre nuestros\u2028productos, recetas y m\u00e1s.<\/p><\/div><\/div>\t\t\t\t\t\t\t\t<\/div>\n\t\t\t\t<\/div>\n\t\t\t\t\t<\/div>\n\t\t\t\t<\/div>\n\t\t<div class=\"elementor-element elementor-element-429bf89f e-flex e-con-boxed e-con e-child\" data-id=\"429bf89f\" data-element_type=\"container\" data-e-type=\"container\" data-settings=\"{&quot;_ha_eqh_enable&quot;:false}\">\n\t\t\t\t\t<div class=\"e-con-inner\">\n\t\t\t\t<div class=\"elementor-element elementor-element-32ec24e4 elementor-button-align-center elementor-widget elementor-widget-form\" data-id=\"32ec24e4\" data-element_type=\"widget\" data-e-type=\"widget\" data-settings=\"{&quot;button_width&quot;:&quot;20&quot;,&quot;step_next_label&quot;:&quot;Next&quot;,&quot;step_previous_label&quot;:&quot;Previous&quot;,&quot;button_width_mobile&quot;:&quot;100&quot;,&quot;step_type&quot;:&quot;number_text&quot;,&quot;step_icon_shape&quot;:&quot;circle&quot;}\" data-widget_type=\"form.default\">\n\t\t\t\t<div class=\"elementor-widget-container\">\n\t\t\t\t\t\t\t<form class=\"elementor-form\" method=\"post\" name=\"News\" aria-label=\"News\">\n\t\t\t<input type=\"hidden\" name=\"post_id\" value=\"11113\"\/>\n\t\t\t<input type=\"hidden\" name=\"form_id\" value=\"32ec24e4\"\/>\n\t\t\t<input type=\"hidden\" name=\"referer_title\" value=\"Salm\u00f3n laqueado estilo asi\u00e1tico\" \/>\n\n\t\t\t\t\t\t\t<input type=\"hidden\" name=\"queried_id\" value=\"11113\"\/>\n\t\t\t\n\t\t\t<div class=\"elementor-form-fields-wrapper elementor-labels-\">\n\t\t\t\t\t\t\t\t<div class=\"elementor-field-type-text elementor-field-group elementor-column elementor-field-group-name elementor-col-20\">\n\t\t\t\t\t\t\t\t\t\t\t\t<label for=\"form-field-name\" class=\"elementor-field-label elementor-screen-only\">\n\t\t\t\t\t\t\t\tNombre\t\t\t\t\t\t\t<\/label>\n\t\t\t\t\t\t\t\t\t\t\t\t\t\t<input size=\"1\" type=\"text\" name=\"form_fields[name]\" id=\"form-field-name\" class=\"elementor-field elementor-size-lg  elementor-field-textual\" placeholder=\"Nombre\">\n\t\t\t\t\t\t\t\t\t\t\t<\/div>\n\t\t\t\t\t\t\t\t<div class=\"elementor-field-type-email elementor-field-group elementor-column elementor-field-group-email elementor-col-60 elementor-field-required\">\n\t\t\t\t\t\t\t\t\t\t\t\t<label for=\"form-field-email\" class=\"elementor-field-label elementor-screen-only\">\n\t\t\t\t\t\t\t\tCorreo electr\u00f3nico\t\t\t\t\t\t\t<\/label>\n\t\t\t\t\t\t\t\t\t\t\t\t\t\t<input size=\"1\" type=\"email\" name=\"form_fields[email]\" id=\"form-field-email\" class=\"elementor-field elementor-size-lg  elementor-field-textual\" placeholder=\"Correo electr\u00f3nico\" required=\"required\">\n\t\t\t\t\t\t\t\t\t\t\t<\/div>\n\t\t\t\t\t\t\t\t<div class=\"elementor-field-group elementor-column elementor-field-type-submit elementor-col-20 e-form__buttons elementor-sm-100\">\n\t\t\t\t\t<button class=\"elementor-button elementor-size-sm\" type=\"submit\">\n\t\t\t\t\t\t<span class=\"elementor-button-content-wrapper\">\n\t\t\t\t\t\t\t\t\t\t\t\t\t\t\t\t\t\t\t\t\t\t<span class=\"elementor-button-text\">Enviar<\/span>\n\t\t\t\t\t\t\t\t\t\t\t\t\t<\/span>\n\t\t\t\t\t<\/button>\n\t\t\t\t<\/div>\n\t\t\t<\/div>\n\t\t<\/form>\n\t\t\t\t\t\t<\/div>\n\t\t\t\t<\/div>\n\t\t\t\t\t<\/div>\n\t\t\t\t<\/div>\n\t\t\t\t<\/div>\n\t\t\t\t<\/div>\n\t\t","protected":false},"excerpt":{"rendered":"<p>30 MINTIEMPO DE PREPARACI\u00d3N 10 MINTIEMPO DE COCCI\u00d3N \u00a040 M TIEMPO TOTAL 4RACIONES Platos principales Salm\u00f3n laqueado estilo asi\u00e1tico COCINA: \u00a0Asia Oriental Ingredientes \u00a0 Para Para la salsa 250\u00a0ml\u00a0salsa ponzu 50\u00a0ml\u00a0miel 25\u00a0g\u00a0pasta de miso siro 1\u00a0cup\u00a0jugo de naranja agria 1\u00a0cup\u00a0aceite de jengibre Para el salm\u00f3n 1\u00a0kg\u00a0filete de salm\u00f3n atl\u00e1ntico Vima 10\u00a0g\u00a0sal gruesa marina 2\u00a0g\u00a0pimienta rosa [&hellip;]<\/p>\n","protected":false},"author":1,"featured_media":6198,"parent":0,"menu_order":0,"comment_status":"closed","ping_status":"closed","template":"","meta":{"nf_dc_page":"","footnotes":""},"class_list":["post-11113","page","type-page","status-publish","has-post-thumbnail","hentry"],"blocksy_meta":[],"_links":{"self":[{"href":"https:\/\/vimafoods.com\/eng\/wp-json\/wp\/v2\/pages\/11113","targetHints":{"allow":["GET"]}}],"collection":[{"href":"https:\/\/vimafoods.com\/eng\/wp-json\/wp\/v2\/pages"}],"about":[{"href":"https:\/\/vimafoods.com\/eng\/wp-json\/wp\/v2\/types\/page"}],"author":[{"embeddable":true,"href":"https:\/\/vimafoods.com\/eng\/wp-json\/wp\/v2\/users\/1"}],"replies":[{"embeddable":true,"href":"https:\/\/vimafoods.com\/eng\/wp-json\/wp\/v2\/comments?post=11113"}],"version-history":[{"count":0,"href":"https:\/\/vimafoods.com\/eng\/wp-json\/wp\/v2\/pages\/11113\/revisions"}],"wp:featuredmedia":[{"embeddable":true,"href":"https:\/\/vimafoods.com\/eng\/wp-json\/wp\/v2\/media\/6198"}],"wp:attachment":[{"href":"https:\/\/vimafoods.com\/eng\/wp-json\/wp\/v2\/media?parent=11113"}],"curies":[{"name":"wp","href":"https:\/\/api.w.org\/{rel}","templated":true}]}}