{"id":11065,"date":"2024-09-12T18:32:12","date_gmt":"2024-09-12T16:32:12","guid":{"rendered":"https:\/\/dms.nmb.mybluehost.me\/?page_id=11065"},"modified":"2024-09-30T19:39:10","modified_gmt":"2024-09-30T17:39:10","slug":"dorado-a-la-parrilla-con-salsa-de-miel-y-limon","status":"publish","type":"page","link":"https:\/\/vimafoods.com\/eng\/dorado-a-la-parrilla-con-salsa-de-miel-y-limon\/","title":{"rendered":"Dorado a la parrilla con salsa de miel y lim\u00f3n"},"content":{"rendered":"\t\t<div data-elementor-type=\"wp-page\" data-elementor-id=\"11065\" class=\"elementor elementor-11065\" data-elementor-settings=\"{&quot;ha_cmc_init_switcher&quot;:&quot;no&quot;}\" data-elementor-post-type=\"page\">\n\t\t\t\t<div class=\"elementor-element elementor-element-e30064 e-grid e-con-full e-con e-parent\" data-id=\"e30064\" data-element_type=\"container\" data-e-type=\"container\" data-settings=\"{&quot;_ha_eqh_enable&quot;:false}\">\n\t\t\t\t<div class=\"elementor-element elementor-element-7e09fc01 elementor-widget elementor-widget-image\" data-id=\"7e09fc01\" data-element_type=\"widget\" data-e-type=\"widget\" id=\"background-recipe\" data-widget_type=\"image.default\">\n\t\t\t\t<div class=\"elementor-widget-container\">\n\t\t\t\t\t\t\t\t\t\t\t\t\t\t\t<img loading=\"lazy\" decoding=\"async\" width=\"1920\" height=\"1080\" src=\"https:\/\/vimafoods.com\/wp-content\/uploads\/2024\/09\/Dorado-a-la-parrilla-con-salsa-de-miel-y-limon.png\" class=\"attachment-full size-full wp-image-6192\" alt=\"\" srcset=\"https:\/\/vimafoods.com\/wp-content\/uploads\/2024\/09\/Dorado-a-la-parrilla-con-salsa-de-miel-y-limon.png 1920w, https:\/\/vimafoods.com\/wp-content\/uploads\/2024\/09\/Dorado-a-la-parrilla-con-salsa-de-miel-y-limon-300x169.png 300w, https:\/\/vimafoods.com\/wp-content\/uploads\/2024\/09\/Dorado-a-la-parrilla-con-salsa-de-miel-y-limon-1024x576.png 1024w, https:\/\/vimafoods.com\/wp-content\/uploads\/2024\/09\/Dorado-a-la-parrilla-con-salsa-de-miel-y-limon-768x432.png 768w, https:\/\/vimafoods.com\/wp-content\/uploads\/2024\/09\/Dorado-a-la-parrilla-con-salsa-de-miel-y-limon-1536x864.png 1536w\" sizes=\"auto, (max-width: 1920px) 100vw, 1920px\" \/>\t\t\t\t\t\t\t\t\t\t\t\t\t\t\t<\/div>\n\t\t\t\t<\/div>\n\t\t\t\t<div class=\"elementor-element elementor-element-eb4db73 elementor-widget elementor-widget-text-editor\" data-id=\"eb4db73\" data-element_type=\"widget\" data-e-type=\"widget\" data-widget_type=\"text-editor.default\">\n\t\t\t\t<div class=\"elementor-widget-container\">\n\t\t\t\t\t\t\t\t\t<div class=\"container_recipe\">\n<ul class=\"data_recipe\">\n<li class=\"info\"><span class=\"block-text num-text\">30 <span class=\"min-text light-text\">MIN<\/span><\/span><span class=\"block-text\">TIEMPO DE PREPARACI\u00d3N<\/span><\/li>\n<li class=\"info\"><span class=\"block-text num-text\">15 <span class=\"min-text light-text\">MIN<\/span><\/span><span class=\"block-text\">TIEMPO DE COCCI\u00d3N<\/span><\/li>\n<li class=\"info\"><span class=\"block-text num-text\">&nbsp;45 <span class=\"min-text light-text\">M <\/span><\/span><span class=\"block-text\">TIEMPO TOTAL<\/span><\/li>\n<li class=\"info\"><span class=\"block-text num-text\">4<\/span><span class=\"block-text\">RACIONES<\/span><\/li>\n<\/ul>\n<div class=\"recipe_info\">\n<p class=\"category\"><span style=\"font-weight: 400;\">Platos principales<\/span><\/p>\n<h1 class=\"name\"><b>Dorado a la parrilla con salsa de miel y lim\u00f3n<\/b><\/h1>\n<p class=\"origin\"><strong>COCINA:<\/strong> <span style=\"font-weight: 400;\">Hawaii, Polin\u00e9sica<\/span><\/p>\n<div class=\"divider\">\n<p class=\"title\">Ingredientes<\/p>\n<p>\t<span class=\"line\">&nbsp;<\/span><b><\/b><\/p>\n<\/div>\n<ul class=\"list_recipe\">\n<li style=\"font-weight: 400;\" aria-level=\"1\"><span style=\"font-weight: 400;\">1&nbsp;kg&nbsp;<\/span><a href=\"https:\/\/vimafoods.com\/producto\/dorado\"><span style=\"font-weight: 400;\">filete de dorado o Mahi Mahi Vima.<\/span><\/a><\/li>\n<li style=\"font-weight: 400;\" aria-level=\"1\"><span style=\"font-weight: 400;\">200&nbsp;g&nbsp;pi\u00f1a en alm\u00edbar Vima<\/span><\/li>\n<li style=\"font-weight: 400;\" aria-level=\"1\"><span style=\"font-weight: 400;\">100&nbsp;g&nbsp;<\/span><a href=\"https:\/\/vimafoods.com\/producto\/mantequilla\"><span style=\"font-weight: 400;\">mantequilla con sal<\/span><\/a><\/li>\n<li style=\"font-weight: 400;\" aria-level=\"1\"><span style=\"font-weight: 400;\">20&nbsp;g&nbsp;harina de trigo<\/span><\/li>\n<li style=\"font-weight: 400;\" aria-level=\"1\"><span style=\"font-weight: 400;\">150&nbsp;g&nbsp;<\/span><a href=\"https:\/\/vimafoods.com\/producto\/cebolla\"><span style=\"font-weight: 400;\">cebolla blanca<\/span><\/a><\/li>\n<li style=\"font-weight: 400;\" aria-level=\"1\"><span style=\"font-weight: 400;\">50&nbsp;ml&nbsp;vino blanco<\/span><\/li>\n<li style=\"font-weight: 400;\" aria-level=\"1\"><span style=\"font-weight: 400;\">1&nbsp;cup&nbsp;jugo de lim\u00f3n<\/span><\/li>\n<li style=\"font-weight: 400;\" aria-level=\"1\"><span style=\"font-weight: 400;\">1&nbsp;cup&nbsp;miel de abeja<\/span><\/li>\n<li style=\"font-weight: 400;\" aria-level=\"1\"><span style=\"font-weight: 400;\">1&nbsp;cup&nbsp;perejil fresco picado<\/span><\/li>\n<li style=\"font-weight: 400;\" aria-level=\"1\"><span style=\"font-weight: 400;\">2&nbsp;g&nbsp;sal<\/span><\/li>\n<\/ul>\n<p class=\"sub-title\"><b>Para el risotto de ma\u00edz y guisantes<\/b><\/p>\n<ul class=\"list_recipe\">\n<li style=\"font-weight: 400;\" aria-level=\"1\"><span style=\"font-weight: 400;\">250&nbsp;g&nbsp;arroz arborio<\/span><\/li>\n<li style=\"font-weight: 400;\" aria-level=\"1\"><span style=\"font-weight: 400;\">500&nbsp;ml&nbsp;caldo de ave clarificado<\/span><\/li>\n<li style=\"font-weight: 400;\" aria-level=\"1\"><span style=\"font-weight: 400;\">50&nbsp;g&nbsp;<\/span><a href=\"https:\/\/vimafoods.com\/producto\/maiz-dulce\"><span style=\"font-weight: 400;\">ma\u00edz congelado Vima<\/span><\/a><\/li>\n<li aria-level=\"1\"><span style=\"font-weight: 400;\">50&nbsp;g&nbsp;<\/span><a href=\"https:\/\/vimafoods.com\/producto\/maiz-dulce\"><span style=\"font-weight: 400;\">guisantes congelados Vima<\/span><\/a><\/li>\n<li aria-level=\"1\"><span style=\"font-weight: 400;\">25&nbsp;g&nbsp;<\/span><a href=\"https:\/\/vimafoods.com\/producto\/mantequilla\"><span style=\"font-weight: 400;\">mantequilla<\/span><\/a><\/li>\n<li aria-level=\"1\"><span style=\"font-weight: 400;\">1&nbsp;cup&nbsp;nata fresca<\/span><\/li>\n<li aria-level=\"1\"><span style=\"font-weight: 400;\">100&nbsp;g&nbsp;<\/span><a href=\"https:\/\/vimafoods.com\/producto\/rallado-tipo-parmesano\"><span style=\"font-weight: 400;\">parmesano reggiano rallado Vima<\/span><\/a><\/li>\n<li aria-level=\"1\"><span style=\"font-weight: 400;\">20&nbsp;g&nbsp;<\/span><a href=\"https:\/\/vimafoods.com\/producto\/queso-azul\"><span style=\"font-weight: 400;\">queso azul dan\u00e9s Vima<\/span><\/a><\/li>\n<\/ul>\n<div class=\"divider\">\n<p class=\"title\">Elaboraci\u00f3n paso a paso<\/p>\n<p>\t<span class=\"line\">&nbsp; <\/span><\/p>\n<\/div>\n<p class=\"sub-title\"><strong><b>Pre elaboraci\u00f3n<\/b><\/strong><\/p>\n<ul class=\"list_recipe\">\n<li style=\"font-weight: 400;\" aria-level=\"1\"><span style=\"font-weight: 400;\">Cocer unas pechugas de pollo en agua durante 25 minutos para obtener un caldo. Las pechugas pueden usarse despu\u00e9s para otras recetas.<\/span><\/li>\n<li style=\"font-weight: 400;\" aria-level=\"1\"><span style=\"font-weight: 400;\">En el caldo colado, cocer los guisantes y ma\u00edz durante 5 minutos, reservar por separado.<\/span><\/li>\n<li style=\"font-weight: 400;\" aria-level=\"1\"><span style=\"font-weight: 400;\">Descongelar el pescado en rejilla y en refrigeraci\u00f3n 1 d\u00eda antes, una vez descongelado quitar la piel con la ayuda de un cuchillo.<\/span><\/li>\n<li style=\"font-weight: 400;\" aria-level=\"1\"><span style=\"font-weight: 400;\">Picar la cebolla y la pi\u00f1a en cuadritos.<\/span><\/li>\n<\/ul>\n<p class=\"sub-title\"><strong><b>Preparaci\u00f3n de&nbsp;la salsa<\/b><\/strong><\/p>\n<ul class=\"list_recipe\">\n<li style=\"font-weight: 400;\" aria-level=\"1\"><span style=\"font-weight: 400;\">Rehogar la cebolla y la pi\u00f1a en la mantequilla, a\u00f1adir y cocinar la harina, mezclar el vino blanco y el jugo de lim\u00f3n, agregar a la mezcla y cocer durante 1 minuto.<\/span><\/li>\n<li style=\"font-weight: 400;\" aria-level=\"1\"><span style=\"font-weight: 400;\">A\u00f1adir y cocer la nata hasta espesar y, fuera del fuego, a\u00f1adir el perejil picado. Reservar.<\/span><\/li>\n<\/ul>\n<p class=\"sub-title\"><b>Preparaci\u00f3n del risotto<\/b><\/p>\n<ul class=\"list_recipe\">\n<li style=\"font-weight: 400;\" aria-level=\"1\"><span style=\"font-weight: 400;\">Rehogar la cebolla picada fina en la mantequilla, a\u00f1adir el arroz y seguido el caldo hirviendo poco a poco hasta cocer casi por completo.<\/span><\/li>\n<li style=\"font-weight: 400;\" aria-level=\"1\"><span style=\"font-weight: 400;\">A\u00f1adir al final los vegetales, mantequilla, crema y queso rallado, y mover hasta ligarlo todo por completo al fuego. Sazonar al gusto y apartar.<\/span><\/li>\n<\/ul>\n<p class=\"sub-title\"><b>Preparaci\u00f3n del pescado<\/b><\/p>\n<ul class=\"list_recipe\">\n<li style=\"font-weight: 400;\" aria-level=\"1\"><span style=\"font-weight: 400;\">Sazonar con sal y pimienta blanca, y hacer en plancha o sart\u00e9n caliente, a\u00f1adiendo al darle la vuelta la salsa y cocinarlo con ella 1 min.<\/span><\/li>\n<\/ul>\n<div class=\"divider\">\n<p class=\"title\"><strong><b>Montaje<\/b>:<\/strong><\/p>\n<p>\t<span class=\"line\">&nbsp; <\/span><\/p>\n<\/div>\n<ul class=\"list_recipe\">\n<li style=\"font-weight: 400;\" aria-level=\"1\"><span style=\"font-weight: 400;\">Opci\u00f3n 1: Poner el risotto en el plato y encima el pescado salseando por encima al gusto.<\/span><\/li>\n<li style=\"font-weight: 400;\" aria-level=\"1\"><span style=\"font-weight: 400;\">Opci\u00f3n 2: Poner el pescado en plato limpio con su salsa y guarnecer el risotto a parte al centro o en un cuenco.<\/span><\/li>\n<\/ul>\n<p class=\"origin\"><strong>VIDEO:<\/strong> https:\/\/youtu.be\/04a_lG5ToRk<\/p>\n<p class=\"origin\"><strong>KEYWORDS:<\/strong> <span style=\"font-weight: 400;\"> dorado, parrilla<\/span><\/p>\n<div class=\"share_recipe\">\n<ul class=\"share_recipe_links\">\n<li class=\"txt_share\">Comparte<\/li>\n<li class=\"network\"><a href=\"#\"><img decoding=\"async\" src=\"\/wp-content\/uploads\/2024\/09\/icon-facebook.png\" alt=\"\"><\/a><\/li>\n<li class=\"network\"><a href=\"#\"><img decoding=\"async\" src=\"\/wp-content\/uploads\/2024\/09\/icon-x.png\" alt=\"\"><\/a><\/li>\n<li class=\"network\"><a href=\"#\"><img decoding=\"async\" src=\"\/wp-content\/uploads\/2024\/09\/icon-pinterest.png\" alt=\"\"><\/a><\/li>\n<li class=\"network\"><a href=\"#\"><img decoding=\"async\" src=\"\/wp-content\/uploads\/2024\/09\/icon-mail.png\" alt=\"\"><\/a><\/li>\n<li class=\"network\"><a href=\"#\"><img decoding=\"async\" src=\"\/wp-content\/uploads\/2024\/09\/icon-print.png\" alt=\"\"><\/a><\/li>\n<\/ul>\n<\/div>\n<\/div>\n<\/div>\t\t\t\t\t\t\t\t<\/div>\n\t\t\t\t<\/div>\n\t\t\t\t<\/div>\n\t\t<div class=\"elementor-element elementor-element-3146caaf e-flex e-con-boxed e-con e-parent\" data-id=\"3146caaf\" data-element_type=\"container\" data-e-type=\"container\" data-settings=\"{&quot;_ha_eqh_enable&quot;:false}\">\n\t\t\t\t\t<div class=\"e-con-inner\">\n\t\t\t\t<div class=\"elementor-element elementor-element-5c2a6b48 elementor-widget elementor-widget-spacer\" data-id=\"5c2a6b48\" data-element_type=\"widget\" data-e-type=\"widget\" data-widget_type=\"spacer.default\">\n\t\t\t\t<div class=\"elementor-widget-container\">\n\t\t\t\t\t\t\t<div class=\"elementor-spacer\">\n\t\t\t<div class=\"elementor-spacer-inner\"><\/div>\n\t\t<\/div>\n\t\t\t\t\t\t<\/div>\n\t\t\t\t<\/div>\n\t\t\t\t\t<\/div>\n\t\t\t\t<\/div>\n\t\t<div class=\"elementor-element elementor-element-1bdb8274 e-con-full e-flex e-con e-parent\" data-id=\"1bdb8274\" data-element_type=\"container\" data-e-type=\"container\" id=\"newsletter\" data-settings=\"{&quot;background_background&quot;:&quot;classic&quot;,&quot;_ha_eqh_enable&quot;:false}\">\n\t\t<div class=\"elementor-element elementor-element-2b154f41 e-flex e-con-boxed e-con e-child\" data-id=\"2b154f41\" data-element_type=\"container\" data-e-type=\"container\" data-settings=\"{&quot;_ha_eqh_enable&quot;:false}\">\n\t\t\t\t\t<div class=\"e-con-inner\">\n\t\t\t\t<div class=\"elementor-element elementor-element-5f6c877f elementor-widget elementor-widget-text-editor\" data-id=\"5f6c877f\" data-element_type=\"widget\" data-e-type=\"widget\" data-widget_type=\"text-editor.default\">\n\t\t\t\t<div class=\"elementor-widget-container\">\n\t\t\t\t\t\t\t\t\t<div class=\"info_newsletter\">\n<div class=\"title\"><img decoding=\"async\" class=\"\" src=\"https:\/\/vimafoods.com\/wp-content\/uploads\/2024\/08\/icon-newsletter.svg\" alt=\"\"><strong>NEWSLETTER<\/strong><\/div>\n<div class=\"description\">\n<p>Suscr\u00edbete y descubre nuestros\u2028productos, recetas y m\u00e1s.<\/p>\n<\/div>\n<\/div>\t\t\t\t\t\t\t\t<\/div>\n\t\t\t\t<\/div>\n\t\t\t\t\t<\/div>\n\t\t\t\t<\/div>\n\t\t<div class=\"elementor-element elementor-element-4a04f550 e-flex e-con-boxed e-con e-child\" data-id=\"4a04f550\" data-element_type=\"container\" data-e-type=\"container\" data-settings=\"{&quot;_ha_eqh_enable&quot;:false}\">\n\t\t\t\t\t<div class=\"e-con-inner\">\n\t\t\t\t<div class=\"elementor-element elementor-element-449de4d2 elementor-button-align-center elementor-widget elementor-widget-form\" data-id=\"449de4d2\" data-element_type=\"widget\" data-e-type=\"widget\" data-settings=\"{&quot;button_width&quot;:&quot;20&quot;,&quot;step_next_label&quot;:&quot;Next&quot;,&quot;step_previous_label&quot;:&quot;Previous&quot;,&quot;button_width_mobile&quot;:&quot;100&quot;,&quot;step_type&quot;:&quot;number_text&quot;,&quot;step_icon_shape&quot;:&quot;circle&quot;}\" data-widget_type=\"form.default\">\n\t\t\t\t<div class=\"elementor-widget-container\">\n\t\t\t\t\t\t\t<form class=\"elementor-form\" method=\"post\" name=\"News\" aria-label=\"News\">\n\t\t\t<input type=\"hidden\" name=\"post_id\" value=\"11065\"\/>\n\t\t\t<input type=\"hidden\" name=\"form_id\" value=\"449de4d2\"\/>\n\t\t\t<input type=\"hidden\" name=\"referer_title\" value=\"Dorado a la parrilla con salsa de miel y lim\u00f3n\" \/>\n\n\t\t\t\t\t\t\t<input type=\"hidden\" name=\"queried_id\" value=\"11065\"\/>\n\t\t\t\n\t\t\t<div class=\"elementor-form-fields-wrapper elementor-labels-\">\n\t\t\t\t\t\t\t\t<div class=\"elementor-field-type-text elementor-field-group elementor-column elementor-field-group-name elementor-col-20\">\n\t\t\t\t\t\t\t\t\t\t\t\t<label for=\"form-field-name\" class=\"elementor-field-label elementor-screen-only\">\n\t\t\t\t\t\t\t\tNombre\t\t\t\t\t\t\t<\/label>\n\t\t\t\t\t\t\t\t\t\t\t\t\t\t<input size=\"1\" type=\"text\" name=\"form_fields[name]\" id=\"form-field-name\" class=\"elementor-field elementor-size-lg  elementor-field-textual\" placeholder=\"Nombre\">\n\t\t\t\t\t\t\t\t\t\t\t<\/div>\n\t\t\t\t\t\t\t\t<div class=\"elementor-field-type-email elementor-field-group elementor-column elementor-field-group-email elementor-col-60 elementor-field-required\">\n\t\t\t\t\t\t\t\t\t\t\t\t<label for=\"form-field-email\" class=\"elementor-field-label elementor-screen-only\">\n\t\t\t\t\t\t\t\tCorreo electr\u00f3nico\t\t\t\t\t\t\t<\/label>\n\t\t\t\t\t\t\t\t\t\t\t\t\t\t<input size=\"1\" type=\"email\" name=\"form_fields[email]\" id=\"form-field-email\" class=\"elementor-field elementor-size-lg  elementor-field-textual\" placeholder=\"Correo electr\u00f3nico\" required=\"required\">\n\t\t\t\t\t\t\t\t\t\t\t<\/div>\n\t\t\t\t\t\t\t\t<div class=\"elementor-field-group elementor-column elementor-field-type-submit elementor-col-20 e-form__buttons elementor-sm-100\">\n\t\t\t\t\t<button class=\"elementor-button elementor-size-sm\" type=\"submit\">\n\t\t\t\t\t\t<span class=\"elementor-button-content-wrapper\">\n\t\t\t\t\t\t\t\t\t\t\t\t\t\t\t\t\t\t\t\t\t\t<span class=\"elementor-button-text\">Enviar<\/span>\n\t\t\t\t\t\t\t\t\t\t\t\t\t<\/span>\n\t\t\t\t\t<\/button>\n\t\t\t\t<\/div>\n\t\t\t<\/div>\n\t\t<\/form>\n\t\t\t\t\t\t<\/div>\n\t\t\t\t<\/div>\n\t\t\t\t\t<\/div>\n\t\t\t\t<\/div>\n\t\t\t\t<\/div>\n\t\t\t\t<\/div>\n\t\t","protected":false},"excerpt":{"rendered":"<p>30 MINTIEMPO DE PREPARACI\u00d3N 15 MINTIEMPO DE COCCI\u00d3N &nbsp;45 M TIEMPO TOTAL 4RACIONES Platos principales Dorado a la parrilla con salsa de miel y lim\u00f3n COCINA: Hawaii, Polin\u00e9sica Ingredientes &nbsp; 1&nbsp;kg&nbsp;filete de dorado o Mahi Mahi Vima. 200&nbsp;g&nbsp;pi\u00f1a en alm\u00edbar Vima 100&nbsp;g&nbsp;mantequilla con sal 20&nbsp;g&nbsp;harina de trigo 150&nbsp;g&nbsp;cebolla blanca 50&nbsp;ml&nbsp;vino blanco 1&nbsp;cup&nbsp;jugo de lim\u00f3n 1&nbsp;cup&nbsp;miel [&hellip;]<\/p>\n","protected":false},"author":1,"featured_media":6192,"parent":0,"menu_order":0,"comment_status":"closed","ping_status":"closed","template":"","meta":{"nf_dc_page":"","footnotes":""},"class_list":["post-11065","page","type-page","status-publish","has-post-thumbnail","hentry"],"blocksy_meta":[],"_links":{"self":[{"href":"https:\/\/vimafoods.com\/eng\/wp-json\/wp\/v2\/pages\/11065","targetHints":{"allow":["GET"]}}],"collection":[{"href":"https:\/\/vimafoods.com\/eng\/wp-json\/wp\/v2\/pages"}],"about":[{"href":"https:\/\/vimafoods.com\/eng\/wp-json\/wp\/v2\/types\/page"}],"author":[{"embeddable":true,"href":"https:\/\/vimafoods.com\/eng\/wp-json\/wp\/v2\/users\/1"}],"replies":[{"embeddable":true,"href":"https:\/\/vimafoods.com\/eng\/wp-json\/wp\/v2\/comments?post=11065"}],"version-history":[{"count":0,"href":"https:\/\/vimafoods.com\/eng\/wp-json\/wp\/v2\/pages\/11065\/revisions"}],"wp:featuredmedia":[{"embeddable":true,"href":"https:\/\/vimafoods.com\/eng\/wp-json\/wp\/v2\/media\/6192"}],"wp:attachment":[{"href":"https:\/\/vimafoods.com\/eng\/wp-json\/wp\/v2\/media?parent=11065"}],"curies":[{"name":"wp","href":"https:\/\/api.w.org\/{rel}","templated":true}]}}